{"id":1018,"date":"2026-03-30T15:43:30","date_gmt":"2026-03-30T15:43:30","guid":{"rendered":"https:\/\/studysafe.travel\/?page_id=1018"},"modified":"2026-04-27T11:59:18","modified_gmt":"2026-04-27T11:59:18","slug":"informacion-importante","status":"publish","type":"page","link":"https:\/\/studysafe.travel\/es\/im-going-to-ireland\/language-school-students\/first-registration\/important-information\/","title":{"rendered":"Informaci\u00f3n importante\u00a0"},"content":{"rendered":"<link rel=\"stylesheet\" href=\"https:\/\/fonts.googleapis.com\/css2?family=Geist:wght@400;500;600;700;800\" \/>\n<div class=\"wp-block-group has-background is-layout-constrained wp-container-core-group-is-layout-eb65c542 wp-block-group-is-layout-constrained\" style=\"background:linear-gradient(135deg,rgb(243,248,255) 46%,rgb(255,243,243) 100%);margin-top:0;margin-bottom:0;padding-top:80px;padding-right:26px;padding-bottom:100px;padding-left:26px;font-size:16px;font-style:normal;font-weight:400;line-height:1.6; font-family: 'Geist' !important;\">\n\n\n<div style=\"height:25px\" aria-hidden=\"true\" class=\"wp-block-spacer\"><\/div>\n\n\n\n<div class=\"wp-block-columns alignwide is-layout-flex wp-container-core-columns-is-layout-f74a9aa3 wp-block-columns-is-layout-flex\" style=\"margin-top:0;margin-bottom:0;padding-top:0;padding-right:0;padding-bottom:0;padding-left:0\">\n<div class=\"wp-block-column is-vertically-aligned-top is-layout-flow wp-container-core-column-is-layout-a77db08e wp-block-column-is-layout-flow cozy-animation__initialized\">\n<figure class=\"wp-block-image size-full has-custom-border cozy-responsive-show__initialized cozy-hover-effect__initialized\" style=\"\" data-desktop-show=\"1\" data-tablet-show=\"\" data-tablet-viewport-width=\"980\" data-mobile-show=\"\" data-mobile-viewport-width=\"767\"><img loading=\"lazy\" decoding=\"async\" width=\"600\" height=\"600\" src=\"https:\/\/studysafe.travel\/wp-content\/uploads\/2026\/02\/study-travel-about-us.png\" alt=\"\" class=\"wp-image-388\" style=\"border-style:none;border-width:0px;border-top-left-radius:0px;border-top-right-radius:0px;border-bottom-left-radius:0px;border-bottom-right-radius:0px\" srcset=\"https:\/\/studysafe.travel\/wp-content\/uploads\/2026\/02\/study-travel-about-us.png 600w, https:\/\/studysafe.travel\/wp-content\/uploads\/2026\/02\/study-travel-about-us-300x300.png 300w, https:\/\/studysafe.travel\/wp-content\/uploads\/2026\/02\/study-travel-about-us-150x150.png 150w\" sizes=\"auto, (max-width: 600px) 100vw, 600px\" \/><\/figure>\n<\/div>\n\n\n<link rel=\"stylesheet\" href=\"https:\/\/fonts.googleapis.com\/css2?family=Geist:wght@400;500;600;700;800\" \/>\n<div class=\"wp-block-column is-content-justification-left is-layout-constrained wp-container-core-column-is-layout-e710f4ca wp-block-column-is-layout-constrained\" style=\"flex-basis:55%; font-family: 'Geist' !important;\">\n<div class=\"wp-block-group is-nowrap is-layout-flex wp-container-core-group-is-layout-ecba6b92 wp-block-group-is-layout-flex\" style=\"margin-top:0;margin-bottom:0\">\n<p class=\"has-text-align-center has-text-color has-background has-link-color wp-elements-3681a0e956b2a7df4a189e75f245bbc5\" style=\"border-radius:100px;color:#ff8a1f;background-color:#ffe1c5;padding-top:6px;padding-right:16px;padding-bottom:6px;padding-left:16px;font-size:14px;font-style:normal;font-weight:500\">Todo lo que necesitas antes de reservar<\/p>\n<\/div>\n\n\n\n<h2 class=\"wp-block-heading has-text-color has-link-color wp-elements-8396bad35f0e570fc090f5aed91dead4\" style=\"color:#031d1b;margin-top:6px;margin-bottom:16px;font-size:48px;font-style:normal;font-weight:600;line-height:1.2\">Informaci\u00f3n importante y documentos de seguro<\/h2>\n\n\n\n<p class=\"has-text-color has-link-color wp-elements-46e4616856c24d542803735df5f81f82\" style=\"color:#8d8d8e\">Antes de continuar con esta ruta de primera inscripci\u00f3n en Irlanda, lea atentamente la informaci\u00f3n clave a continuaci\u00f3n. Esta p\u00e1gina re\u00fane los puntos de elegibilidad principales, los l\u00edmites importantes del producto, las reglas de soporte y los documentos de seguro que se aplican antes de reservar.<\/p>\n\n\n\n<p class=\"has-text-color has-link-color wp-elements-943b7b9d1de61e03040ad252b1a6ac42\" style=\"color:#8d8d8e\">Esta ruta est\u00e1 dise\u00f1ada para estudiantes internacionales que viajan a Irlanda por primera vez en un programa de A\u00f1o Acad\u00e9mico \/ Estudio y Trabajo a trav\u00e9s de una escuela de idiomas. No se presenta para renovaciones de IRP, segundo a\u00f1o, o segundos\/subsiguientes registros.<\/p>\n\n\n<link rel=\"stylesheet\" href=\"https:\/\/fonts.googleapis.com\/css2?family=Geist:wght@400;500;600;700;800\" \/>\n<div class=\"wp-block-buttons has-custom-font-size is-horizontal is-content-justification-center is-nowrap is-layout-flex wp-container-core-buttons-is-layout-eb04c77a wp-block-buttons-is-layout-flex\" style=\"margin-top:20px;margin-bottom:var(--wp--preset--spacing--30);padding-top:var(--wp--preset--spacing--30);padding-bottom:var(--wp--preset--spacing--30);font-size:16px;font-style:normal;font-weight:400; font-family: 'Geist' !important;\">\n<div class=\"wp-block-button has-custom-width wp-block-button__width-100 is-style-button-hover-white-bgcolor cozy-animation__initialized cozy-button-hover-styles\" style=\"; --cozyButtonBgColorHover: #6f3dff; --cozyButtonColorHover: currentColor; --cozyButtonBorderHover: ; \" data-aos=\"fade-up\" data-aos-easing=\"ease-in\" data-aos-anchor-placement=\"top-bottom\" data-aos-duration=\"600\"><a class=\"wp-block-button__link wp-element-button\" href=\"https:\/\/studysafe.travel\/es\/voy-a-irlanda\/estudiantes-de-idiomas\/primer-registro\/verificar-elegibilidad\/#unlock-booking\">\u00a1Empieza ahora!<\/a><\/div>\n<\/div>\n\n\n<link rel=\"stylesheet\" href=\"https:\/\/fonts.googleapis.com\/css2?family=Geist:wght@400;500;600;700;800\" \/>\n<div class=\"wp-block-buttons has-custom-font-size is-horizontal is-content-justification-left is-nowrap is-layout-flex wp-container-core-buttons-is-layout-3d3318cf wp-block-buttons-is-layout-flex\" style=\"margin-top:20px;margin-bottom:var(--wp--preset--spacing--30);padding-top:var(--wp--preset--spacing--30);padding-bottom:var(--wp--preset--spacing--30);font-size:16px;font-style:normal;font-weight:400; font-family: 'Geist' !important;\">\n<div class=\"wp-block-button has-custom-width wp-block-button__width-50 is-style-button-hover-white-bgcolor cozy-animation__initialized cozy-button-hover-styles\" style=\"; --cozyButtonBgColorHover: #6f3dff; --cozyButtonColorHover: currentColor; --cozyButtonBorderHover: ; \" data-aos=\"fade-up\" data-aos-easing=\"ease-in\" data-aos-anchor-placement=\"top-bottom\" data-aos-duration=\"600\"><a class=\"wp-block-button__link wp-element-button\" href=\"https:\/\/studysafe.travel\/es\/voy-a-irlanda\/estudiantes-de-idiomas\/primer-registro\/verificar-elegibilidad\/#how-we-work\">C\u00f3mo trabajamos<\/a><\/div>\n\n\n\n<div class=\"wp-block-button has-custom-width wp-block-button__width-50 is-style-button-hover-white-bgcolor cozy-animation__initialized cozy-button-hover-styles\" style=\"; --cozyButtonBgColorHover: #6f3dff; --cozyButtonColorHover: currentColor; --cozyButtonBorderHover: ; \" data-aos=\"fade-up\" data-aos-easing=\"ease-in\" data-aos-anchor-placement=\"top-bottom\" data-aos-duration=\"600\"><a class=\"wp-block-button__link wp-element-button\" href=\"https:\/\/studysafe.travel\/es\/voy-a-irlanda\/estudiantes-de-idiomas\/primer-registro\/preguntas-frecuentes\/\">Leer preguntas frecuentes<\/a><\/div>\n<\/div>\n<\/div>\n<\/div>\n<\/div>\n\n\n\n<div class=\"wp-block-group has-background is-layout-constrained wp-container-core-group-is-layout-5c682c5f wp-block-group-is-layout-constrained\" style=\"background-color:#ff8a1f;padding-top:7rem;padding-right:var(--wp--preset--spacing--50);padding-bottom:7rem;padding-left:var(--wp--preset--spacing--50)\"><div class=\"cozy-block-wrapper\">\n<div class=\"cozy-block-accordion icon-view-default icon-layout-fill\" id=\"cozyBlock_092bd943_bd11_4f27_81cb_59399a1023f6\"><div class=\"cozy-accordion-wrapper\">\n<div class=\"cozy-block-accordion-item\" id=\"cozyBlock_\"><div role=\"tab\" aria-expanded=\"true\"><div class=\"cozy-accordion-title\" style=\"display:flex;justify-content:space-between;align-items:center;flex-direction:row\"><h4>Antes de comprar<\/h4><div class=\"accordion-icon-wrapper\"><svg width=\"16\" height=\"16\" viewbox=\"0 0 14 25\" xmlns=\"http:\/\/www.w3.org\/2000\/svg\" aria-hidden=\"true\"><path d=\"M10.8737 12.7121C10.9908 12.595 10.9908 12.405 10.8737 12.2879L1.00502 2.41924C0.887867 2.30208 0.887867 2.11213 1.00502 1.99497L1.99497 1.00502C2.11213 0.887867 2.30208 0.887867 2.41924 1.00502L13.7021 12.2879C13.8192 12.405 13.8192 12.595 13.7021 12.7121L2.41924 23.995C2.30208 24.1121 2.11213 24.1121 1.99497 23.995L1.00502 23.005C0.887867 22.8879 0.887868 22.6979 1.00503 22.5808L10.8737 12.7121Z\"><\/path><\/svg><\/div><\/div><div class=\"cozy-accordion-content\">\n<p>Por favor, lea los siguientes puntos atentamente antes de continuar:<\/p>\n\n\n\n<ul class=\"wp-block-list\">\n<li>Debe tener una visa v\u00e1lida por todo el per\u00edodo de seguro.<\/li>\n\n\n\n<li>Debe tener menos de 75 a\u00f1os en la fecha de inicio de la cobertura.<\/li>\n\n\n\n<li>Si compras despu\u00e9s de que tu viaje haya comenzado, podr\u00eda aplicarse un per\u00edodo de espera de 14 d\u00edas.<\/li>\n\n\n\n<li>No hay portada en tu pa\u00eds de origen.<\/li>\n\n\n\n<li>Las vacaciones cubiertas son solo hasta 21 d\u00edas consecutivos dentro del per\u00edodo de seguro.<\/li>\n\n\n\n<li>Este no es un seguro m\u00e9dico privado. Est\u00e1 dise\u00f1ado principalmente para accidentes o enfermedades graves repentinas que requieran tratamiento de emergencia mientras se encuentre fuera de su pa\u00eds de origen.<\/li>\n<\/ul>\n<\/div><\/div><\/div>\n\n\n\n<div class=\"cozy-block-accordion-item\" id=\"cozyBlock_\"><div role=\"tab\" aria-expanded=\"true\"><div class=\"cozy-accordion-title\" style=\"display:flex;justify-content:space-between;align-items:center;flex-direction:row\"><h4>Datos clave del producto<\/h4><div class=\"accordion-icon-wrapper\"><svg width=\"16\" height=\"16\" viewbox=\"0 0 14 25\" xmlns=\"http:\/\/www.w3.org\/2000\/svg\" aria-hidden=\"true\"><path d=\"M10.8737 12.7121C10.9908 12.595 10.9908 12.405 10.8737 12.2879L1.00502 2.41924C0.887867 2.30208 0.887867 2.11213 1.00502 1.99497L1.99497 1.00502C2.11213 0.887867 2.30208 0.887867 2.41924 1.00502L13.7021 12.2879C13.8192 12.405 13.8192 12.595 13.7021 12.7121L2.41924 23.995C2.30208 24.1121 2.11213 24.1121 1.99497 23.995L1.00502 23.005C0.887867 22.8879 0.887868 22.6979 1.00503 22.5808L10.8737 12.7121Z\"><\/path><\/svg><\/div><\/div><div class=\"cozy-accordion-content\">\n<p>Esta p\u00e1gina se relaciona con la ruta multiriesgo del a\u00f1o acad\u00e9mico de Irlanda que se muestra actualmente en <strong>108,99 \u20ac total<\/strong> en el camino de elegibilidad.<\/p>\n\n\n\n<p>La p\u00f3liza incluye:<\/p>\n\n\n\n<ul class=\"wp-block-list\">\n<li>Gastos m\u00e9dicos de emergencia<\/li>\n\n\n\n<li>Apoyo a la repatriaci\u00f3n<\/li>\n\n\n\n<li>Odontolog\u00eda de emergencia<\/li>\n\n\n\n<li>Beneficio hospitalario<\/li>\n\n\n\n<li>Accidente personal<\/li>\n\n\n\n<li>Responsabilidad personal<\/li>\n\n\n\n<li>Reorganizaci\u00f3n antes de la partida<\/li>\n\n\n\n<li>Beneficio por fallecimiento durante un viaje<\/li>\n<\/ul>\n\n\n\n<p>Todos los beneficios permanecen sujetos a la redacci\u00f3n de la p\u00f3liza, l\u00edmites, exclusiones, condiciones y exceso.<\/p>\n<\/div><\/div><\/div>\n\n\n\n<div class=\"cozy-block-accordion-item\" id=\"cozyBlock_\"><div role=\"tab\" aria-expanded=\"true\"><div class=\"cozy-accordion-title\" style=\"display:flex;justify-content:space-between;align-items:center;flex-direction:row\"><h4>Reclamaciones y soporte de emergencia<\/h4><div class=\"accordion-icon-wrapper\"><svg width=\"16\" height=\"16\" viewbox=\"0 0 14 25\" xmlns=\"http:\/\/www.w3.org\/2000\/svg\" aria-hidden=\"true\"><path d=\"M10.8737 12.7121C10.9908 12.595 10.9908 12.405 10.8737 12.2879L1.00502 2.41924C0.887867 2.30208 0.887867 2.11213 1.00502 1.99497L1.99497 1.00502C2.11213 0.887867 2.30208 0.887867 2.41924 1.00502L13.7021 12.2879C13.8192 12.405 13.8192 12.595 13.7021 12.7121L2.41924 23.995C2.30208 24.1121 2.11213 24.1121 1.99497 23.995L1.00502 23.005C0.887867 22.8879 0.887868 22.6979 1.00503 22.5808L10.8737 12.7121Z\"><\/path><\/svg><\/div><\/div><div class=\"cozy-accordion-content\">\n<p>Si una enfermedad o lesi\u00f3n grave puede requerir hospitalizaci\u00f3n, o si se necesita repatriaci\u00f3n, se debe contactar a asistencia de emergencia lo antes posible.<\/p>\n\n\n\n<p>Para hospitalizaci\u00f3n, la facturaci\u00f3n directa puede ser tramitada una vez autorizada. Para la mayor\u00eda de los tratamientos no hospitalarios, los estudiantes suelen pagar primero y luego solicitar el reembolso con la documentaci\u00f3n requerida.<\/p>\n\n\n\n<p>Los estudiantes deben conservar las facturas, recibos, informes m\u00e9dicos, recetas y comprobantes de pago, y las reclamaciones deben presentarse lo antes posible despu\u00e9s del incidente.<\/p>\n\n\n\n<p>El soporte de Digital Doctor se incluye como un servicio extra gratuito para problemas no urgentes adecuados.<\/p>\n<\/div><\/div><\/div>\n\n\n\n<div class=\"cozy-block-accordion-item\" id=\"cozyBlock_\"><div role=\"tab\" aria-expanded=\"true\"><div class=\"cozy-accordion-title\" style=\"display:flex;justify-content:space-between;align-items:center;flex-direction:row\"><h4>Documentos de seguro<\/h4><div class=\"accordion-icon-wrapper\"><svg width=\"16\" height=\"16\" viewbox=\"0 0 14 25\" xmlns=\"http:\/\/www.w3.org\/2000\/svg\" aria-hidden=\"true\"><path d=\"M10.8737 12.7121C10.9908 12.595 10.9908 12.405 10.8737 12.2879L1.00502 2.41924C0.887867 2.30208 0.887867 2.11213 1.00502 1.99497L1.99497 1.00502C2.11213 0.887867 2.30208 0.887867 2.41924 1.00502L13.7021 12.2879C13.8192 12.405 13.8192 12.595 13.7021 12.7121L2.41924 23.995C2.30208 24.1121 2.11213 24.1121 1.99497 23.995L1.00502 23.005C0.887867 22.8879 0.887868 22.6979 1.00503 22.5808L10.8737 12.7121Z\"><\/path><\/svg><\/div><\/div><div class=\"cozy-accordion-content\">\n<p>Antes de reservar, deber\u00edas leer atentamente la documentaci\u00f3n de seguro aplicable.<\/p>\n\n\n\n<p>Estos documentos explican:<\/p>\n\n\n\n<ul class=\"wp-block-list\">\n<li>\u00bfQu\u00e9 est\u00e1 cubierto?<\/li>\n\n\n\n<li>\u00bfQu\u00e9 no est\u00e1 cubierto?<\/li>\n\n\n\n<li>L\u00edmites de la p\u00f3liza<\/li>\n\n\n\n<li>Exceso<\/li>\n\n\n\n<li>Condiciones<\/li>\n\n\n\n<li>Reglas de elegibilidad<\/li>\n\n\n\n<li>Derechos de cancelaci\u00f3n<\/li>\n\n\n\n<li>Requisitos de reclamaciones<\/li>\n<\/ul>\n\n\n\n<p><strong>Documentos disponibles<\/strong><\/p>\n\n\n\n<ul class=\"wp-block-list\">\n<li><a href=\"https:\/\/studysafe.travel\/es\/divulgaciones-de-informacion-regulatoria\/\">IPID<\/a><\/li>\n\n\n\n<li><a href=\"https:\/\/studysafe.travel\/wp-content\/uploads\/2026\/02\/IRE-GMI-Multirisk-Policy-Wording.pdf\">Texto Completo de la P\u00f3liza<\/a><\/li>\n<\/ul>\n<\/div><\/div><\/div>\n\n\n\n<div class=\"cozy-block-accordion-item\" id=\"cozyBlock_\"><div role=\"tab\" aria-expanded=\"true\"><div class=\"cozy-accordion-title\" style=\"display:flex;justify-content:space-between;align-items:center;flex-direction:row\"><h4>Enlaces legales<\/h4><div class=\"accordion-icon-wrapper\"><svg width=\"16\" height=\"16\" viewbox=\"0 0 14 25\" xmlns=\"http:\/\/www.w3.org\/2000\/svg\" aria-hidden=\"true\"><path d=\"M10.8737 12.7121C10.9908 12.595 10.9908 12.405 10.8737 12.2879L1.00502 2.41924C0.887867 2.30208 0.887867 2.11213 1.00502 1.99497L1.99497 1.00502C2.11213 0.887867 2.30208 0.887867 2.41924 1.00502L13.7021 12.2879C13.8192 12.405 13.8192 12.595 13.7021 12.7121L2.41924 23.995C2.30208 24.1121 2.11213 24.1121 1.99497 23.995L1.00502 23.005C0.887867 22.8879 0.887868 22.6979 1.00503 22.5808L10.8737 12.7121Z\"><\/path><\/svg><\/div><\/div><div class=\"cozy-accordion-content\">\n<p>Por favor, lea tambi\u00e9n las siguientes p\u00e1ginas antes de reservar:<\/p>\n\n\n\n<ul class=\"wp-block-list\">\n<li><a href=\"https:\/\/studysafe.travel\/es\/terminos-y-condiciones\/\">T\u00e9rminos y Condiciones<\/a><\/li>\n\n\n\n<li><a href=\"https:\/\/studysafe.travel\/es\/politica-de-privacidad\/\">Pol\u00edtica de Privacidad<\/a><\/li>\n\n\n\n<li><a href=\"https:\/\/studysafe.travel\/es\/politica-de-cookies\/\">Pol\u00edtica de Cookies<\/a><\/li>\n\n\n\n<li><a href=\"https:\/\/studysafe.travel\/es\/voy-a-irlanda\/estudiantes-de-idiomas\/primer-registro\/informacion-importante\/\">Pol\u00edtica de Cancelaci\u00f3n y Reembolso<\/a><\/li>\n\n\n\n<li><a href=\"https:\/\/studysafe.travel\/es\/procedimiento-de-reclamaciones\/\">Procedimiento de reclamaciones<\/a><\/li>\n\n\n\n<li><a href=\"https:\/\/studysafe.travel\/es\/politica-aml-kyc\/\" data-type=\"page\" data-id=\"286\">Pol\u00edtica AML y KYC<\/a><\/li>\n\n\n\n<li><a href=\"https:\/\/studysafe.travel\/es\/terminos-comerciales-de-seguros\/\">T\u00e9rminos de negocio de seguros<\/a><\/li>\n\n\n\n<li><a href=\"https:\/\/studysafe.travel\/es\/divulgaciones-de-informacion-regulatoria\/\">Informaci\u00f3n Regulatoria y Divulgaciones<\/a><\/li>\n<\/ul>\n<\/div><\/div><\/div>\n<\/div><\/div>\n<\/div><\/div>","protected":false},"excerpt":{"rendered":"<p>Everything you need before you book Important Information &amp; Insurance Documents Before you continue with this Ireland first registration route, please read the key information below carefully. This page brings together the main eligibility points, important product limits, support rules, and the insurance documents that apply before booking. This route is designed for first-time international&#8230;<\/p>","protected":false},"author":1,"featured_media":0,"parent":965,"menu_order":0,"comment_status":"closed","ping_status":"closed","template":"","meta":{"footnotes":""},"class_list":["post-1018","page","type-page","status-publish","hentry"],"_links":{"self":[{"href":"https:\/\/studysafe.travel\/es\/wp-json\/wp\/v2\/pages\/1018","targetHints":{"allow":["GET"]}}],"collection":[{"href":"https:\/\/studysafe.travel\/es\/wp-json\/wp\/v2\/pages"}],"about":[{"href":"https:\/\/studysafe.travel\/es\/wp-json\/wp\/v2\/types\/page"}],"author":[{"embeddable":true,"href":"https:\/\/studysafe.travel\/es\/wp-json\/wp\/v2\/users\/1"}],"replies":[{"embeddable":true,"href":"https:\/\/studysafe.travel\/es\/wp-json\/wp\/v2\/comments?post=1018"}],"version-history":[{"count":16,"href":"https:\/\/studysafe.travel\/es\/wp-json\/wp\/v2\/pages\/1018\/revisions"}],"predecessor-version":[{"id":2051,"href":"https:\/\/studysafe.travel\/es\/wp-json\/wp\/v2\/pages\/1018\/revisions\/2051"}],"up":[{"embeddable":true,"href":"https:\/\/studysafe.travel\/es\/wp-json\/wp\/v2\/pages\/965"}],"wp:attachment":[{"href":"https:\/\/studysafe.travel\/es\/wp-json\/wp\/v2\/media?parent=1018"}],"curies":[{"name":"wp","href":"https:\/\/api.w.org\/{rel}","templated":true}]}}