{"id":1064,"date":"2026-04-07T14:11:43","date_gmt":"2026-04-07T14:11:43","guid":{"rendered":"https:\/\/studysafe.travel\/?page_id=1064"},"modified":"2026-04-23T08:10:45","modified_gmt":"2026-04-23T08:10:45","slug":"corto-plazo","status":"publish","type":"page","link":"https:\/\/studysafe.travel\/es\/im-going-to-spain\/language-school-students\/short-term\/","title":{"rendered":"Corto Plazo"},"content":{"rendered":"<link rel=\"stylesheet\" href=\"https:\/\/fonts.googleapis.com\/css2?family=Geist:wght@400;500;600;700;800\" \/>\n<div class=\"wp-block-group has-background is-layout-constrained wp-container-core-group-is-layout-eb65c542 wp-block-group-is-layout-constrained\" style=\"background:linear-gradient(135deg,rgb(243,248,255) 46%,rgb(255,243,243) 100%);margin-top:0;margin-bottom:0;padding-top:80px;padding-right:26px;padding-bottom:100px;padding-left:26px;font-size:16px;font-style:normal;font-weight:400;line-height:1.6; font-family: 'Geist' !important;\">\n\n\n<div style=\"height:25px\" aria-hidden=\"true\" class=\"wp-block-spacer\"><\/div>\n\n\n\n<div class=\"wp-block-columns alignwide is-layout-flex wp-container-core-columns-is-layout-f74a9aa3 wp-block-columns-is-layout-flex\" style=\"margin-top:0;margin-bottom:0;padding-top:0;padding-right:0;padding-bottom:0;padding-left:0\">\n<div class=\"wp-block-column is-vertically-aligned-top is-layout-flow wp-container-core-column-is-layout-a77db08e wp-block-column-is-layout-flow cozy-animation__initialized\">\n<figure class=\"wp-block-image size-full has-custom-border cozy-responsive-show__initialized cozy-hover-effect__initialized\" style=\"\" data-desktop-show=\"1\" data-tablet-show=\"\" data-tablet-viewport-width=\"980\" data-mobile-show=\"\" data-mobile-viewport-width=\"767\"><img loading=\"lazy\" decoding=\"async\" width=\"600\" height=\"600\" src=\"https:\/\/studysafe.travel\/wp-content\/uploads\/2026\/02\/study-travel-covarage.png\" alt=\"\" class=\"wp-image-113\" style=\"border-style:none;border-width:0px;border-top-left-radius:0px;border-top-right-radius:0px;border-bottom-left-radius:0px;border-bottom-right-radius:0px\" srcset=\"https:\/\/studysafe.travel\/wp-content\/uploads\/2026\/02\/study-travel-covarage.png 600w, https:\/\/studysafe.travel\/wp-content\/uploads\/2026\/02\/study-travel-covarage-300x300.png 300w, https:\/\/studysafe.travel\/wp-content\/uploads\/2026\/02\/study-travel-covarage-150x150.png 150w\" sizes=\"auto, (max-width: 600px) 100vw, 600px\" \/><\/figure>\n<\/div>\n\n\n<link rel=\"stylesheet\" href=\"https:\/\/fonts.googleapis.com\/css2?family=Geist:wght@400;500;600;700;800\" \/>\n<div class=\"wp-block-column is-content-justification-left is-layout-constrained wp-container-core-column-is-layout-e710f4ca wp-block-column-is-layout-constrained\" style=\"flex-basis:55%; font-family: 'Geist' !important;\">\n<div class=\"wp-block-group is-nowrap is-layout-flex wp-container-core-group-is-layout-ecba6b92 wp-block-group-is-layout-flex\" style=\"margin-top:0;margin-bottom:0\">\n<p class=\"has-text-align-center has-text-color has-background has-link-color wp-elements-c7ad890998433c6fe7f19aa974abfda0\" style=\"border-radius:100px;color:#aa151b;background-color:#ffd7d7;padding-top:6px;padding-right:16px;padding-bottom:6px;padding-left:16px;font-size:14px;font-style:normal;font-weight:500\"><strong>Seguro de estudiante para Espa\u00f1a<\/strong><\/p>\n<\/div>\n\n\n\n<h2 class=\"wp-block-heading has-text-color has-link-color wp-elements-bf1e64c260fe24750f17924e58e839a9\" style=\"color:#031d1b;margin-top:6px;margin-bottom:16px;font-size:48px;font-style:normal;font-weight:600;line-height:1.2\">Seguro para estancias cortas en Espa\u00f1a<\/h2>\n\n\n\n<p class=\"has-text-color has-link-color wp-elements-317531e9da69ac487be10a258c56c688\" style=\"color:#8d8d8e\">Comienza tu viaje a Espa\u00f1a con confianza y la protecci\u00f3n que necesitas desde el primer d\u00eda. Esta cobertura est\u00e1 dise\u00f1ada para estudiantes internacionales elegibles que viajan a Espa\u00f1a para un curso de idiomas fuera de su pa\u00eds de origen. <strong>Corto Plazo<\/strong> se aplica a estancias de hasta <strong>89 d\u00edas<\/strong>, para que puedas concentrarte en tus planes, no en lo que podr\u00eda salir mal.<\/p>\n\n\n\n<p class=\"has-text-color has-link-color wp-elements-81bf2be11663ea4cf6a51d0baef91ca7\" style=\"color:#8d8d8e\">Desde problemas m\u00e9dicos inesperados hasta apoyo urgente cuando m\u00e1s lo necesitas, esta p\u00f3liza te ayuda a protegerte mientras est\u00e1s en Espa\u00f1a. Ofrece una cobertura pr\u00e1ctica para estancias de estudio cortas en el extranjero, con apoyo durante todo tu viaje.<\/p>\n\n\n\n<p class=\"has-text-color has-link-color wp-elements-97618e9f754b684e54b326b3c3a07b52\" style=\"color:#8d8d8e\">Disfruta de hasta <strong>10 millones de euros<\/strong> en cobertura de asistencia m\u00e9dica de emergencia y repatriaci\u00f3n, adem\u00e1s <strong>Soporte m\u00e9dico en l\u00ednea 24\/7<\/strong> en varios idiomas. Protecci\u00f3n inteligente y sencilla para tu estancia corta en Espa\u00f1a.<\/p>\n\n\n\n<hr class=\"wp-block-separator has-alpha-channel-opacity is-style-dots\"\/>\n\n\n\n<blockquote class=\"wp-block-quote is-layout-flow wp-block-quote-is-layout-flow\">\n<p class=\"has-text-color has-link-color wp-elements-9cbbfab92961765893eb6328bd16b5f6\" style=\"color:#aa151b\">Seguro de Espa\u00f1a a Corto Plazo \u2013 <strong>\u20ac2.39\/d\u00eda por persona asegurada<\/strong><\/p>\n<\/blockquote>\n\n\n\n<hr class=\"wp-block-separator has-alpha-channel-opacity is-style-dots\"\/>\n\n\n<link rel=\"stylesheet\" href=\"https:\/\/fonts.googleapis.com\/css2?family=Geist:wght@400;500;600;700;800\" \/>\n<div class=\"wp-block-buttons has-custom-font-size is-horizontal is-content-justification-center is-nowrap is-layout-flex wp-container-core-buttons-is-layout-10aac29d wp-block-buttons-is-layout-flex cozy-animation__initialized\" style=\"margin-top:20px;margin-bottom:var(--wp--preset--spacing--30);font-size:16px;font-style:normal;font-weight:400; font-family: 'Geist' !important;\" data-aos=\"fade-up\" data-aos-easing=\"ease-in\" data-aos-anchor-placement=\"top-bottom\" data-aos-duration=\"600\">\n<div class=\"wp-block-button has-custom-width wp-block-button__width-50 is-style-button-hover-white-bgcolor\"><a class=\"wp-block-button__link wp-element-button\" href=\"https:\/\/studysafe.travel\/es\/voy-a-espana\/estudiantes-de-idiomas\/corto-plazo\/verificar-elegibilidad\/\">\u00bfSoy elegible?<\/a><\/div>\n\n\n\n<div class=\"wp-block-button has-custom-width wp-block-button__width-50 is-style-button-hover-white-bgcolor\"><a class=\"wp-block-button__link wp-element-button\" href=\"https:\/\/studysafe.travel\/es\/voy-a-espana\/estudiantes-de-idiomas\/corto-plazo\/cobertura\/\">Ver cobertura<\/a><\/div>\n<\/div>\n\n\n\n<p class=\"has-text-color has-link-color has-xx-small-font-size wp-elements-b4a94bcd4362e20fe16e4fb5a9a9c9f2\" style=\"color:#8d8d8e;padding-top:var(--wp--preset--spacing--40);padding-bottom:var(--wp--preset--spacing--40)\"><em>Para estudiantes de idiomas que viajan a Espa\u00f1a por hasta 89 d\u00edas. La elegibilidad depende de la nacionalidad, los requisitos de visa y otras reglas del producto.<\/em><\/p>\n<\/div>\n<\/div>\n<\/div>","protected":false},"excerpt":{"rendered":"<p>Spain Student Insurance Insurance for short stays in Spain Start your Spain journey with confidence and the protection you need from day one. This cover is designed for eligible international students travelling to Spain for a language course outside their home country. Short Term applies to stays of up to 89 days, so you can&#8230;<\/p>","protected":false},"author":1,"featured_media":0,"parent":1062,"menu_order":0,"comment_status":"closed","ping_status":"closed","template":"","meta":{"footnotes":""},"class_list":["post-1064","page","type-page","status-publish","hentry"],"_links":{"self":[{"href":"https:\/\/studysafe.travel\/es\/wp-json\/wp\/v2\/pages\/1064","targetHints":{"allow":["GET"]}}],"collection":[{"href":"https:\/\/studysafe.travel\/es\/wp-json\/wp\/v2\/pages"}],"about":[{"href":"https:\/\/studysafe.travel\/es\/wp-json\/wp\/v2\/types\/page"}],"author":[{"embeddable":true,"href":"https:\/\/studysafe.travel\/es\/wp-json\/wp\/v2\/users\/1"}],"replies":[{"embeddable":true,"href":"https:\/\/studysafe.travel\/es\/wp-json\/wp\/v2\/comments?post=1064"}],"version-history":[{"count":11,"href":"https:\/\/studysafe.travel\/es\/wp-json\/wp\/v2\/pages\/1064\/revisions"}],"predecessor-version":[{"id":1918,"href":"https:\/\/studysafe.travel\/es\/wp-json\/wp\/v2\/pages\/1064\/revisions\/1918"}],"up":[{"embeddable":true,"href":"https:\/\/studysafe.travel\/es\/wp-json\/wp\/v2\/pages\/1062"}],"wp:attachment":[{"href":"https:\/\/studysafe.travel\/es\/wp-json\/wp\/v2\/media?parent=1064"}],"curies":[{"name":"wp","href":"https:\/\/api.w.org\/{rel}","templated":true}]}}