{"id":1591,"date":"2026-04-17T09:54:38","date_gmt":"2026-04-17T09:54:38","guid":{"rendered":"https:\/\/studysafe.travel\/?page_id=1591"},"modified":"2026-04-22T15:40:07","modified_gmt":"2026-04-22T15:40:07","slug":"informacion-importante","status":"publish","type":"page","link":"https:\/\/studysafe.travel\/es\/im-going-to-spain\/language-school-students\/long-term\/important-information\/","title":{"rendered":"Informaci\u00f3n importante\u00a0"},"content":{"rendered":"<link rel=\"stylesheet\" href=\"https:\/\/fonts.googleapis.com\/css2?family=Geist:wght@400;500;600;700;800\" \/>\n<div class=\"wp-block-group has-background is-layout-constrained wp-container-core-group-is-layout-eb65c542 wp-block-group-is-layout-constrained\" style=\"background:linear-gradient(135deg,rgb(243,248,255) 46%,rgb(255,243,243) 100%);margin-top:0;margin-bottom:0;padding-top:80px;padding-right:26px;padding-bottom:100px;padding-left:26px;font-size:16px;font-style:normal;font-weight:400;line-height:1.6; font-family: 'Geist' !important;\">\n\n\n<div style=\"height:25px\" aria-hidden=\"true\" class=\"wp-block-spacer\"><\/div>\n\n\n\n<div class=\"wp-block-columns alignwide is-layout-flex wp-container-core-columns-is-layout-f74a9aa3 wp-block-columns-is-layout-flex\" style=\"margin-top:0;margin-bottom:0;padding-top:0;padding-right:0;padding-bottom:0;padding-left:0\">\n<div class=\"wp-block-column is-vertically-aligned-top is-layout-flow wp-container-core-column-is-layout-a77db08e wp-block-column-is-layout-flow cozy-animation__initialized\">\n<figure class=\"wp-block-image size-full has-custom-border cozy-responsive-show__initialized cozy-hover-effect__initialized\" style=\"\" data-desktop-show=\"1\" data-tablet-show=\"\" data-tablet-viewport-width=\"980\" data-mobile-show=\"\" data-mobile-viewport-width=\"767\"><img loading=\"lazy\" decoding=\"async\" width=\"600\" height=\"600\" src=\"https:\/\/studysafe.travel\/wp-content\/uploads\/2026\/02\/study-travel-about-us.png\" alt=\"\" class=\"wp-image-388\" style=\"border-style:none;border-width:0px;border-top-left-radius:0px;border-top-right-radius:0px;border-bottom-left-radius:0px;border-bottom-right-radius:0px\" srcset=\"https:\/\/studysafe.travel\/wp-content\/uploads\/2026\/02\/study-travel-about-us.png 600w, https:\/\/studysafe.travel\/wp-content\/uploads\/2026\/02\/study-travel-about-us-300x300.png 300w, https:\/\/studysafe.travel\/wp-content\/uploads\/2026\/02\/study-travel-about-us-150x150.png 150w\" sizes=\"auto, (max-width: 600px) 100vw, 600px\" \/><\/figure>\n<\/div>\n\n\n<link rel=\"stylesheet\" href=\"https:\/\/fonts.googleapis.com\/css2?family=Geist:wght@400;500;600;700;800\" \/>\n<div class=\"wp-block-column is-content-justification-left is-layout-constrained wp-container-core-column-is-layout-e710f4ca wp-block-column-is-layout-constrained\" style=\"flex-basis:55%; font-family: 'Geist' !important;\">\n<div class=\"wp-block-group is-nowrap is-layout-flex wp-container-core-group-is-layout-ecba6b92 wp-block-group-is-layout-flex\" style=\"margin-top:0;margin-bottom:0\">\n<p class=\"has-text-align-center has-text-color has-background has-link-color wp-elements-a26064d350b98d9a59a7b7093625606d\" style=\"border-radius:100px;color:#aa151b;background-color:#ffd7d7;padding-top:6px;padding-right:16px;padding-bottom:6px;padding-left:16px;font-size:14px;font-style:normal;font-weight:500\">Todo lo que necesitas antes de reservar<\/p>\n<\/div>\n\n\n\n<h2 class=\"wp-block-heading has-text-color has-link-color wp-elements-8396bad35f0e570fc090f5aed91dead4\" style=\"color:#031d1b;margin-top:6px;margin-bottom:16px;font-size:48px;font-style:normal;font-weight:600;line-height:1.2\">Informaci\u00f3n importante y documentos de seguro<\/h2>\n\n\n\n<p class=\"has-text-color has-link-color wp-elements-85603fb8a69b4153b117aa4751d69110\" style=\"color:#8d8d8e\">Antes de que contin\u00faes con esto <strong>Espa\u00f1a a Largo Plazo<\/strong> ruta, por favor lea atentamente la informaci\u00f3n clave a continuaci\u00f3n. Esta p\u00e1gina re\u00fane los puntos principales de elegibilidad, las reglas pr\u00e1cticas del producto, la orientaci\u00f3n sobre el acceso a la atenci\u00f3n m\u00e9dica y los documentos de seguro que se aplican antes de realizar la reserva.<\/p>\n\n\n\n<p class=\"has-text-color has-link-color wp-elements-3f658cccad2f0b6280bb1a52b95532ca\" style=\"color:#8d8d8e\">Esta ruta est\u00e1 dise\u00f1ada para estudiantes internacionales elegibles que requieren una visa de estudio para Espa\u00f1a y planean una estancia de <strong>m\u00e1s de 90 d\u00edas<\/strong>. Se basa en un producto de seguro m\u00e9dico para estudiantes en Espa\u00f1a que ofrece atenci\u00f3n hospitalaria y ambulatoria a trav\u00e9s de proveedores aprobados, con <strong>sin copagos<\/strong> y <strong>sin per\u00edodos de espera<\/strong>, sujeto a elegibilidad y a la documentaci\u00f3n de la pol\u00edtica aplicable.<\/p>\n\n\n<link rel=\"stylesheet\" href=\"https:\/\/fonts.googleapis.com\/css2?family=Geist:wght@400;500;600;700;800\" \/>\n<div class=\"wp-block-buttons has-custom-font-size is-horizontal is-content-justification-left is-nowrap is-layout-flex wp-container-core-buttons-is-layout-3d3318cf wp-block-buttons-is-layout-flex\" style=\"margin-top:20px;margin-bottom:var(--wp--preset--spacing--30);padding-top:var(--wp--preset--spacing--30);padding-bottom:var(--wp--preset--spacing--30);font-size:16px;font-style:normal;font-weight:400; font-family: 'Geist' !important;\">\n<div class=\"wp-block-button has-custom-width wp-block-button__width-50 is-style-button-hover-white-bgcolor cozy-animation__initialized cozy-button-hover-styles\" style=\"; --cozyButtonBgColorHover: #6f3dff; --cozyButtonColorHover: currentColor; --cozyButtonBorderHover: ; \" data-aos=\"fade-up\" data-aos-easing=\"ease-in\" data-aos-anchor-placement=\"top-bottom\" data-aos-duration=\"600\"><a class=\"wp-block-button__link wp-element-button\" href=\"https:\/\/studysafe.travel\/es\/voy-a-espana\/estudiantes-de-idiomas\/a-largo-plazo\/verificar-elegibilidad\/\">\u00a1Empieza ahora!<\/a><\/div>\n\n\n\n<div class=\"wp-block-button has-custom-width wp-block-button__width-50 is-style-button-hover-white-bgcolor cozy-animation__initialized cozy-button-hover-styles\" style=\"; --cozyButtonBgColorHover: #6f3dff; --cozyButtonColorHover: currentColor; --cozyButtonBorderHover: ; \" data-aos=\"fade-up\" data-aos-easing=\"ease-in\" data-aos-anchor-placement=\"top-bottom\" data-aos-duration=\"600\"><a class=\"wp-block-button__link wp-element-button\" href=\"https:\/\/studysafe.travel\/es\/voy-a-espana\/estudiantes-de-idiomas\/a-largo-plazo\/cobertura\/\">Ver cobertura<\/a><\/div>\n\n\n\n<div class=\"wp-block-button has-custom-width wp-block-button__width-50 is-style-button-hover-white-bgcolor cozy-animation__initialized cozy-button-hover-styles\" style=\"; --cozyButtonBgColorHover: #6f3dff; --cozyButtonColorHover: currentColor; --cozyButtonBorderHover: ; \" data-aos=\"fade-up\" data-aos-easing=\"ease-in\" data-aos-anchor-placement=\"top-bottom\" data-aos-duration=\"600\"><a class=\"wp-block-button__link wp-element-button\" href=\"https:\/\/studysafe.travel\/es\/voy-a-espana\/estudiantes-de-idiomas\/a-largo-plazo\/preguntas-frecuentes\/\">Leer preguntas frecuentes<\/a><\/div>\n<\/div>\n<\/div>\n<\/div>\n<\/div>\n\n\n\n<div class=\"wp-block-group has-background is-layout-constrained wp-container-core-group-is-layout-5c682c5f wp-block-group-is-layout-constrained\" style=\"background-color:#aa151b;padding-top:7rem;padding-right:var(--wp--preset--spacing--50);padding-bottom:7rem;padding-left:var(--wp--preset--spacing--50)\"><div class=\"cozy-block-wrapper\">\n<div class=\"cozy-block-accordion icon-view-default icon-layout-fill\" id=\"cozyBlock_9c084071_7cc7_4b1e_ae85_fec99f4b94ff\"><div class=\"cozy-accordion-wrapper\">\n<div class=\"cozy-block-accordion-item\" id=\"cozyBlock_\"><div role=\"tab\" aria-expanded=\"true\"><div class=\"cozy-accordion-title\" style=\"display:flex;justify-content:space-between;align-items:center;flex-direction:row\"><h4>Antes de reservar<\/h4><div class=\"accordion-icon-wrapper\"><svg width=\"16\" height=\"16\" viewbox=\"0 0 14 25\" xmlns=\"http:\/\/www.w3.org\/2000\/svg\" aria-hidden=\"true\"><path d=\"M10.8737 12.7121C10.9908 12.595 10.9908 12.405 10.8737 12.2879L1.00502 2.41924C0.887867 2.30208 0.887867 2.11213 1.00502 1.99497L1.99497 1.00502C2.11213 0.887867 2.30208 0.887867 2.41924 1.00502L13.7021 12.2879C13.8192 12.405 13.8192 12.595 13.7021 12.7121L2.41924 23.995C2.30208 24.1121 2.11213 24.1121 1.99497 23.995L1.00502 23.005C0.887867 22.8879 0.887868 22.6979 1.00503 22.5808L10.8737 12.7121Z\"><\/path><\/svg><\/div><\/div><div class=\"cozy-accordion-content\">\n<p>Por favor, lea los siguientes puntos atentamente antes de continuar:<\/p>\n\n\n\n<ul class=\"wp-block-list\">\n<li>Esta ruta est\u00e1 pensada para estudiantes internacionales elegibles que requieren un visado de estudiante para Espa\u00f1a y planean una estancia de m\u00e1s de <strong>90 d\u00edas<\/strong>.<\/li>\n\n\n\n<li>El asegurado no debe poseer pasaporte espa\u00f1ol ni DNI.<\/li>\n\n\n\n<li>Debes completar el <strong>Cuestionario de salud<\/strong> con veracidad y plenitud.<\/li>\n\n\n\n<li>Debes aportar la acreditaci\u00f3n oficial de los estudios que se van a realizar en Espa\u00f1a, as\u00ed como cualquier otra documentaci\u00f3n que se solicite para la solicitud.<\/li>\n\n\n\n<li>La prima \u00fanica es pagada por <strong>tarjeta de cr\u00e9dito<\/strong> y vence al firmar la p\u00f3liza.<\/li>\n\n\n\n<li>La cobertura comienza con el pago de la prima y la firma de la p\u00f3liza, por el plazo que se indica en la documentaci\u00f3n de la p\u00f3liza aplicable.<\/li>\n\n\n\n<li>Esta p\u00f3liza no puede ser renovada ni extendida y terminar\u00e1 autom\u00e1ticamente al expirar.<\/li>\n\n\n\n<li>La atenci\u00f3n sanitaria se presta principalmente en Espa\u00f1a y debe utilizarse a trav\u00e9s de proveedores y centros autorizados.<\/li>\n<\/ul>\n<\/div><\/div><\/div>\n\n\n\n<div class=\"cozy-block-accordion-item\" id=\"cozyBlock_\"><div role=\"tab\" aria-expanded=\"true\"><div class=\"cozy-accordion-title\" style=\"display:flex;justify-content:space-between;align-items:center;flex-direction:row\"><h4>Datos clave del producto<\/h4><div class=\"accordion-icon-wrapper\"><svg width=\"16\" height=\"16\" viewbox=\"0 0 14 25\" xmlns=\"http:\/\/www.w3.org\/2000\/svg\" aria-hidden=\"true\"><path d=\"M10.8737 12.7121C10.9908 12.595 10.9908 12.405 10.8737 12.2879L1.00502 2.41924C0.887867 2.30208 0.887867 2.11213 1.00502 1.99497L1.99497 1.00502C2.11213 0.887867 2.30208 0.887867 2.41924 1.00502L13.7021 12.2879C13.8192 12.405 13.8192 12.595 13.7021 12.7121L2.41924 23.995C2.30208 24.1121 2.11213 24.1121 1.99497 23.995L1.00502 23.005C0.887867 22.8879 0.887868 22.6979 1.00503 22.5808L10.8737 12.7121Z\"><\/path><\/svg><\/div><\/div><div class=\"cozy-accordion-content\">\n<p>Esta p\u00e1gina se relaciona con <strong>Espa\u00f1a a Largo Plazo<\/strong> ruta para estudiantes de escuelas de idiomas elegibles que necesiten una estancia de estudios m\u00e1s larga en Espa\u00f1a.<\/p>\n\n\n\n<p>El producto incluye, sujeto a los t\u00e9rminos de la p\u00f3liza:<\/p>\n\n\n\n<ul class=\"wp-block-list\">\n<li>Servicio de emergencia<\/li>\n\n\n\n<li>Medicina primaria y medicina familiar<\/li>\n\n\n\n<li>Medicina especializada<\/li>\n\n\n\n<li>Medios de diagn\u00f3stico y t\u00e9cnicas de tratamiento<\/li>\n\n\n\n<li>Hospitalizaci\u00f3n y hospital de d\u00eda<\/li>\n\n\n\n<li>Cirug\u00eda ambulatoria<\/li>\n\n\n\n<li>Traslado en ambulancia<\/li>\n\n\n\n<li>Pr\u00f3tesis, implantes y cobertura limitada de trasplantes<\/li>\n\n\n\n<li>Medicina preventiva, podolog\u00eda, psicoterapia y doctor virtual<\/li>\n\n\n\n<li>Asistencia de viaje<\/li>\n\n\n\n<li>Cobertura opcional que incluye fallecimiento accidental, beneficio de hospitalizaci\u00f3n y seguro dental<\/li>\n<\/ul>\n\n\n\n<p>Los l\u00edmites importantes mencionados en la informaci\u00f3n del producto incluyen podolog\u00eda hasta 12 sesiones por a\u00f1o de p\u00f3liza, hospitalizaci\u00f3n psiqui\u00e1trica hasta 50 d\u00edas por a\u00f1o de p\u00f3liza, psicoterapia sujeta a l\u00edmites anuales de sesiones y gastos m\u00e9dicos de asistencia en viaje hasta <strong>25.000 \u20ac<\/strong> por asegurado por viaje.<\/p>\n<\/div><\/div><\/div>\n\n\n\n<div class=\"cozy-block-accordion-item\" id=\"cozyBlock_\"><div role=\"tab\" aria-expanded=\"true\"><div class=\"cozy-accordion-title\" style=\"display:flex;justify-content:space-between;align-items:center;flex-direction:row\"><h4>Usando la atenci\u00f3n m\u00e9dica en Espa\u00f1a<\/h4><div class=\"accordion-icon-wrapper\"><svg width=\"16\" height=\"16\" viewbox=\"0 0 14 25\" xmlns=\"http:\/\/www.w3.org\/2000\/svg\" aria-hidden=\"true\"><path d=\"M10.8737 12.7121C10.9908 12.595 10.9908 12.405 10.8737 12.2879L1.00502 2.41924C0.887867 2.30208 0.887867 2.11213 1.00502 1.99497L1.99497 1.00502C2.11213 0.887867 2.30208 0.887867 2.41924 1.00502L13.7021 12.2879C13.8192 12.405 13.8192 12.595 13.7021 12.7121L2.41924 23.995C2.30208 24.1121 2.11213 24.1121 1.99497 23.995L1.00502 23.005C0.887867 22.8879 0.887868 22.6979 1.00503 22.5808L10.8737 12.7121Z\"><\/path><\/svg><\/div><\/div><div class=\"cozy-accordion-content\">\n<p>Este producto funciona a trav\u00e9s de profesionales y centros sanitarios autorizados en Espa\u00f1a. Antes de solicitar tratamiento, los estudiantes deben confirmar que el profesional o centro est\u00e1 autorizado para el servicio correspondiente.<\/p>\n\n\n\n<p>Para los servicios que requieren receta m\u00e9dica o autorizaci\u00f3n previa, los estudiantes deben seguir el proceso establecido en la documentaci\u00f3n de la pol\u00edtica.<\/p>\n\n\n\n<p>La atenci\u00f3n de emergencias se coordina a trav\u00e9s del sistema de emergencias homologado en Espa\u00f1a. La documentaci\u00f3n del producto indica que el centro de coordinaci\u00f3n de emergencias y urgencias opera las 24 horas del d\u00eda, los 7 d\u00edas de la semana, en toda Espa\u00f1a.<\/p>\n\n\n\n<p>Si el tratamiento se obtiene en otra provincia, los gastos de viaje que esto implique correr\u00e1n por cuenta del estudiante.<\/p>\n\n\n\n<p>No se aplican copagos ni per\u00edodos de espera al producto base. Si se a\u00f1ade cobertura dental opcional, cualquier exceso aplicable deber\u00e1 pagarse directamente al proveedor dental.<\/p>\n<\/div><\/div><\/div>\n\n\n\n<div class=\"cozy-block-accordion-item\" id=\"cozyBlock_\"><div role=\"tab\" aria-expanded=\"true\"><div class=\"cozy-accordion-title\" style=\"display:flex;justify-content:space-between;align-items:center;flex-direction:row\"><h4>Documentos de seguro<\/h4><div class=\"accordion-icon-wrapper\"><svg width=\"16\" height=\"16\" viewbox=\"0 0 14 25\" xmlns=\"http:\/\/www.w3.org\/2000\/svg\" aria-hidden=\"true\"><path d=\"M10.8737 12.7121C10.9908 12.595 10.9908 12.405 10.8737 12.2879L1.00502 2.41924C0.887867 2.30208 0.887867 2.11213 1.00502 1.99497L1.99497 1.00502C2.11213 0.887867 2.30208 0.887867 2.41924 1.00502L13.7021 12.2879C13.8192 12.405 13.8192 12.595 13.7021 12.7121L2.41924 23.995C2.30208 24.1121 2.11213 24.1121 1.99497 23.995L1.00502 23.005C0.887867 22.8879 0.887868 22.6979 1.00503 22.5808L10.8737 12.7121Z\"><\/path><\/svg><\/div><\/div><div class=\"cozy-accordion-content\">\n<p>Antes de reservar, deber\u00edas leer atentamente la documentaci\u00f3n de seguro aplicable.<\/p>\n\n\n\n<p>Estos documentos explican:<\/p>\n\n\n\n<ul class=\"wp-block-list\">\n<li>Qu\u00e9 es el producto y para qui\u00e9n est\u00e1 dise\u00f1ado<\/li>\n\n\n\n<li>Qu\u00e9 cubre y qu\u00e9 no cubre<\/li>\n\n\n\n<li>L\u00edmites de productos y restricciones pr\u00e1cticas<\/li>\n\n\n\n<li>C\u00f3mo deben usarse los servicios de atenci\u00f3n m\u00e9dica<\/li>\n\n\n\n<li>Reglas de pago, duraci\u00f3n y terminaci\u00f3n<\/li>\n\n\n\n<li>Cobertura y excesos dentales opcionales<\/li>\n\n\n\n<li>El papel del cuestionario de salud y la documentaci\u00f3n de apoyo<\/li>\n<\/ul>\n\n\n\n<p><strong>Documentos para poner a disposici\u00f3n en esta p\u00e1gina<\/strong><\/p>\n\n\n\n<ul class=\"wp-block-list\">\n<li><a href=\"https:\/\/studysafe.travel\/wp-content\/uploads\/2026\/04\/ASISA-Product_Information.pdf\">Documento de Informaci\u00f3n del Producto (PDF)<\/a><\/li>\n\n\n\n<li><a href=\"https:\/\/studysafe.travel\/wp-content\/uploads\/2026\/04\/ASISA-General_Terms_and_Conditions_Asisa.pdf\">T\u00e9rminos y condiciones generales (PDF)<\/a><\/li>\n<\/ul>\n\n\n\n<p>En caso de problema, el contrato completo tambi\u00e9n incluye la solicitud, el Cuestionario de Salud y los T\u00e9rminos y Condiciones Particulares.<\/p>\n<\/div><\/div><\/div>\n\n\n\n<div class=\"cozy-block-accordion-item\" id=\"cozyBlock_\"><div role=\"tab\" aria-expanded=\"true\"><div class=\"cozy-accordion-title\" style=\"display:flex;justify-content:space-between;align-items:center;flex-direction:row\"><h4>Nota legal importante para esta ruta<\/h4><div class=\"accordion-icon-wrapper\"><svg width=\"16\" height=\"16\" viewbox=\"0 0 14 25\" xmlns=\"http:\/\/www.w3.org\/2000\/svg\" aria-hidden=\"true\"><path d=\"M10.8737 12.7121C10.9908 12.595 10.9908 12.405 10.8737 12.2879L1.00502 2.41924C0.887867 2.30208 0.887867 2.11213 1.00502 1.99497L1.99497 1.00502C2.11213 0.887867 2.30208 0.887867 2.41924 1.00502L13.7021 12.2879C13.8192 12.405 13.8192 12.595 13.7021 12.7121L2.41924 23.995C2.30208 24.1121 2.11213 24.1121 1.99497 23.995L1.00502 23.005C0.887867 22.8879 0.887868 22.6979 1.00503 22.5808L10.8737 12.7121Z\"><\/path><\/svg><\/div><\/div><div class=\"cozy-accordion-content\">\n<p>Esta p\u00e1gina proporciona informaci\u00f3n general sobre la ruta de seguro m\u00e9dico para estudiantes de larga estancia en Espa\u00f1a. El producto subyacente para esta ruta es una p\u00f3liza de seguro m\u00e9dico para estudiantes para estudiantes internacionales elegibles que estudian en Espa\u00f1a y requieren un visado de estudios.<\/p>\n\n\n\n<p>La informaci\u00f3n precontractual y contractual completa se proporciona en el documento de informaci\u00f3n del producto, los T\u00e9rminos y Condiciones Generales, los T\u00e9rminos y Condiciones Particulares y el resto de la documentaci\u00f3n de la p\u00f3liza.<\/p>\n\n\n\n<p>SafeStudy no es la aseguradora. La elegibilidad final, la cobertura, las exclusiones, los l\u00edmites, el uso del proveedor aprobado, la cobertura opcional, las condiciones de pago y la duraci\u00f3n de la p\u00f3liza siempre depender\u00e1n de la solicitud completada y la documentaci\u00f3n de seguro aplicable.<\/p>\n<\/div><\/div><\/div>\n\n\n\n<div class=\"cozy-block-accordion-item\" id=\"cozyBlock_\"><div role=\"tab\" aria-expanded=\"true\"><div class=\"cozy-accordion-title\" style=\"display:flex;justify-content:space-between;align-items:center;flex-direction:row\"><h4>Enlaces legales<\/h4><div class=\"accordion-icon-wrapper\"><svg width=\"16\" height=\"16\" viewbox=\"0 0 14 25\" xmlns=\"http:\/\/www.w3.org\/2000\/svg\" aria-hidden=\"true\"><path d=\"M10.8737 12.7121C10.9908 12.595 10.9908 12.405 10.8737 12.2879L1.00502 2.41924C0.887867 2.30208 0.887867 2.11213 1.00502 1.99497L1.99497 1.00502C2.11213 0.887867 2.30208 0.887867 2.41924 1.00502L13.7021 12.2879C13.8192 12.405 13.8192 12.595 13.7021 12.7121L2.41924 23.995C2.30208 24.1121 2.11213 24.1121 1.99497 23.995L1.00502 23.005C0.887867 22.8879 0.887868 22.6979 1.00503 22.5808L10.8737 12.7121Z\"><\/path><\/svg><\/div><\/div><div class=\"cozy-accordion-content\">\n<p>Por favor, lea tambi\u00e9n las siguientes p\u00e1ginas antes de reservar:<\/p>\n\n\n\n<ul class=\"wp-block-list\">\n<li><a href=\"https:\/\/studysafe.travel\/es\/terminos-y-condiciones\/\">T\u00e9rminos y Condiciones<\/a><\/li>\n\n\n\n<li><a href=\"https:\/\/studysafe.travel\/es\/politica-de-privacidad\/\">Pol\u00edtica de Privacidad<\/a><\/li>\n\n\n\n<li><a href=\"https:\/\/studysafe.travel\/es\/politica-de-cookies\/\">Pol\u00edtica de Cookies<\/a><\/li>\n\n\n\n<li><a href=\"https:\/\/studysafe.travel\/es\/procedimiento-de-reclamaciones\/\">Procedimiento de reclamaciones<\/a><\/li>\n\n\n\n<li><a href=\"https:\/\/studysafe.travel\/es\/politica-aml-kyc\/\" data-type=\"page\" data-id=\"286\">Pol\u00edtica AML y KYC<\/a><\/li>\n\n\n\n<li><a href=\"https:\/\/studysafe.travel\/es\/terminos-comerciales-de-seguros\/\">T\u00e9rminos de negocio de seguros<\/a><\/li>\n\n\n\n<li><a href=\"https:\/\/studysafe.travel\/es\/divulgaciones-de-informacion-regulatoria\/\">Informaci\u00f3n Regulatoria y Divulgaciones<\/a><\/li>\n<\/ul>\n<\/div><\/div><\/div>\n<\/div><\/div>\n<\/div><\/div>","protected":false},"excerpt":{"rendered":"<p>Everything you need before you book Important Information &amp; Insurance Documents Before you continue with this Spain Long Term route, please read the key information below carefully. This page brings together the main eligibility points, practical product rules, healthcare access guidance and the insurance documents that apply before booking. This route is designed for eligible&#8230;<\/p>","protected":false},"author":1,"featured_media":0,"parent":1584,"menu_order":0,"comment_status":"closed","ping_status":"closed","template":"","meta":{"footnotes":""},"class_list":["post-1591","page","type-page","status-publish","hentry"],"_links":{"self":[{"href":"https:\/\/studysafe.travel\/es\/wp-json\/wp\/v2\/pages\/1591","targetHints":{"allow":["GET"]}}],"collection":[{"href":"https:\/\/studysafe.travel\/es\/wp-json\/wp\/v2\/pages"}],"about":[{"href":"https:\/\/studysafe.travel\/es\/wp-json\/wp\/v2\/types\/page"}],"author":[{"embeddable":true,"href":"https:\/\/studysafe.travel\/es\/wp-json\/wp\/v2\/users\/1"}],"replies":[{"embeddable":true,"href":"https:\/\/studysafe.travel\/es\/wp-json\/wp\/v2\/comments?post=1591"}],"version-history":[{"count":7,"href":"https:\/\/studysafe.travel\/es\/wp-json\/wp\/v2\/pages\/1591\/revisions"}],"predecessor-version":[{"id":1871,"href":"https:\/\/studysafe.travel\/es\/wp-json\/wp\/v2\/pages\/1591\/revisions\/1871"}],"up":[{"embeddable":true,"href":"https:\/\/studysafe.travel\/es\/wp-json\/wp\/v2\/pages\/1584"}],"wp:attachment":[{"href":"https:\/\/studysafe.travel\/es\/wp-json\/wp\/v2\/media?parent=1591"}],"curies":[{"name":"wp","href":"https:\/\/api.w.org\/{rel}","templated":true}]}}