{"id":260,"date":"2026-02-19T13:02:40","date_gmt":"2026-02-19T13:02:40","guid":{"rendered":"https:\/\/studysafe.travel\/?page_id=260"},"modified":"2026-03-30T14:56:46","modified_gmt":"2026-03-30T14:56:46","slug":"procedimiento-de-reclamaciones","status":"publish","type":"page","link":"https:\/\/studysafe.travel\/es\/complaints-procedure\/","title":{"rendered":"Procedimiento de reclamaciones"},"content":{"rendered":"<div class=\"wp-block-group has-background-background-color has-background is-layout-constrained wp-container-core-group-is-layout-ef55149e wp-block-group-is-layout-constrained\" style=\"margin-top:0;margin-bottom:0;padding-top:4rem;padding-right:var(--wp--preset--spacing--40);padding-bottom:6rem;padding-left:var(--wp--preset--spacing--40)\">\n<h2 class=\"wp-block-heading has-text-align-center\">Procedimiento de reclamaciones<\/h2>\n\n\n\n<p class=\"has-text-align-center\"><strong>\u00daltima actualizaci\u00f3n:<\/strong> Marzo de 2026<\/p>\n\n\n\n<p>Nuestro objetivo es brindar un servicio confiable, justo y receptivo. Si no est\u00e1 satisfecho con alguna parte de su experiencia, tiene derecho a presentar una queja y a que su queja se gestione de manera r\u00e1pida y justa.<\/p>\n\n\n\n<h3 class=\"wp-block-heading\">1) Paso 1 \u2014 P\u00f3ngase en contacto primero con StudySafe<\/h3>\n\n\n\n<p>Por favor, env\u00eda un correo electr\u00f3nico <strong><a href=\"mailto:support@studysafe.travel\">support@studysafe.travel<\/a><\/strong> con<\/p>\n\n\n\n<ul class=\"wp-block-list\">\n<li>Tu nombre completo<\/li>\n\n\n\n<li>Su reserva, cotizaci\u00f3n, p\u00f3liza o referencia de certificado (si est\u00e1 disponible)<\/li>\n\n\n\n<li>La fecha en que reserv\u00f3 o nos contact\u00f3<\/li>\n\n\n\n<li>Una descripci\u00f3n clara del problema<\/li>\n\n\n\n<li>Cualquier documentaci\u00f3n de soporte (por ejemplo, capturas de pantalla, correos electr\u00f3nicos, recibos, certificados u otros registros relevantes).<\/li>\n<\/ul>\n\n\n\n<p>Confirmaremos la recepci\u00f3n y trataremos de resolver su problema lo m\u00e1s r\u00e1pido y justamente posible. Algunos problemas pueden ser resueltos directamente por StudySafe, especialmente aquellos relacionados con el sitio web, el proceso de reserva, las comunicaciones con el cliente, la presentaci\u00f3n de documentos o el soporte operativo.<\/p>\n\n\n\n<h3 class=\"wp-block-heading\">2) Paso 2. Escalar al contacto de reclamaciones de seguros pertinente (reclamaci\u00f3n formal)<\/h3>\n\n\n\n<p>Si su queja se relaciona con el producto de seguro en s\u00ed, la administraci\u00f3n del seguro, la suscripci\u00f3n, las verificaciones de elegibilidad, las cancelaciones, el manejo de reclamaciones, la documentaci\u00f3n de p\u00f3lizas, los problemas de servicio regulados u otros asuntos relacionados con el seguro, su queja puede necesitar ser escalada a <strong>aseguradora, intermediario, administrador, titular de la p\u00f3liza o contacto de reclamaciones formal pertinente identificado en la documentaci\u00f3n que se aplica a su producto y ruta espec\u00edficos<\/strong>.<\/p>\n\n\n\n<p>El contacto correcto para presentar quejas formales puede variar seg\u00fan el producto, la aseguradora, el intermediario, el administrador, el pa\u00eds y la jurisdicci\u00f3n involucrados. Por esa raz\u00f3n, siempre debe consultar <strong>documentos de pol\u00edtica oficial, T\u00e9rminos y Condiciones, informaci\u00f3n reglamentaria y cualquier documentaci\u00f3n espec\u00edfica del producto<\/strong> que aplican a tu reserva.<\/p>\n\n\n\n<p><strong>Informaci\u00f3n relacionada:<\/strong><\/p>\n\n\n\n<ul class=\"wp-block-list\">\n<li><strong>T\u00e9rminos Comerciales del Seguro:<\/strong> <a href=\"https:\/\/studysafe.travel\/es\/terminos-comerciales-de-seguros\/\">Leer<\/a><\/li>\n\n\n\n<li><strong>Informaci\u00f3n Regulatoria y Divulgaciones:<\/strong> <a href=\"https:\/\/studysafe.travel\/es\/divulgaciones-de-informacion-regulatoria\/\">Leer<\/a><\/li>\n<\/ul>\n\n\n\n<p><strong>Qu\u00e9 sucede despu\u00e9s:<\/strong><\/p>\n\n\n\n<ul class=\"wp-block-list\">\n<li>El proveedor pertinente o el equipo de reclamaciones debe acusar recibo y investigar su reclamaci\u00f3n de acuerdo con las normas, est\u00e1ndares y plazos de gesti\u00f3n de reclamaciones que se aplican a ese proveedor y producto.<\/li>\n\n\n\n<li>Es posible que se le soliciten documentos de respaldo o informaci\u00f3n adicional para que la queja pueda ser revisada adecuadamente.<\/li>\n\n\n\n<li>Donde la queja concierne a un proveedor regulado, pueden aplicarse derechos formales de tramitaci\u00f3n de quejas, plazos y derechos de escalada, dependiendo del pa\u00eds y del marco regulatorio involucrado.<\/li>\n<\/ul>\n\n\n\n<h3 class=\"wp-block-heading\">3) Si no queda satisfecho con el resultado (defensor del pueblo, MASC o regulador, cuando corresponda)<\/h3>\n\n\n\n<p>Si permanece insatisfecho despu\u00e9s de que el proveedor correspondiente haya tenido la oportunidad de revisar y responder a su queja, es posible que pueda escalar el asunto a <strong>defensor del pueblo, \u00f3rgano de resoluci\u00f3n alternativa de litigios, sistema de reclamaciones, regulador, autoridad supervisora, u otro \u00f3rgano competente<\/strong>, dependiendo del proveedor, pa\u00eds y producto involucrado.<\/p>\n\n\n\n<p>Por ejemplo, si la reclamaci\u00f3n se refiere a un proveedor regulado en Irlanda y el asunto entra dentro de su \u00e1mbito de competencia, la reclamaci\u00f3n podr\u00e1 ser elevada a <strong>Defensor del Pueblo de Servicios Financieros y Pensiones (FSPO)<\/strong> despu\u00e9s de que el proveedor haya tenido la oportunidad de resolverlo.<\/p>\n\n\n\n<p>Por favor, ten en cuenta que:<\/p>\n\n\n\n<ul class=\"wp-block-list\">\n<li>No todas las quejas caer\u00e1n dentro de la jurisdicci\u00f3n del mismo defensor del pueblo u organismo de reclamaciones.<\/li>\n\n\n\n<li>La ruta de escalada correcta puede diferir seg\u00fan si el proveedor correspondiente tiene su sede en Irlanda, Espa\u00f1a, otro pa\u00eds de la UE o fuera de la UE.<\/li>\n\n\n\n<li>El organismo de reclamaci\u00f3n, el regulador o la v\u00eda de resoluci\u00f3n de disputas que corresponda deber\u00e1 identificarse a partir de la documentaci\u00f3n oficial del producto y proveedor pertinente.<\/li>\n<\/ul>\n\n\n\n<h3 class=\"wp-block-heading\">4) Mantener registros<\/h3>\n\n\n\n<p>Para resolver reclamaciones de manera eficiente, por favor guarde copias de:<\/p>\n\n\n\n<ul class=\"wp-block-list\">\n<li>Su cotizaci\u00f3n, confirmaci\u00f3n de reserva y cualquier documento de pol\u00edtica o certificado<\/li>\n\n\n\n<li>Correos electr\u00f3nicos, mensajes u otras comunicaciones intercambiadas<\/li>\n\n\n\n<li>Recibos, facturas, capturas de pantalla, y cualquier evidencia de soporte relevante para el problema<\/li>\n\n\n\n<li>Cualquier acuse de recibo de una queja, n\u00famero de referencia de la queja o respuesta final que usted reciba<\/li>\n<\/ul>\n<\/div>","protected":false},"excerpt":{"rendered":"<p>Complaints Procedure Last updated: March 2026 We aim to provide a reliable, fair, and responsive service. If you are unhappy with any part of your experience, you have the right to complain and to have your complaint handled promptly and fairly. 1) Step 1 \u2014 Contact StudySafe first Please email support@studysafe.travel with: We will confirm&#8230;<\/p>","protected":false},"author":1,"featured_media":0,"parent":0,"menu_order":0,"comment_status":"closed","ping_status":"closed","template":"","meta":{"footnotes":""},"class_list":["post-260","page","type-page","status-publish","hentry"],"_links":{"self":[{"href":"https:\/\/studysafe.travel\/es\/wp-json\/wp\/v2\/pages\/260","targetHints":{"allow":["GET"]}}],"collection":[{"href":"https:\/\/studysafe.travel\/es\/wp-json\/wp\/v2\/pages"}],"about":[{"href":"https:\/\/studysafe.travel\/es\/wp-json\/wp\/v2\/types\/page"}],"author":[{"embeddable":true,"href":"https:\/\/studysafe.travel\/es\/wp-json\/wp\/v2\/users\/1"}],"replies":[{"embeddable":true,"href":"https:\/\/studysafe.travel\/es\/wp-json\/wp\/v2\/comments?post=260"}],"version-history":[{"count":3,"href":"https:\/\/studysafe.travel\/es\/wp-json\/wp\/v2\/pages\/260\/revisions"}],"predecessor-version":[{"id":1001,"href":"https:\/\/studysafe.travel\/es\/wp-json\/wp\/v2\/pages\/260\/revisions\/1001"}],"wp:attachment":[{"href":"https:\/\/studysafe.travel\/es\/wp-json\/wp\/v2\/media?parent=260"}],"curies":[{"name":"wp","href":"https:\/\/api.w.org\/{rel}","templated":true}]}}