{"id":267,"date":"2026-02-19T13:11:39","date_gmt":"2026-02-19T13:11:39","guid":{"rendered":"https:\/\/studysafe.travel\/?page_id=267"},"modified":"2026-03-30T14:49:55","modified_gmt":"2026-03-30T14:49:55","slug":"politica-de-cookies","status":"publish","type":"page","link":"https:\/\/studysafe.travel\/es\/cookie-policy\/","title":{"rendered":"Pol\u00edtica de Cookies"},"content":{"rendered":"<div class=\"wp-block-group has-background-background-color has-background is-layout-constrained wp-container-core-group-is-layout-ef55149e wp-block-group-is-layout-constrained\" style=\"margin-top:0;margin-bottom:0;padding-top:4rem;padding-right:var(--wp--preset--spacing--40);padding-bottom:6rem;padding-left:var(--wp--preset--spacing--40)\">\n<h2 class=\"wp-block-heading has-text-align-center\">Pol\u00edtica de Cookies<\/h2>\n\n\n\n<p class=\"has-text-align-center\"><strong>\u00daltima actualizaci\u00f3n:<\/strong> Marzo de 2026<\/p>\n\n\n\n<h3 class=\"wp-block-heading\">1) \u00bfQu\u00e9 son las cookies?<\/h3>\n\n\n\n<p>Las cookies son peque\u00f1os archivos de texto que se colocan en tu dispositivo cuando visitas un sitio web. Ayudan al sitio a funcionar correctamente, mejoran la experiencia del usuario, recuerdan preferencias, apoyan la seguridad y, en algunos casos, nos ayudan a comprender c\u00f3mo se utiliza el sitio.<\/p>\n\n\n\n<p>Tambi\u00e9n podemos utilizar tecnolog\u00edas similares como p\u00edxeles, etiquetas, scripts, SDK, balizas y almacenamiento local. En esta pol\u00edtica, nos referimos a ellas colectivamente como \u201ccookies\u201d.<\/p>\n\n\n\n<h3 class=\"wp-block-heading\">2) Por qu\u00e9 usamos cookies<\/h3>\n\n\n\n<p>Usamos cookies para:<\/p>\n\n\n\n<ul class=\"wp-block-list\">\n<li><strong>Ejecuta el sitio web de forma segura y confiable<\/strong> (incluyendo funcionalidad esencial, prevenci\u00f3n de fraudes y estabilidad t\u00e9cnica)<\/li>\n\n\n\n<li><strong>Recuerda tus preferencias<\/strong> (donde est\u00e9 habilitado, como en la configuraci\u00f3n de cookies u otras opciones del sitio)<\/li>\n\n\n\n<li><strong>Medir el rendimiento del sitio web<\/strong> (anal\u00edtica, cuando est\u00e9 habilitada y se permita)<\/li>\n\n\n\n<li><strong>Dar soporte a los procesos de cotizaci\u00f3n, reserva, incorporaci\u00f3n y pago<\/strong> (por ejemplo, para que las sesiones, los formularios, las herramientas integradas o los procesos de pago funcionen correctamente)<\/li>\n\n\n\n<li><strong>Mejorar el rendimiento del sitio web y la experiencia del usuario<\/strong> con el tiempo<\/li>\n<\/ul>\n\n\n\n<h3 class=\"wp-block-heading\">3) Tipos de cookies que podemos utilizar<\/h3>\n\n\n\n<h4 class=\"wp-block-heading\">A) Galletas estrictamente necesarias<\/h4>\n\n\n\n<p>Estas cookies son necesarias para que el sitio web funcione correctamente. Pueden dar soporte a la seguridad, la gesti\u00f3n de sesiones, la navegaci\u00f3n, el manejo de formularios, la gesti\u00f3n del consentimiento, los pasos de pago y otras funciones esenciales del sitio web. El sitio no puede funcionar correctamente sin ellas.<\/p>\n\n\n\n<h4 class=\"wp-block-heading\">B) Cookies de an\u00e1lisis y rendimiento (opcional)<\/h4>\n\n\n\n<p>Estas cookies nos ayudan a entender c\u00f3mo los visitantes usan el sitio, como qu\u00e9 p\u00e1ginas se visitan m\u00e1s, c\u00f3mo los usuarios se mueven por el sitio, d\u00f3nde ocurren problemas de rendimiento y c\u00f3mo podemos mejorar la experiencia. Solo usamos estas cookies cuando est\u00e1 permitido y, cuando es necesario, con su consentimiento.<\/p>\n\n\n\n<h4 class=\"wp-block-heading\">C) Cookies funcionales (opcional)<\/h4>\n\n\n\n<p>Estas cookies permiten que el sitio recuerde las elecciones que realices, como tus preferencias de cookies, preferencias de idioma u otras configuraciones, para ofrecerte una experiencia m\u00e1s consistente y personalizada.<\/p>\n\n\n\n<h4 class=\"wp-block-heading\">D) Cookies de marketing (opcional)<\/h4>\n\n\n\n<p>Si est\u00e1n habilitados, estas cookies pueden usarse para medir el rendimiento de marketing, comprender la efectividad de las campa\u00f1as o apoyar la entrega de contenido m\u00e1s relevante. Solo usamos cookies de marketing cuando legalmente est\u00e1 permitido y cuando has dado tu consentimiento si este es requerido.<\/p>\n\n\n\n<h3 class=\"wp-block-heading\">4) Cookies de terceros<\/h3>\n\n\n\n<p>Algunas cookies pueden ser colocadas por terceros cuyos servicios se utilizan en o a trav\u00e9s de nuestro sitio, incluyendo proveedores de an\u00e1lisis, herramientas de alojamiento, proveedores de contenido incrustado, procesadores de pago, proveedores de reservas o formularios, herramientas de consentimiento, servicios de seguridad u otros sistemas de terceros que ayudan a operar el sitio web y sus recorridos.<\/p>\n\n\n\n<p>Si el sitio web utiliza herramientas integradas de terceros, herramientas de cotizaci\u00f3n, herramientas de pago, procesamiento de pagos, an\u00e1lisis o contenido externo, esos proveedores pueden configurar cookies o tecnolog\u00edas similares necesarias para que sus servicios funcionen de manera segura y correcta. Estos terceros pueden procesar datos bajo sus propias pol\u00edticas de cookies y privacidad.<\/p>\n\n\n\n<h3 class=\"wp-block-heading\">5) Gesti\u00f3n de sus preferencias de cookies<\/h3>\n\n\n\n<p>Puedes administrar las cookies de las siguientes maneras:<\/p>\n\n\n\n<ul class=\"wp-block-list\">\n<li><strong>Banner\/configuraci\u00f3n de cookies (si est\u00e1 habilitado):<\/strong> Utilice la herramienta de preferencias de cookies del sitio para aceptar, rechazar o ajustar las cookies no esenciales.<\/li>\n\n\n\n<li><strong>Configuraci\u00f3n del navegador:<\/strong> La mayor\u00eda de los navegadores te permiten bloquear, eliminar o restringir las cookies.<\/li>\n\n\n\n<li><strong>Configuraci\u00f3n del dispositivo:<\/strong> Los dispositivos m\u00f3viles y las aplicaciones tambi\u00e9n pueden ofrecer controles de privacidad o de seguimiento.<\/li>\n<\/ul>\n\n\n\n<p>Tenga en cuenta: bloquear o deshabilitar las cookies estrictamente necesarias puede afectar la funcionalidad del sitio web, incluyendo formularios, comportamiento de inicio\/sesi\u00f3n, herramientas incrustadas y procesos de pago o reserva.<\/p>\n\n\n\n<h3 class=\"wp-block-heading\">6) No rastrear \/ controles de rastreo<\/h3>\n\n\n\n<p>Algunos navegadores ofrecen se\u00f1ales de \u201cNo rastrear\u201d o configuraciones de privacidad similares. Dado que no existe un est\u00e1ndar universal \u00fanico para interpretar estas se\u00f1ales, es posible que no respondamos a ellas de manera consistente. A\u00fan puede administrar las cookies a trav\u00e9s de la configuraci\u00f3n de su navegador, los controles de su dispositivo y cualquier herramienta de preferencias de cookies disponible en nuestro sitio.<\/p>\n\n\n\n<h3 class=\"wp-block-heading\">7) Actualizaciones de esta Pol\u00edtica de Cookies<\/h3>\n\n\n\n<p>Es posible que actualicemos esta Pol\u00edtica de Cookies de vez en cuando para reflejar cambios en el sitio web, las tecnolog\u00edas utilizadas, los servicios de terceros, los requisitos legales o los procesos operativos. La versi\u00f3n m\u00e1s reciente se publicar\u00e1 en esta p\u00e1gina con la fecha de \u201c\u00daltima actualizaci\u00f3n\u201d.<\/p>\n\n\n\n<h3 class=\"wp-block-heading\">8) Contacto<\/h3>\n\n\n\n<p>Si tiene preguntas sobre las cookies o su privacidad, p\u00f3ngase en contacto con: <strong><a href=\"mailto:support@studysafe.travel\">support@studysafe.travel<\/a><\/strong><\/p>\n<\/div>","protected":false},"excerpt":{"rendered":"<p>Cookie Policy Last updated: March 2026 1) What are cookies? Cookies are small text files placed on your device when you visit a website. They help the site function properly, improve user experience, remember preferences, support security, and in some cases help us understand how the site is used. We may also use similar technologies&#8230;<\/p>","protected":false},"author":1,"featured_media":0,"parent":0,"menu_order":0,"comment_status":"closed","ping_status":"closed","template":"","meta":{"footnotes":""},"class_list":["post-267","page","type-page","status-publish","hentry"],"_links":{"self":[{"href":"https:\/\/studysafe.travel\/es\/wp-json\/wp\/v2\/pages\/267","targetHints":{"allow":["GET"]}}],"collection":[{"href":"https:\/\/studysafe.travel\/es\/wp-json\/wp\/v2\/pages"}],"about":[{"href":"https:\/\/studysafe.travel\/es\/wp-json\/wp\/v2\/types\/page"}],"author":[{"embeddable":true,"href":"https:\/\/studysafe.travel\/es\/wp-json\/wp\/v2\/users\/1"}],"replies":[{"embeddable":true,"href":"https:\/\/studysafe.travel\/es\/wp-json\/wp\/v2\/comments?post=267"}],"version-history":[{"count":4,"href":"https:\/\/studysafe.travel\/es\/wp-json\/wp\/v2\/pages\/267\/revisions"}],"predecessor-version":[{"id":1000,"href":"https:\/\/studysafe.travel\/es\/wp-json\/wp\/v2\/pages\/267\/revisions\/1000"}],"wp:attachment":[{"href":"https:\/\/studysafe.travel\/es\/wp-json\/wp\/v2\/media?parent=267"}],"curies":[{"name":"wp","href":"https:\/\/api.w.org\/{rel}","templated":true}]}}