{"id":291,"date":"2026-02-19T13:28:21","date_gmt":"2026-02-19T13:28:21","guid":{"rendered":"https:\/\/studysafe.travel\/?page_id=291"},"modified":"2026-03-30T15:01:32","modified_gmt":"2026-03-30T15:01:32","slug":"terminos-comerciales-de-seguros","status":"publish","type":"page","link":"https:\/\/studysafe.travel\/es\/insurance-terms-of-business\/","title":{"rendered":"T\u00e9rminos de negocio de seguros"},"content":{"rendered":"<div class=\"wp-block-group has-background-background-color has-background is-layout-constrained wp-container-core-group-is-layout-ef55149e wp-block-group-is-layout-constrained\" style=\"margin-top:0;margin-bottom:0;padding-top:4rem;padding-right:var(--wp--preset--spacing--40);padding-bottom:6rem;padding-left:var(--wp--preset--spacing--40)\">\n<h2 class=\"wp-block-heading has-text-align-center\">T\u00e9rminos de negocio de seguros<\/h2>\n\n\n\n<p class=\"has-text-align-center\"><strong>\u00daltima actualizaci\u00f3n:<\/strong> Marzo de 2026<\/p>\n\n\n\n<p class=\"has-text-align-center\">Esta p\u00e1gina resume los principios clave de los \u201cT\u00e9rminos de Negocio\u201d que pueden aplicarse cuando se solicita, organiza, administra o apoya un seguro a trav\u00e9s de StudySafe. Explica los est\u00e1ndares de servicio, las divulgaciones y la informaci\u00f3n contractual o regulatoria importante. Los T\u00e9rminos de Negocio exactos que se aplican pueden variar seg\u00fan la aseguradora, el intermediario, el administrador, el producto, el destino y la ruta de reserva involucrados. Si algo en esta p\u00e1gina difiere de la <strong>T\u00e9rminos de Negocio oficiales o documentaci\u00f3n del proveedor aplicable a su producto espec\u00edfico<\/strong>, el <strong>la documentaci\u00f3n oficial prevalece<\/strong>.<\/p>\n\n\n\n<p><strong>Informaci\u00f3n relacionada:<\/strong><\/p>\n\n\n\n<ul class=\"wp-block-list\">\n<li><strong>Informaci\u00f3n Regulatoria y Divulgaciones:<\/strong> <a href=\"https:\/\/studysafe.travel\/es\/divulgaciones-de-informacion-regulatoria\/\">Leer<\/a><\/li>\n<\/ul>\n\n\n\n<h3 class=\"wp-block-heading\">1) Qu\u00e9 significa \u201cT\u00e9rminos de Negocio\u201d<\/h3>\n\n\n\n<p>Los T\u00e9rminos Comerciales son el documento formal, aviso o conjunto de divulgaciones contractuales que explican c\u00f3mo la aseguradora, el intermediario, el administrador, el distribuidor o el proveedor relevante ofrece sus servicios. Puede incluir informaci\u00f3n sobre el estado regulatorio, el alcance del servicio, la remuneraci\u00f3n o comisi\u00f3n, la base de asesoramiento, el manejo de quejas, la protecci\u00f3n de datos, los conflictos de intereses, el manejo de cancelaciones y otras divulgaciones importantes para el cliente.<\/p>\n\n\n\n<h3 class=\"wp-block-heading\">2) C\u00f3mo se organiza el seguro<\/h3>\n\n\n\n<p>El seguro ofrecido a trav\u00e9s de StudySafe puede ser organizado, administrado, distribuido o respaldado por una o m\u00e1s aseguradoras, intermediarios, administradores, distribuidores, proveedores de pago u otros socios relevantes autorizados, dependiendo del producto y la v\u00eda. Su contrato de seguro, si se emite, se rige por los documentos de p\u00f3liza aplicables, el certificado, los t\u00e9rminos del proveedor y cualquier documentaci\u00f3n espec\u00edfica del producto disponible para esa v\u00eda.<\/p>\n\n\n\n<p><strong>Documentos relacionados:<\/strong><\/p>\n\n\n\n<ul class=\"wp-block-list\">\n<li><strong>T\u00e9rminos y Condiciones (Sitio Web + T\u00e9rminos de Reserva):<\/strong> <a href=\"https:\/\/studysafe.travel\/es\/terminos-y-condiciones\/\">Leer<\/a><\/li>\n\n\n\n<li><strong>Informaci\u00f3n Regulatoria y Divulgaciones:<\/strong> <a href=\"https:\/\/studysafe.travel\/es\/divulgaciones-de-informacion-regulatoria\/\">Leer<\/a><\/li>\n<\/ul>\n\n\n\n<h3 class=\"wp-block-heading\">3) Base de asesoramiento<\/h3>\n\n\n\n<p>Donde se brinde asesoramiento, recomendaci\u00f3n, orientaci\u00f3n o apoyo en la selecci\u00f3n de productos, la base sobre la que se proporcione puede variar seg\u00fan el producto y el proveedor. En algunos casos, esto puede basarse en una <strong>an\u00e1lisis limitado<\/strong> de productos o proveedores disponibles en lugar de una revisi\u00f3n completa del mercado. Debe consultar la documentaci\u00f3n del proveedor aplicable para conocer la base exacta que se aplica a su ruta.<\/p>\n\n\n\n<h3 class=\"wp-block-heading\">4) Remuneraci\u00f3n \/ comisi\u00f3n<\/h3>\n\n\n\n<p>El intermediario, administrador, distribuidor, socio o proveedor pertinente puede recibir comisiones, honorarios, remuneraci\u00f3n por servicios u otra compensaci\u00f3n legal de aseguradoras, suscriptores, tomadores de seguros, clientes, flujos de pago u otros acuerdos comerciales autorizados, dependiendo de la estructura del producto y la ruta. La documentaci\u00f3n del proveedor aplicable debe explicar la base de remuneraci\u00f3n pertinente cuando sea necesario.<\/p>\n\n\n\n<h3 class=\"wp-block-heading\">5) Conflictos de inter\u00e9s<\/h3>\n\n\n\n<p>Cualquier conflicto de intereses debe identificarse, gestionarse y divulgarse de acuerdo con las pol\u00edticas, los procedimientos y los requisitos normativos que se apliquen al proveedor, producto y jurisdicci\u00f3n pertinentes. Cuando sea necesario, la documentaci\u00f3n aplicable del proveedor debe explicar c\u00f3mo se gestionan los conflictos.<\/p>\n\n\n\n<h3 class=\"wp-block-heading\">6) Tu deber de proporcionar informaci\u00f3n precisa<\/h3>\n\n\n\n<p>Usted debe tomar las precauciones razonables para proporcionar informaci\u00f3n completa, precisa y actualizada durante todo el proceso de cotizaci\u00f3n, reserva, incorporaci\u00f3n, pago y seguro. Informaci\u00f3n incorrecta, incompleta, enga\u00f1osa o desactualizada puede afectar la elegibilidad, los precios, la emisi\u00f3n de documentos, la validez de la p\u00f3liza, las reclamaciones, las quejas, las cancelaciones o los reembolsos, seg\u00fan las reglas del producto aplicable y la documentaci\u00f3n del proveedor.<\/p>\n\n\n\n<h3 class=\"wp-block-heading\">7) Cancelaciones y reembolsos<\/h3>\n\n\n\n<p>Los derechos de cancelaci\u00f3n, derechos de desistimiento, condiciones de reembolso, situaciones no reembolsables y reglas de cancelaci\u00f3n operativa pueden variar seg\u00fan la aseguradora, el intermediario, el administrador, el producto, la jurisdicci\u00f3n y la etapa de la transacci\u00f3n. Siempre debe consultar la documentaci\u00f3n del proveedor aplicable y los documentos de la p\u00f3liza para conocer las reglas exactas que se aplican a su ruta.<\/p>\n\n\n\n<p><strong>Leer:<\/strong><\/p>\n\n\n\n<ul class=\"wp-block-list\">\n<li><strong>Pol\u00edtica de Cancelaci\u00f3n y Reembolso:<\/strong> <a href=\"https:\/\/studysafe.travel\/es\/politica-de-reembolso-de-cancelacion\/\">Ver pol\u00edtica<\/a><\/li>\n<\/ul>\n\n\n\n<h3 class=\"wp-block-heading\">8) Quejas<\/h3>\n\n\n\n<p>Tiene derecho a quejarse. Las v\u00edas de gesti\u00f3n de quejas pueden variar seg\u00fan si el asunto se relaciona con StudySafe, el proceso de navegaci\u00f3n en el sitio web, una aseguradora, un intermediario, un administrador, un tramitador de siniestros u otro proveedor relevante. Los derechos de escalada externa, los plazos de gesti\u00f3n de quejas y las opciones de ombudsman o de resoluci\u00f3n alternativa de litigios (ADR) tambi\u00e9n pueden variar seg\u00fan el producto, el proveedor y la jurisdicci\u00f3n.<\/p>\n\n\n\n<p><strong>Leer:<\/strong><\/p>\n\n\n\n<ul class=\"wp-block-list\">\n<li><strong>Procedimiento de Quejas:<\/strong> <a href=\"https:\/\/studysafe.travel\/es\/procedimiento-de-reclamaciones\/\">Ver pol\u00edtica<\/a><\/li>\n<\/ul>\n\n\n\n<h3 class=\"wp-block-heading\">9) Privacidad y protecci\u00f3n de datos<\/h3>\n\n\n\n<p>Los datos personales pueden ser procesados por StudySafe y, cuando corresponda, por aseguradoras, intermediarios, administradores, proveedores de pago, gestores de siniestros, proveedores de asistencia, proveedores de telemedicina u otras partes autorizadas involucradas en la ruta aplicable. Los datos se procesan de acuerdo con las leyes de privacidad aplicables, los avisos de los proveedores, la documentaci\u00f3n contractual y los requisitos operativos.<\/p>\n\n\n\n<p><strong>Leer:<\/strong><\/p>\n\n\n\n<ul class=\"wp-block-list\">\n<li><strong>Pol\u00edtica de Privacidad:<\/strong> <a href=\"https:\/\/studysafe.travel\/es\/politica-de-privacidad\/\">Ver pol\u00edtica<\/a><\/li>\n\n\n\n<li><strong>Pol\u00edtica de cookies:<\/strong> <a href=\"https:\/\/studysafe.travel\/es\/politica-de-cookies\/\">Ver pol\u00edtica<\/a><\/li>\n<\/ul>\n\n\n\n<h3 class=\"wp-block-heading\">10) Seguro de indemnizaci\u00f3n profesional (PII)<\/h3>\n\n\n\n<p>Donde la ley o la regulaci\u00f3n lo exijan, el intermediario relevante o el proveedor regulado puede mantener un seguro de indemnizaci\u00f3n profesional o protecciones equivalentes de acuerdo con las normas aplicables a dicho proveedor y jurisdicci\u00f3n. La existencia, el alcance y la base regulatoria de dicha protecci\u00f3n pueden variar seg\u00fan el proveedor involucrado.<\/p>\n\n\n\n<h3 class=\"wp-block-heading\">11) Contacto<\/h3>\n\n\n\n<p>Preguntas sobre estos T\u00e9rminos de Negocio de Seguros: <strong><a href=\"mailto:support@studysafe.travel\">support@studysafe.travel<\/a><\/strong><\/p>\n<\/div>","protected":false},"excerpt":{"rendered":"<p>Insurance Terms of Business Last updated: March 2026 This page summarises the key \u201cTerms of Business\u201d principles that may apply when insurance is requested, arranged, administered, or supported through StudySafe. It explains service standards, disclosures, and important contractual or regulatory information. The exact Terms of Business that apply may vary depending on the insurer, intermediary,&#8230;<\/p>","protected":false},"author":1,"featured_media":0,"parent":0,"menu_order":0,"comment_status":"closed","ping_status":"closed","template":"","meta":{"footnotes":""},"class_list":["post-291","page","type-page","status-publish","hentry"],"_links":{"self":[{"href":"https:\/\/studysafe.travel\/es\/wp-json\/wp\/v2\/pages\/291","targetHints":{"allow":["GET"]}}],"collection":[{"href":"https:\/\/studysafe.travel\/es\/wp-json\/wp\/v2\/pages"}],"about":[{"href":"https:\/\/studysafe.travel\/es\/wp-json\/wp\/v2\/types\/page"}],"author":[{"embeddable":true,"href":"https:\/\/studysafe.travel\/es\/wp-json\/wp\/v2\/users\/1"}],"replies":[{"embeddable":true,"href":"https:\/\/studysafe.travel\/es\/wp-json\/wp\/v2\/comments?post=291"}],"version-history":[{"count":3,"href":"https:\/\/studysafe.travel\/es\/wp-json\/wp\/v2\/pages\/291\/revisions"}],"predecessor-version":[{"id":1003,"href":"https:\/\/studysafe.travel\/es\/wp-json\/wp\/v2\/pages\/291\/revisions\/1003"}],"wp:attachment":[{"href":"https:\/\/studysafe.travel\/es\/wp-json\/wp\/v2\/media?parent=291"}],"curies":[{"name":"wp","href":"https:\/\/api.w.org\/{rel}","templated":true}]}}