{"id":581,"date":"2026-03-24T15:51:41","date_gmt":"2026-03-24T15:51:41","guid":{"rendered":"https:\/\/studysafe.travel\/?page_id=581"},"modified":"2026-04-27T10:43:17","modified_gmt":"2026-04-27T10:43:17","slug":"voy-a-irlanda","status":"publish","type":"page","link":"https:\/\/studysafe.travel\/es\/im-going-to-ireland\/","title":{"rendered":"Voy a Irlanda"},"content":{"rendered":"<link rel=\"stylesheet\" href=\"https:\/\/fonts.googleapis.com\/css2?family=Geist:wght@400;500;600;700;800\" \/>\n<div class=\"wp-block-group has-background is-layout-constrained wp-container-core-group-is-layout-eb65c542 wp-block-group-is-layout-constrained\" style=\"background:linear-gradient(135deg,rgb(243,248,255) 46%,rgb(255,243,243) 100%);margin-top:0;margin-bottom:0;padding-top:80px;padding-right:26px;padding-bottom:100px;padding-left:26px;font-size:16px;font-style:normal;font-weight:400;line-height:1.6; font-family: 'Geist' !important;\">\n\n\n<div style=\"height:25px\" aria-hidden=\"true\" class=\"wp-block-spacer\"><\/div>\n\n\n\n<div class=\"wp-block-columns alignwide is-layout-flex wp-container-core-columns-is-layout-f74a9aa3 wp-block-columns-is-layout-flex\" style=\"margin-top:0;margin-bottom:0;padding-top:0;padding-right:0;padding-bottom:0;padding-left:0\">\n<div class=\"wp-block-column is-vertically-aligned-top is-layout-flow wp-container-core-column-is-layout-a77db08e wp-block-column-is-layout-flow\">\n<figure class=\"wp-block-image size-full has-custom-border cozy-responsive-show__initialized\" data-desktop-show=\"1\" data-tablet-show=\"\" data-tablet-viewport-width=\"980\" data-mobile-show=\"\" data-mobile-viewport-width=\"767\" style=\"margin-top:0;margin-bottom:0\"><img loading=\"lazy\" decoding=\"async\" width=\"635\" height=\"631\" src=\"https:\/\/studysafe.travel\/wp-content\/uploads\/2026\/02\/safew-study-travel-happy-students-medical-insurance.png\" alt=\"\" class=\"wp-image-16\" style=\"border-style:none;border-width:0px;border-top-left-radius:0px;border-top-right-radius:0px;border-bottom-left-radius:0px;border-bottom-right-radius:0px\" srcset=\"https:\/\/studysafe.travel\/wp-content\/uploads\/2026\/02\/safew-study-travel-happy-students-medical-insurance.png 635w, https:\/\/studysafe.travel\/wp-content\/uploads\/2026\/02\/safew-study-travel-happy-students-medical-insurance-300x298.png 300w, https:\/\/studysafe.travel\/wp-content\/uploads\/2026\/02\/safew-study-travel-happy-students-medical-insurance-150x150.png 150w\" sizes=\"auto, (max-width: 635px) 100vw, 635px\" \/><\/figure>\n<\/div>\n\n\n<link rel=\"stylesheet\" href=\"https:\/\/fonts.googleapis.com\/css2?family=Geist:wght@400;500;600;700;800\" \/>\n<div class=\"wp-block-column is-content-justification-left is-layout-constrained wp-container-core-column-is-layout-e710f4ca wp-block-column-is-layout-constrained\" style=\"flex-basis:55%; font-family: 'Geist' !important;\">\n<div class=\"wp-block-group is-nowrap is-layout-flex wp-container-core-group-is-layout-ecba6b92 wp-block-group-is-layout-flex\" style=\"margin-top:0;margin-bottom:0\">\n<p class=\"has-text-align-center has-text-color has-background has-link-color wp-elements-3f423a03d8808b1a0fe1c824540b944d\" style=\"border-radius:100px;color:#FF8A1F;background-color:#FFE1C5;padding-top:6px;padding-right:16px;padding-bottom:6px;padding-left:16px;font-size:14px;font-style:normal;font-weight:500\">Voy a Irlanda<\/p>\n<\/div>\n\n\n\n<h2 class=\"wp-block-heading has-text-color has-link-color wp-elements-65a399723d48f7b59659a394728c7264\" style=\"color:#031d1b;margin-top:6px;margin-bottom:16px;font-size:48px;font-style:normal;font-weight:600;line-height:1.2\">Seguro para estudiantes internacionales y viajeros educativos que van a Irlanda<\/h2>\n\n\n\n<p class=\"has-text-color has-link-color wp-elements-b88e7da85ae82be159d9f9abb42e07d6\" style=\"color:#8d8d8e\">Elija la opci\u00f3n que mejor se adapte a su caso y contin\u00fae por la ruta m\u00e1s relevante a Irlanda. SafeStudy Ireland ahora incluye diferentes trayectos de producto para distintos tipos de estudiantes y viajeros educativos.<\/p>\n\n\n\n<p class=\"has-text-color has-link-color wp-elements-d1af67bdd39bf5508f06df6ff57ddce9\" style=\"color:#8d8d8e\">Cada ruta tiene su propio \u00e1mbito, elegibilidad, redacci\u00f3n y pr\u00f3ximos pasos. Algunas rutas ya est\u00e1n activas, mientras que otras se est\u00e1n preparando y pueden requerir una revisi\u00f3n manual hasta que se complete la implementaci\u00f3n.<\/p>\n<\/div>\n<\/div>\n<\/div>\n\n\n<link rel=\"stylesheet\" href=\"https:\/\/fonts.googleapis.com\/css2?family=Geist:wght@400;500;600;700;800\" \/>\n<div class=\"wp-block-group is-layout-constrained wp-container-core-group-is-layout-348b0b51 wp-block-group-is-layout-constrained\" style=\"margin-top:0;margin-bottom:0;padding-top:20px;padding-right:26px;padding-bottom:90px;padding-left:26px; font-family: 'Geist' !important;\">\n<h2 class=\"wp-block-heading has-text-align-center has-text-color has-link-color wp-elements-ac5bd71d6c0589d3df64ef9e443fc437\" style=\"color:#031d1b;margin-top:6px;margin-bottom:16px;font-size:48px;font-style:normal;font-weight:600;line-height:1.2\">Comience seleccionando su ruta a continuaci\u00f3n.<\/h2>\n\n\n\n<div class=\"cozy-block-wrapper\">\n\t\n<div class=\"cozy-block-featured-content-box display-grid layout-default\" id=\"cozyBlock_e1f849f8_8881_40c1_9b3e_deb50997f224\"><div class=\"cozy-grid-wrapper\">\n<div class=\"cozy-block-grid\">\n<div class=\"wp-block-group cozy-featured-content-box__container has-border-color has-background is-layout-constrained wp-container-core-group-is-layout-b000b24e wp-block-group-is-layout-constrained\" style=\"border-color:#e8eef5;border-width:1px;border-radius:24px;background-color:#ffffff;padding-top:28px;padding-right:24px;padding-bottom:28px;padding-left:24px\">\n<p class=\"has-text-align-center has-text-color has-background has-link-color wp-elements-85cdc5b2c1f15b706e335ad9cc60f769\" style=\"border-radius:100px;color:#FF8A1F;background-color:#FFE1C5;padding-top:6px;padding-right:14px;padding-bottom:6px;padding-left:14px;font-size:13px;font-style:normal;font-weight:500\"><strong>Estudiantes de escuela de idiomas<\/strong><\/p>\n\n\n\n<h4 class=\"wp-block-heading has-text-align-center has-text-color\" style=\"color:#031d1b;font-size:28px;font-weight:600;line-height:1.25\">A\u00f1o Acad\u00e9mico \/ Rutas de Estudio y Trabajo<\/h4>\n\n\n\n<p class=\"has-text-align-center has-text-color\" style=\"color:#8d8d8e\">Esta es la ruta de Irlanda para estudiantes internacionales que viajan a Irlanda para un A\u00f1o Acad\u00e9mico \/ programa de Estudio y Trabajo a trav\u00e9s de una escuela de idiomas.<\/p>\n\n\n\n<div class=\"wp-block-buttons is-content-justification-center is-layout-flex wp-container-core-buttons-is-layout-7c0654d5 wp-block-buttons-is-layout-flex\" style=\"margin-top:16px\">\n<div class=\"wp-block-button is-style-button-hover-white-bgcolor\"><a class=\"wp-block-button__link wp-element-button\" href=\"https:\/\/studysafe.travel\/es\/voy-a-irlanda\/estudiantes-de-idiomas\/\">Explora esta ruta<\/a><\/div>\n<\/div>\n<\/div>\n<\/div>\n\n\n\n<div class=\"cozy-block-grid\">\n<div class=\"wp-block-group cozy-featured-content-box__container has-border-color has-background is-layout-constrained wp-container-core-group-is-layout-b000b24e wp-block-group-is-layout-constrained\" style=\"border-color:#e8eef5;border-width:1px;border-radius:24px;background-color:#ffffff;padding-top:28px;padding-right:24px;padding-bottom:28px;padding-left:24px\">\n<p class=\"has-text-align-center has-text-color has-background has-link-color wp-elements-981b6036995013ef998eb2184e3f4e8f\" style=\"border-radius:100px;color:#FF8A1F;background-color:#FFE1C5;padding-top:6px;padding-right:14px;padding-bottom:6px;padding-left:14px;font-size:13px;font-style:normal;font-weight:500\"><strong>Estudiantes de educaci\u00f3n superior<\/strong><\/p>\n\n\n\n<h4 class=\"wp-block-heading has-text-align-center has-text-color\" style=\"color:#031d1b;font-size:28px;font-weight:600;line-height:1.25\">Rutas de universidad y colegio<\/h4>\n\n\n\n<p class=\"has-text-align-center has-text-color\" style=\"color:#8d8d8e\">Esta es la ruta de Irlanda para estudiantes internacionales que viajan a Irlanda para programas universitarios, de colegio u otra educaci\u00f3n superior.<\/p>\n\n\n\n<p class=\"has-text-align-center has-text-color\" style=\"color:#b0b0b1;font-size:14px;font-style:normal;font-weight:500\">Pr\u00f3ximamente<\/p>\n<\/div>\n<\/div>\n\n\n\n<div class=\"cozy-block-grid\">\n<div class=\"wp-block-group cozy-featured-content-box__container has-border-color has-background is-layout-constrained wp-container-core-group-is-layout-b000b24e wp-block-group-is-layout-constrained\" style=\"border-color:#e8eef5;border-width:1px;border-radius:24px;background-color:#ffffff;padding-top:28px;padding-right:24px;padding-bottom:28px;padding-left:24px\">\n<p class=\"has-text-align-center has-text-color has-background has-link-color wp-elements-069dda8c7f37b8a74a0b5410fc8a3170\" style=\"border-radius:100px;color:#FF8A1F;background-color:#FFE1C5;padding-top:6px;padding-right:14px;padding-bottom:6px;padding-left:14px;font-size:13px;font-style:normal;font-weight:500\"><strong>Becarios<\/strong><\/p>\n\n\n\n<h4 class=\"wp-block-heading has-text-align-center has-text-color\" style=\"color:#031d1b;font-size:28px;font-weight:600;line-height:1.25\">Rutas de pr\u00e1cticas y pasant\u00edas<\/h4>\n\n\n\n<p class=\"has-text-align-center has-text-color\" style=\"color:#8d8d8e\">Esta es la ruta de Irlanda para viajeros educativos que van a Irlanda para una pasant\u00eda o experiencia de capacitaci\u00f3n vinculada a un viaje acad\u00e9mico o educativo.<\/p>\n\n\n\n<p class=\"has-text-align-center has-text-color\" style=\"color:#b0b0b1;font-size:14px;font-style:normal;font-weight:500\">Pr\u00f3ximamente<\/p>\n<\/div>\n<\/div>\n\n\n\n<div class=\"cozy-block-grid\">\n<div class=\"wp-block-group cozy-featured-content-box__container has-border-color has-background is-layout-constrained wp-container-core-group-is-layout-b000b24e wp-block-group-is-layout-constrained\" style=\"border-color:#e8eef5;border-width:1px;border-radius:24px;background-color:#ffffff;padding-top:28px;padding-right:24px;padding-bottom:28px;padding-left:24px\">\n<p class=\"has-text-align-center has-text-color has-background has-link-color wp-elements-f7e42e2641532cd64efebb3928dd5ce6\" style=\"border-radius:100px;color:#FF8A1F;background-color:#FFE1C5;padding-top:6px;padding-right:14px;padding-bottom:6px;padding-left:14px;font-size:13px;font-style:normal;font-weight:500\"><strong>L\u00edderes de grupo<\/strong><\/p>\n\n\n\n<h4 class=\"wp-block-heading has-text-align-center has-text-color\" style=\"color:#031d1b;font-size:28px;font-weight:600;line-height:1.25\">Seguro para l\u00edderes de grupo y chaperones<\/h4>\n\n\n\n<p class=\"has-text-align-center has-text-color\" style=\"color:#8d8d8e\">Esta es la ruta de Irlanda para l\u00edderes de grupo, acompa\u00f1antes o supervisores que viajan con estudiantes internacionales como parte de un viaje educativo organizado.<\/p>\n\n\n\n<p class=\"has-text-align-center has-text-color\" style=\"color:#b0b0b1;font-size:14px;font-style:normal;font-weight:500\">Pr\u00f3ximamente<\/p>\n<\/div>\n<\/div>\n\n\n\n<div class=\"cozy-block-grid\">\n<div class=\"wp-block-group cozy-featured-content-box__container has-border-color has-background is-layout-constrained wp-container-core-group-is-layout-b000b24e wp-block-group-is-layout-constrained\" style=\"border-color:#e8eef5;border-width:1px;border-radius:24px;background-color:#ffffff;padding-top:28px;padding-right:24px;padding-bottom:28px;padding-left:24px\">\n<p class=\"has-text-align-center has-text-color has-background has-link-color wp-elements-73d6f1e07a1d47ec2abbcdad3a839391\" style=\"border-radius:100px;color:#FF8A1F;background-color:#FFE1C5;padding-top:6px;padding-right:14px;padding-bottom:6px;padding-left:14px;font-size:13px;font-style:normal;font-weight:500\"><strong>Familiares \/ Dependientes<\/strong><\/p>\n\n\n\n<h4 class=\"wp-block-heading has-text-align-center has-text-color\" style=\"color:#031d1b;font-size:28px;font-weight:600;line-height:1.25\">Rutas para acompa\u00f1ar a familiares y dependientes<\/h4>\n\n\n\n<p class=\"has-text-align-center has-text-color\" style=\"color:#8d8d8e\">Esta es la ruta de Irlanda para familiares inmediatos o dependientes que acompa\u00f1an a un estudiante internacional que viaja a Irlanda bajo un viaje educativo v\u00e1lido.<\/p>\n\n\n\n<p class=\"has-text-align-center has-text-color\" style=\"color:#b0b0b1;font-size:14px;font-style:normal;font-weight:500\">Pr\u00f3ximamente<\/p>\n<\/div>\n<\/div>\n\n\n\n<div class=\"cozy-block-grid\">\n<div class=\"wp-block-group cozy-featured-content-box__container has-border-color has-background is-layout-constrained wp-container-core-group-is-layout-b000b24e wp-block-group-is-layout-constrained\" style=\"border-color:#e8eef5;border-width:1px;border-radius:24px;background-color:#ffffff;padding-top:28px;padding-right:24px;padding-bottom:28px;padding-left:24px\">\n<p class=\"has-text-align-center has-text-color has-background has-link-color wp-elements-c9c1d5b3c205c89468bd25b8c397f93a\" style=\"border-radius:100px;color:#FF8A1F;background-color:#FFE1C5;padding-top:6px;padding-right:14px;padding-bottom:6px;padding-left:14px;font-size:13px;font-style:normal;font-weight:500\"><strong>\u00bfNecesita ayuda para elegir?<\/strong><\/p>\n\n\n\n<h4 class=\"wp-block-heading has-text-align-center has-text-color\" style=\"color:#031d1b;font-size:28px;font-weight:600;line-height:1.25\">\u00bfNo est\u00e1s seguro de qu\u00e9 ruta se ajusta a tu caso?<\/h4>\n\n\n\n<p class=\"has-text-align-center has-text-color\" style=\"color:#8d8d8e\">Esta es la ruta de soporte de Irlanda para viajeros cuyo caso no coincide claramente con una de las rutas de productos anteriores, o que necesitan orientaci\u00f3n antes de continuar.<\/p>\n\n\n\n<div class=\"wp-block-buttons is-content-justification-center is-layout-flex wp-container-core-buttons-is-layout-7c0654d5 wp-block-buttons-is-layout-flex\" style=\"margin-top:16px\">\n<div class=\"wp-block-button is-style-button-hover-white-bgcolor\"><a class=\"wp-block-button__link wp-element-button\" href=\"https:\/\/studysafe.travel\/es\/contacta-con-soporte\/\">Cont\u00e1ctanos<\/a><\/div>\n<\/div>\n<\/div>\n<\/div>\n<\/div><\/div>\n<\/div><\/div>\n\n\n\n<p><\/p>","protected":false},"excerpt":{"rendered":"<p>I&#8217;m Going to Ireland Insurance for International Students and Educational Travellers Going to Ireland Choose the option that best matches your case and continue to the most relevant Ireland route. SafeStudy Ireland now includes different product paths for different types of students and educational travellers. Each route has its own scope, eligibility, wording and next&#8230;<\/p>","protected":false},"author":1,"featured_media":0,"parent":0,"menu_order":0,"comment_status":"closed","ping_status":"closed","template":"","meta":{"footnotes":""},"class_list":["post-581","page","type-page","status-publish","hentry"],"_links":{"self":[{"href":"https:\/\/studysafe.travel\/es\/wp-json\/wp\/v2\/pages\/581","targetHints":{"allow":["GET"]}}],"collection":[{"href":"https:\/\/studysafe.travel\/es\/wp-json\/wp\/v2\/pages"}],"about":[{"href":"https:\/\/studysafe.travel\/es\/wp-json\/wp\/v2\/types\/page"}],"author":[{"embeddable":true,"href":"https:\/\/studysafe.travel\/es\/wp-json\/wp\/v2\/users\/1"}],"replies":[{"embeddable":true,"href":"https:\/\/studysafe.travel\/es\/wp-json\/wp\/v2\/comments?post=581"}],"version-history":[{"count":72,"href":"https:\/\/studysafe.travel\/es\/wp-json\/wp\/v2\/pages\/581\/revisions"}],"predecessor-version":[{"id":2024,"href":"https:\/\/studysafe.travel\/es\/wp-json\/wp\/v2\/pages\/581\/revisions\/2024"}],"wp:attachment":[{"href":"https:\/\/studysafe.travel\/es\/wp-json\/wp\/v2\/media?parent=581"}],"curies":[{"name":"wp","href":"https:\/\/api.w.org\/{rel}","templated":true}]}}