{"id":963,"date":"2026-03-30T12:15:06","date_gmt":"2026-03-30T12:15:06","guid":{"rendered":"https:\/\/studysafe.travel\/?page_id=963"},"modified":"2026-04-27T09:57:54","modified_gmt":"2026-04-27T09:57:54","slug":"estudiantes-de-idiomas","status":"publish","type":"page","link":"https:\/\/studysafe.travel\/es\/im-going-to-ireland\/language-school-students\/","title":{"rendered":"Estudiantes de escuela de idiomas"},"content":{"rendered":"<link rel=\"stylesheet\" href=\"https:\/\/fonts.googleapis.com\/css2?family=Geist:wght@400;500;600;700;800\" \/>\n<div class=\"wp-block-group has-background is-layout-constrained wp-container-core-group-is-layout-eb65c542 wp-block-group-is-layout-constrained\" style=\"background:linear-gradient(135deg,rgb(243,248,255) 46%,rgb(255,243,243) 100%);margin-top:0;margin-bottom:0;padding-top:80px;padding-right:26px;padding-bottom:100px;padding-left:26px;font-size:16px;font-style:normal;font-weight:400;line-height:1.6; font-family: 'Geist' !important;\">\n\n\n<div style=\"height:25px\" aria-hidden=\"true\" class=\"wp-block-spacer\"><\/div>\n\n\n\n<div class=\"wp-block-columns alignwide is-layout-flex wp-container-core-columns-is-layout-f74a9aa3 wp-block-columns-is-layout-flex\" style=\"margin-top:0;margin-bottom:0;padding-top:0;padding-right:0;padding-bottom:0;padding-left:0\">\n<div class=\"wp-block-column is-vertically-aligned-top is-layout-flow wp-container-core-column-is-layout-a77db08e wp-block-column-is-layout-flow cozy-animation__initialized\">\n<figure class=\"wp-block-image size-full has-custom-border cozy-responsive-show__initialized cozy-hover-effect__initialized\" style=\"\" data-desktop-show=\"1\" data-tablet-show=\"\" data-tablet-viewport-width=\"980\" data-mobile-show=\"\" data-mobile-viewport-width=\"767\"><img loading=\"lazy\" decoding=\"async\" width=\"635\" height=\"631\" src=\"https:\/\/studysafe.travel\/wp-content\/uploads\/2026\/02\/safew-study-travel-happy-students-medical-insurance.png\" alt=\"\" class=\"wp-image-16\" style=\"border-style:none;border-width:0px;border-top-left-radius:0px;border-top-right-radius:0px;border-bottom-left-radius:0px;border-bottom-right-radius:0px\" srcset=\"https:\/\/studysafe.travel\/wp-content\/uploads\/2026\/02\/safew-study-travel-happy-students-medical-insurance.png 635w, https:\/\/studysafe.travel\/wp-content\/uploads\/2026\/02\/safew-study-travel-happy-students-medical-insurance-300x298.png 300w, https:\/\/studysafe.travel\/wp-content\/uploads\/2026\/02\/safew-study-travel-happy-students-medical-insurance-150x150.png 150w\" sizes=\"auto, (max-width: 635px) 100vw, 635px\" \/><\/figure>\n<\/div>\n\n\n<link rel=\"stylesheet\" href=\"https:\/\/fonts.googleapis.com\/css2?family=Geist:wght@400;500;600;700;800\" \/>\n<div class=\"wp-block-column is-content-justification-left is-layout-constrained wp-container-core-column-is-layout-e710f4ca wp-block-column-is-layout-constrained\" style=\"flex-basis:55%; font-family: 'Geist' !important;\">\n<div class=\"wp-block-group is-nowrap is-layout-flex wp-container-core-group-is-layout-ecba6b92 wp-block-group-is-layout-flex\" style=\"margin-top:0;margin-bottom:0\">\n<p class=\"has-text-align-center has-text-color has-background has-link-color wp-elements-b4fd8c22da62c2687789bb765e448abe\" style=\"border-radius:100px;color:#ff8a1f;background-color:#ffe1c5;padding-top:6px;padding-right:16px;padding-bottom:6px;padding-left:16px;font-size:14px;font-style:normal;font-weight:500\"><strong>Seguro acad\u00e9mico de a\u00f1o en Irlanda<\/strong><\/p>\n<\/div>\n\n\n\n<h2 class=\"wp-block-heading has-text-color has-link-color wp-elements-d1c04e2677f4135093b6cb6893c8e341\" style=\"color:#031d1b;margin-top:6px;margin-bottom:16px;font-size:48px;font-style:normal;font-weight:600;line-height:1.2\">Seguro para tu primer a\u00f1o acad\u00e9mico en Irlanda<\/h2>\n\n\n\n<p class=\"has-text-color has-link-color wp-elements-d3915c9db14ed12e7c73d813b90c09fd\" style=\"color:#8d8d8e\">Comienza tu viaje a Irlanda con confianza y la protecci\u00f3n que necesitas desde el primer d\u00eda. Esta cobertura est\u00e1 dise\u00f1ada para estudiantes internacionales primerizos que viajan para un programa de A\u00f1o Acad\u00e9mico \/ Estudio y Trabajo, para que puedas centrarte en tus planes, no en lo que podr\u00eda salir mal. <\/p>\n\n\n\n<p class=\"has-text-color has-link-color wp-elements-4ecb51580d09909051a385640cd000e2\" style=\"color:#8d8d8e\">Desde problemas m\u00e9dicos inesperados hasta apoyo urgente cuando m\u00e1s lo necesita, esta p\u00f3liza lo ayuda a protegerlo mientras vive y estudia en Irlanda. Le brinda una cobertura esencial dise\u00f1ada para la vida de estudiante en el extranjero, con apoyo pr\u00e1ctico durante su estad\u00eda.<\/p>\n\n\n\n<p class=\"has-text-color has-link-color wp-elements-90e1cf3742a33d7ed0185a122c1f5fa3\" style=\"color:#8d8d8e\">Disfruta de hasta 10 millones de euros en cobertura m\u00e9dica y de repatriaci\u00f3n, adem\u00e1s de acceso a <strong>Soporte m\u00e9dico en l\u00ednea 24\/7<\/strong> En varios idiomas. Protecci\u00f3n inteligente y sencilla para el comienzo de su nueva vida en Irlanda.<\/p>\n\n\n\n<hr class=\"wp-block-separator has-alpha-channel-opacity is-style-dots\"\/>\n\n\n\n<blockquote class=\"wp-block-quote is-layout-flow wp-block-quote-is-layout-flow\">\n<p class=\"has-text-color has-link-color wp-elements-a2c25b1dfd761982d3ae2bc4b9e7c3b4 cozy-animation__initialized\" data-aos=\"fade-left\" data-aos-easing=\"ease-in\" data-aos-anchor-placement=\"top-bottom\" data-aos-duration=\"600\" style=\"color:#169b62\"><strong>Seguro acad\u00e9mico de a\u00f1o en Irlanda<\/strong> \u2013 <strong>108,99 \u20ac total<\/strong><\/p>\n<\/blockquote>\n\n\n<link rel=\"stylesheet\" href=\"https:\/\/fonts.googleapis.com\/css2?family=Geist:wght@400;500;600;700;800\" \/>\n<div class=\"wp-block-buttons has-custom-font-size is-horizontal is-content-justification-center is-nowrap is-layout-flex wp-container-core-buttons-is-layout-10aac29d wp-block-buttons-is-layout-flex cozy-animation__initialized\" style=\"margin-top:20px;margin-bottom:var(--wp--preset--spacing--30);font-size:16px;font-style:normal;font-weight:400; font-family: 'Geist' !important;\" data-aos=\"fade-up\" data-aos-easing=\"ease-in\" data-aos-anchor-placement=\"top-bottom\" data-aos-duration=\"600\">\n<div class=\"wp-block-button has-custom-width wp-block-button__width-50 is-style-button-hover-white-bgcolor\"><a class=\"wp-block-button__link wp-element-button\" href=\"https:\/\/studysafe.travel\/es\/voy-a-irlanda\/estudiantes-de-idiomas\/primer-registro\/verificar-elegibilidad\/\">\u00bfSoy elegible?<\/a><\/div>\n\n\n\n<div class=\"wp-block-button has-custom-width wp-block-button__width-50 is-style-button-hover-white-bgcolor\"><a class=\"wp-block-button__link wp-element-button\" href=\"https:\/\/studysafe.travel\/es\/voy-a-irlanda\/estudiantes-de-idiomas\/primer-registro\/cobertura\/\">Ver cobertura<\/a><\/div>\n<\/div>\n\n\n\n<p class=\"has-text-color has-link-color has-xx-small-font-size wp-elements-bde5a1a90c3022ea2e64ad8cd52ba863 cozy-animation__initialized\" data-aos=\"fade-up\" data-aos-easing=\"ease-in\" data-aos-anchor-placement=\"top-bottom\" data-aos-duration=\"900\" style=\"color:#8d8d8e;padding-top:var(--wp--preset--spacing--40);padding-bottom:var(--wp--preset--spacing--40)\"><em>Para estudiantes internacionales que viajan a Irlanda por primera vez para un programa de A\u00f1o Acad\u00e9mico \/ Estudio y Trabajo. No disponible para renovaciones de IRP, segundo a\u00f1o o segundas\/posteriores matriculaciones.<\/em><\/p>\n<\/div>\n<\/div>\n<\/div>\n\n\n\n<p><\/p>","protected":false},"excerpt":{"rendered":"<p>Ireland Academic Year Insurance Insurance for Your First Academic Year in Ireland Start your Ireland journey with confidence and the protection you need from day one. This cover is designed for first-time international students travelling for an Academic Year \/ Study &amp; Work programme, so you can focus on your plans, not on what might&#8230;<\/p>","protected":false},"author":1,"featured_media":0,"parent":581,"menu_order":0,"comment_status":"closed","ping_status":"closed","template":"","meta":{"footnotes":""},"class_list":["post-963","page","type-page","status-publish","hentry"],"_links":{"self":[{"href":"https:\/\/studysafe.travel\/es\/wp-json\/wp\/v2\/pages\/963","targetHints":{"allow":["GET"]}}],"collection":[{"href":"https:\/\/studysafe.travel\/es\/wp-json\/wp\/v2\/pages"}],"about":[{"href":"https:\/\/studysafe.travel\/es\/wp-json\/wp\/v2\/types\/page"}],"author":[{"embeddable":true,"href":"https:\/\/studysafe.travel\/es\/wp-json\/wp\/v2\/users\/1"}],"replies":[{"embeddable":true,"href":"https:\/\/studysafe.travel\/es\/wp-json\/wp\/v2\/comments?post=963"}],"version-history":[{"count":2,"href":"https:\/\/studysafe.travel\/es\/wp-json\/wp\/v2\/pages\/963\/revisions"}],"predecessor-version":[{"id":2003,"href":"https:\/\/studysafe.travel\/es\/wp-json\/wp\/v2\/pages\/963\/revisions\/2003"}],"up":[{"embeddable":true,"href":"https:\/\/studysafe.travel\/es\/wp-json\/wp\/v2\/pages\/581"}],"wp:attachment":[{"href":"https:\/\/studysafe.travel\/es\/wp-json\/wp\/v2\/media?parent=963"}],"curies":[{"name":"wp","href":"https:\/\/api.w.org\/{rel}","templated":true}]}}