{"id":1018,"date":"2026-03-30T15:43:30","date_gmt":"2026-03-30T15:43:30","guid":{"rendered":"https:\/\/studysafe.travel\/?page_id=1018"},"modified":"2026-04-27T11:59:18","modified_gmt":"2026-04-27T11:59:18","slug":"informations-importantes","status":"publish","type":"page","link":"https:\/\/studysafe.travel\/fr\/im-going-to-ireland\/language-school-students\/first-registration\/important-information\/","title":{"rendered":"Informations importantes\u00a0"},"content":{"rendered":"<link rel=\"stylesheet\" href=\"https:\/\/fonts.googleapis.com\/css2?family=Geist:wght@400;500;600;700;800\" \/>\n<div class=\"wp-block-group has-background is-layout-constrained wp-container-core-group-is-layout-eb65c542 wp-block-group-is-layout-constrained\" style=\"background:linear-gradient(135deg,rgb(243,248,255) 46%,rgb(255,243,243) 100%);margin-top:0;margin-bottom:0;padding-top:80px;padding-right:26px;padding-bottom:100px;padding-left:26px;font-size:16px;font-style:normal;font-weight:400;line-height:1.6; font-family: 'Geist' !important;\">\n\n\n<div style=\"height:25px\" aria-hidden=\"true\" class=\"wp-block-spacer\"><\/div>\n\n\n\n<div class=\"wp-block-columns alignwide is-layout-flex wp-container-core-columns-is-layout-f74a9aa3 wp-block-columns-is-layout-flex\" style=\"margin-top:0;margin-bottom:0;padding-top:0;padding-right:0;padding-bottom:0;padding-left:0\">\n<div class=\"wp-block-column is-vertically-aligned-top is-layout-flow wp-container-core-column-is-layout-a77db08e wp-block-column-is-layout-flow cozy-animation__initialized\">\n<figure class=\"wp-block-image size-full has-custom-border cozy-responsive-show__initialized cozy-hover-effect__initialized\" style=\"\" data-desktop-show=\"1\" data-tablet-show=\"\" data-tablet-viewport-width=\"980\" data-mobile-show=\"\" data-mobile-viewport-width=\"767\"><img loading=\"lazy\" decoding=\"async\" width=\"600\" height=\"600\" src=\"https:\/\/studysafe.travel\/wp-content\/uploads\/2026\/02\/study-travel-about-us.png\" alt=\"\" class=\"wp-image-388\" style=\"border-style:none;border-width:0px;border-top-left-radius:0px;border-top-right-radius:0px;border-bottom-left-radius:0px;border-bottom-right-radius:0px\" srcset=\"https:\/\/studysafe.travel\/wp-content\/uploads\/2026\/02\/study-travel-about-us.png 600w, https:\/\/studysafe.travel\/wp-content\/uploads\/2026\/02\/study-travel-about-us-300x300.png 300w, https:\/\/studysafe.travel\/wp-content\/uploads\/2026\/02\/study-travel-about-us-150x150.png 150w\" sizes=\"auto, (max-width: 600px) 100vw, 600px\" \/><\/figure>\n<\/div>\n\n\n<link rel=\"stylesheet\" href=\"https:\/\/fonts.googleapis.com\/css2?family=Geist:wght@400;500;600;700;800\" \/>\n<div class=\"wp-block-column is-content-justification-left is-layout-constrained wp-container-core-column-is-layout-e710f4ca wp-block-column-is-layout-constrained\" style=\"flex-basis:55%; font-family: 'Geist' !important;\">\n<div class=\"wp-block-group is-nowrap is-layout-flex wp-container-core-group-is-layout-ecba6b92 wp-block-group-is-layout-flex\" style=\"margin-top:0;margin-bottom:0\">\n<p class=\"has-text-align-center has-text-color has-background has-link-color wp-elements-3681a0e956b2a7df4a189e75f245bbc5\" style=\"border-radius:100px;color:#ff8a1f;background-color:#ffe1c5;padding-top:6px;padding-right:16px;padding-bottom:6px;padding-left:16px;font-size:14px;font-style:normal;font-weight:500\">Tout ce dont vous avez besoin avant de r\u00e9server<\/p>\n<\/div>\n\n\n\n<h2 class=\"wp-block-heading has-text-color has-link-color wp-elements-8396bad35f0e570fc090f5aed91dead4\" style=\"color:#031d1b;margin-top:6px;margin-bottom:16px;font-size:48px;font-style:normal;font-weight:600;line-height:1.2\">Informations importantes et documents d'assurance<\/h2>\n\n\n\n<p class=\"has-text-color has-link-color wp-elements-46e4616856c24d542803735df5f81f82\" style=\"color:#8d8d8e\">Avant de poursuivre cette proc\u00e9dure d'immatriculation initiale en Irlande, veuillez lire attentivement les informations cl\u00e9s ci-dessous. Cette page rassemble les principaux points d'\u00e9ligibilit\u00e9, les limites importantes des produits, les r\u00e8gles de support et les documents d'assurance qui s'appliquent avant la r\u00e9servation.<\/p>\n\n\n\n<p class=\"has-text-color has-link-color wp-elements-943b7b9d1de61e03040ad252b1a6ac42\" style=\"color:#8d8d8e\">Cet itin\u00e9raire est con\u00e7u pour les \u00e9tudiants internationaux qui voyagent en Irlande pour la premi\u00e8re fois dans le cadre d'une ann\u00e9e acad\u00e9mique \/ programme d'\u00e9tudes et de travail dans une \u00e9cole de langue anglaise. Il n'est pas pr\u00e9sent\u00e9 pour les renouvellements de l'IRP, la deuxi\u00e8me ann\u00e9e, ou les secondes\/enregistrements ult\u00e9rieurs.<\/p>\n\n\n<link rel=\"stylesheet\" href=\"https:\/\/fonts.googleapis.com\/css2?family=Geist:wght@400;500;600;700;800\" \/>\n<div class=\"wp-block-buttons has-custom-font-size is-horizontal is-content-justification-center is-nowrap is-layout-flex wp-container-core-buttons-is-layout-eb04c77a wp-block-buttons-is-layout-flex\" style=\"margin-top:20px;margin-bottom:var(--wp--preset--spacing--30);padding-top:var(--wp--preset--spacing--30);padding-bottom:var(--wp--preset--spacing--30);font-size:16px;font-style:normal;font-weight:400; font-family: 'Geist' !important;\">\n<div class=\"wp-block-button has-custom-width wp-block-button__width-100 is-style-button-hover-white-bgcolor cozy-animation__initialized cozy-button-hover-styles\" style=\"; --cozyButtonBgColorHover: #6f3dff; --cozyButtonColorHover: currentColor; --cozyButtonBorderHover: ; \" data-aos=\"fade-up\" data-aos-easing=\"ease-in\" data-aos-anchor-placement=\"top-bottom\" data-aos-duration=\"600\"><a class=\"wp-block-button__link wp-element-button\" href=\"https:\/\/studysafe.travel\/fr\/je-vais-en-irlande\/etudiants-en-ecole-de-langues\/premiere-inscription\/verifier-leligibilite\/#unlock-booking\">Commencez maintenant !<\/a><\/div>\n<\/div>\n\n\n<link rel=\"stylesheet\" href=\"https:\/\/fonts.googleapis.com\/css2?family=Geist:wght@400;500;600;700;800\" \/>\n<div class=\"wp-block-buttons has-custom-font-size is-horizontal is-content-justification-left is-nowrap is-layout-flex wp-container-core-buttons-is-layout-3d3318cf wp-block-buttons-is-layout-flex\" style=\"margin-top:20px;margin-bottom:var(--wp--preset--spacing--30);padding-top:var(--wp--preset--spacing--30);padding-bottom:var(--wp--preset--spacing--30);font-size:16px;font-style:normal;font-weight:400; font-family: 'Geist' !important;\">\n<div class=\"wp-block-button has-custom-width wp-block-button__width-50 is-style-button-hover-white-bgcolor cozy-animation__initialized cozy-button-hover-styles\" style=\"; --cozyButtonBgColorHover: #6f3dff; --cozyButtonColorHover: currentColor; --cozyButtonBorderHover: ; \" data-aos=\"fade-up\" data-aos-easing=\"ease-in\" data-aos-anchor-placement=\"top-bottom\" data-aos-duration=\"600\"><a class=\"wp-block-button__link wp-element-button\" href=\"https:\/\/studysafe.travel\/fr\/je-vais-en-irlande\/etudiants-en-ecole-de-langues\/premiere-inscription\/verifier-leligibilite\/#how-we-work\">Comment nous travaillons<\/a><\/div>\n\n\n\n<div class=\"wp-block-button has-custom-width wp-block-button__width-50 is-style-button-hover-white-bgcolor cozy-animation__initialized cozy-button-hover-styles\" style=\"; --cozyButtonBgColorHover: #6f3dff; --cozyButtonColorHover: currentColor; --cozyButtonBorderHover: ; \" data-aos=\"fade-up\" data-aos-easing=\"ease-in\" data-aos-anchor-placement=\"top-bottom\" data-aos-duration=\"600\"><a class=\"wp-block-button__link wp-element-button\" href=\"https:\/\/studysafe.travel\/fr\/je-vais-en-irlande\/etudiants-en-ecole-de-langues\/premiere-inscription\/faq\/\">Lire la FAQ<\/a><\/div>\n<\/div>\n<\/div>\n<\/div>\n<\/div>\n\n\n\n<div class=\"wp-block-group has-background is-layout-constrained wp-container-core-group-is-layout-5c682c5f wp-block-group-is-layout-constrained\" style=\"background-color:#ff8a1f;padding-top:7rem;padding-right:var(--wp--preset--spacing--50);padding-bottom:7rem;padding-left:var(--wp--preset--spacing--50)\"><div class=\"cozy-block-wrapper\">\n<div class=\"cozy-block-accordion icon-view-default icon-layout-fill\" id=\"cozyBlock_092bd943_bd11_4f27_81cb_59399a1023f6\"><div class=\"cozy-accordion-wrapper\">\n<div class=\"cozy-block-accordion-item\" id=\"cozyBlock_\"><div role=\"tab\" aria-expanded=\"true\"><div class=\"cozy-accordion-title\" style=\"display:flex;justify-content:space-between;align-items:center;flex-direction:row\"><h4>Avant d'acheter<\/h4><div class=\"accordion-icon-wrapper\"><svg width=\"16\" height=\"16\" viewbox=\"0 0 14 25\" xmlns=\"http:\/\/www.w3.org\/2000\/svg\" aria-hidden=\"true\"><path d=\"M10.8737 12.7121C10.9908 12.595 10.9908 12.405 10.8737 12.2879L1.00502 2.41924C0.887867 2.30208 0.887867 2.11213 1.00502 1.99497L1.99497 1.00502C2.11213 0.887867 2.30208 0.887867 2.41924 1.00502L13.7021 12.2879C13.8192 12.405 13.8192 12.595 13.7021 12.7121L2.41924 23.995C2.30208 24.1121 2.11213 24.1121 1.99497 23.995L1.00502 23.005C0.887867 22.8879 0.887868 22.6979 1.00503 22.5808L10.8737 12.7121Z\"><\/path><\/svg><\/div><\/div><div class=\"cozy-accordion-content\">\n<p>Veuillez lire attentivement les points suivants avant de continuer\u00a0:<\/p>\n\n\n\n<ul class=\"wp-block-list\">\n<li>Vous devez d\u00e9tenir un visa valide pour toute la dur\u00e9e de couverture d'assurance.<\/li>\n\n\n\n<li>Vous devez avoir moins de 75 ans \u00e0 la date de d\u00e9but de la couverture.<\/li>\n\n\n\n<li>Si vous achetez apr\u00e8s le d\u00e9but de votre voyage, une p\u00e9riode d'attente de 14 jours peut s'appliquer.<\/li>\n\n\n\n<li>Il n'y a pas de couverture dans votre pays d'origine.<\/li>\n\n\n\n<li>Les vacances sont couvertes uniquement jusqu'\u00e0 21 jours cons\u00e9cutifs au cours de la p\u00e9riode d'assurance.<\/li>\n\n\n\n<li>Ceci n'est pas une assurance m\u00e9dicale priv\u00e9e. Elle est con\u00e7ue principalement pour les accidents ou les maladies graves soudaines n\u00e9cessitant un traitement d'urgence lorsque vous \u00eates \u00e0 l'\u00e9tranger.<\/li>\n<\/ul>\n<\/div><\/div><\/div>\n\n\n\n<div class=\"cozy-block-accordion-item\" id=\"cozyBlock_\"><div role=\"tab\" aria-expanded=\"true\"><div class=\"cozy-accordion-title\" style=\"display:flex;justify-content:space-between;align-items:center;flex-direction:row\"><h4>Faits cl\u00e9s du produit<\/h4><div class=\"accordion-icon-wrapper\"><svg width=\"16\" height=\"16\" viewbox=\"0 0 14 25\" xmlns=\"http:\/\/www.w3.org\/2000\/svg\" aria-hidden=\"true\"><path d=\"M10.8737 12.7121C10.9908 12.595 10.9908 12.405 10.8737 12.2879L1.00502 2.41924C0.887867 2.30208 0.887867 2.11213 1.00502 1.99497L1.99497 1.00502C2.11213 0.887867 2.30208 0.887867 2.41924 1.00502L13.7021 12.2879C13.8192 12.405 13.8192 12.595 13.7021 12.7121L2.41924 23.995C2.30208 24.1121 2.11213 24.1121 1.99497 23.995L1.00502 23.005C0.887867 22.8879 0.887868 22.6979 1.00503 22.5808L10.8737 12.7121Z\"><\/path><\/svg><\/div><\/div><div class=\"cozy-accordion-content\">\n<p>Cette page concerne le parcours multirisque de l'ann\u00e9e universitaire irlandaise actuellement pr\u00e9sent\u00e9 \u00e0 <strong>108,99 \u20ac au total<\/strong> sur le parcours d'\u00e9ligibilit\u00e9.<\/p>\n\n\n\n<p>La politique comprend :<\/p>\n\n\n\n<ul class=\"wp-block-list\">\n<li>frais m\u00e9dicaux d'urgence<\/li>\n\n\n\n<li>Soutien au rapatriement<\/li>\n\n\n\n<li>Urgence dentaire<\/li>\n\n\n\n<li>B\u00e9n\u00e9fice hospitalier<\/li>\n\n\n\n<li>Accident corporel<\/li>\n\n\n\n<li>Responsabilit\u00e9 personnelle<\/li>\n\n\n\n<li>R\u00e9am\u00e9nagement avant le d\u00e9part<\/li>\n\n\n\n<li>Indemnisation d\u00e9c\u00e8s en voyage<\/li>\n<\/ul>\n\n\n\n<p>Tous les avantages restent soumis aux termes de la police, aux limites, aux exclusions, aux conditions et \u00e0 la franchise.<\/p>\n<\/div><\/div><\/div>\n\n\n\n<div class=\"cozy-block-accordion-item\" id=\"cozyBlock_\"><div role=\"tab\" aria-expanded=\"true\"><div class=\"cozy-accordion-title\" style=\"display:flex;justify-content:space-between;align-items:center;flex-direction:row\"><h4>R\u00e9clamations et assistance d'urgence<\/h4><div class=\"accordion-icon-wrapper\"><svg width=\"16\" height=\"16\" viewbox=\"0 0 14 25\" xmlns=\"http:\/\/www.w3.org\/2000\/svg\" aria-hidden=\"true\"><path d=\"M10.8737 12.7121C10.9908 12.595 10.9908 12.405 10.8737 12.2879L1.00502 2.41924C0.887867 2.30208 0.887867 2.11213 1.00502 1.99497L1.99497 1.00502C2.11213 0.887867 2.30208 0.887867 2.41924 1.00502L13.7021 12.2879C13.8192 12.405 13.8192 12.595 13.7021 12.7121L2.41924 23.995C2.30208 24.1121 2.11213 24.1121 1.99497 23.995L1.00502 23.005C0.887867 22.8879 0.887868 22.6979 1.00503 22.5808L10.8737 12.7121Z\"><\/path><\/svg><\/div><\/div><div class=\"cozy-accordion-content\">\n<p>En cas de maladie grave ou de blessure susceptible d'entra\u00eener une hospitalisation, ou si un rapatriement peut \u00eatre n\u00e9cessaire, il convient de contacter l'assistance d'urgence dans les meilleurs d\u00e9lais.<\/p>\n\n\n\n<p>Pour une hospitalisation, la facturation directe peut \u00eatre organis\u00e9e une fois autoris\u00e9e. Pour la plupart des traitements non hospitaliers, les \u00e9tudiants paient g\u00e9n\u00e9ralement d'abord puis demandent le remboursement avec les documents requis.<\/p>\n\n\n\n<p>Les \u00e9tudiants doivent conserver les factures, re\u00e7us, rapports m\u00e9dicaux, ordonnances et preuves de paiement, et les demandes de remboursement doivent \u00eatre soumises d\u00e8s que possible apr\u00e8s l'incident.<\/p>\n\n\n\n<p>Le support du Docteur Num\u00e9rique est inclus comme service suppl\u00e9mentaire gratuit pour les probl\u00e8mes non urgents appropri\u00e9s.<\/p>\n<\/div><\/div><\/div>\n\n\n\n<div class=\"cozy-block-accordion-item\" id=\"cozyBlock_\"><div role=\"tab\" aria-expanded=\"true\"><div class=\"cozy-accordion-title\" style=\"display:flex;justify-content:space-between;align-items:center;flex-direction:row\"><h4>Documents d\u2019assurance<\/h4><div class=\"accordion-icon-wrapper\"><svg width=\"16\" height=\"16\" viewbox=\"0 0 14 25\" xmlns=\"http:\/\/www.w3.org\/2000\/svg\" aria-hidden=\"true\"><path d=\"M10.8737 12.7121C10.9908 12.595 10.9908 12.405 10.8737 12.2879L1.00502 2.41924C0.887867 2.30208 0.887867 2.11213 1.00502 1.99497L1.99497 1.00502C2.11213 0.887867 2.30208 0.887867 2.41924 1.00502L13.7021 12.2879C13.8192 12.405 13.8192 12.595 13.7021 12.7121L2.41924 23.995C2.30208 24.1121 2.11213 24.1121 1.99497 23.995L1.00502 23.005C0.887867 22.8879 0.887868 22.6979 1.00503 22.5808L10.8737 12.7121Z\"><\/path><\/svg><\/div><\/div><div class=\"cozy-accordion-content\">\n<p>Avant de r\u00e9server, vous devriez lire attentivement les documents d'assurance applicables.<\/p>\n\n\n\n<p>Ces documents expliquent :<\/p>\n\n\n\n<ul class=\"wp-block-list\">\n<li>Ce qui est couvert<\/li>\n\n\n\n<li>Qu'est-ce qui n'est pas couvert<\/li>\n\n\n\n<li>Limites de police<\/li>\n\n\n\n<li>Exc\u00e8s<\/li>\n\n\n\n<li>Conditions<\/li>\n\n\n\n<li>R\u00e8gles d'admissibilit\u00e9<\/li>\n\n\n\n<li>Droits d'annulation<\/li>\n\n\n\n<li>Exigences de r\u00e9clamations<\/li>\n<\/ul>\n\n\n\n<p><strong>Documents disponibles<\/strong><\/p>\n\n\n\n<ul class=\"wp-block-list\">\n<li><a href=\"https:\/\/studysafe.travel\/fr\/informations-reglementaires-divulguees\/\">IPID<\/a><\/li>\n\n\n\n<li><a href=\"https:\/\/studysafe.travel\/wp-content\/uploads\/2026\/02\/IRE-GMI-Multirisk-Policy-Wording.pdf\">Texte int\u00e9gral de la police<\/a><\/li>\n<\/ul>\n<\/div><\/div><\/div>\n\n\n\n<div class=\"cozy-block-accordion-item\" id=\"cozyBlock_\"><div role=\"tab\" aria-expanded=\"true\"><div class=\"cozy-accordion-title\" style=\"display:flex;justify-content:space-between;align-items:center;flex-direction:row\"><h4>Liens juridiques<\/h4><div class=\"accordion-icon-wrapper\"><svg width=\"16\" height=\"16\" viewbox=\"0 0 14 25\" xmlns=\"http:\/\/www.w3.org\/2000\/svg\" aria-hidden=\"true\"><path d=\"M10.8737 12.7121C10.9908 12.595 10.9908 12.405 10.8737 12.2879L1.00502 2.41924C0.887867 2.30208 0.887867 2.11213 1.00502 1.99497L1.99497 1.00502C2.11213 0.887867 2.30208 0.887867 2.41924 1.00502L13.7021 12.2879C13.8192 12.405 13.8192 12.595 13.7021 12.7121L2.41924 23.995C2.30208 24.1121 2.11213 24.1121 1.99497 23.995L1.00502 23.005C0.887867 22.8879 0.887868 22.6979 1.00503 22.5808L10.8737 12.7121Z\"><\/path><\/svg><\/div><\/div><div class=\"cozy-accordion-content\">\n<p>Veuillez \u00e9galement lire les pages suivantes avant de r\u00e9server :<\/p>\n\n\n\n<ul class=\"wp-block-list\">\n<li><a href=\"https:\/\/studysafe.travel\/fr\/termes-et-conditions\/\">Conditions g\u00e9n\u00e9rales<\/a><\/li>\n\n\n\n<li><a href=\"https:\/\/studysafe.travel\/fr\/politique-de-confidentialite\/\">Politique de confidentialit\u00e9<\/a><\/li>\n\n\n\n<li><a href=\"https:\/\/studysafe.travel\/fr\/politique-de-cookies\/\">Politique relative aux cookies<\/a><\/li>\n\n\n\n<li><a href=\"https:\/\/studysafe.travel\/fr\/je-vais-en-irlande\/etudiants-en-ecole-de-langues\/premiere-inscription\/informations-importantes\/\">Politique d'annulation et de remboursement<\/a><\/li>\n\n\n\n<li><a href=\"https:\/\/studysafe.travel\/fr\/procedure-de-reclamation\/\">Proc\u00e9dure de r\u00e9clamation<\/a><\/li>\n\n\n\n<li><a href=\"https:\/\/studysafe.travel\/fr\/politique-anti-blanchiment-des-capitaux-et-connaissance-du-client\/\" data-type=\"page\" data-id=\"286\">Politique AML et KYC<\/a><\/li>\n\n\n\n<li><a href=\"https:\/\/studysafe.travel\/fr\/conditions-generales-dassurance\/\">Conditions G\u00e9n\u00e9rales d'Assurance<\/a><\/li>\n\n\n\n<li><a href=\"https:\/\/studysafe.travel\/fr\/informations-reglementaires-divulguees\/\">Informations r\u00e9glementaires et divulgations<\/a><\/li>\n<\/ul>\n<\/div><\/div><\/div>\n<\/div><\/div>\n<\/div><\/div>","protected":false},"excerpt":{"rendered":"<p>Everything you need before you book Important Information &amp; Insurance Documents Before you continue with this Ireland first registration route, please read the key information below carefully. This page brings together the main eligibility points, important product limits, support rules, and the insurance documents that apply before booking. This route is designed for first-time international&#8230;<\/p>","protected":false},"author":1,"featured_media":0,"parent":965,"menu_order":0,"comment_status":"closed","ping_status":"closed","template":"","meta":{"footnotes":""},"class_list":["post-1018","page","type-page","status-publish","hentry"],"_links":{"self":[{"href":"https:\/\/studysafe.travel\/fr\/wp-json\/wp\/v2\/pages\/1018","targetHints":{"allow":["GET"]}}],"collection":[{"href":"https:\/\/studysafe.travel\/fr\/wp-json\/wp\/v2\/pages"}],"about":[{"href":"https:\/\/studysafe.travel\/fr\/wp-json\/wp\/v2\/types\/page"}],"author":[{"embeddable":true,"href":"https:\/\/studysafe.travel\/fr\/wp-json\/wp\/v2\/users\/1"}],"replies":[{"embeddable":true,"href":"https:\/\/studysafe.travel\/fr\/wp-json\/wp\/v2\/comments?post=1018"}],"version-history":[{"count":16,"href":"https:\/\/studysafe.travel\/fr\/wp-json\/wp\/v2\/pages\/1018\/revisions"}],"predecessor-version":[{"id":2051,"href":"https:\/\/studysafe.travel\/fr\/wp-json\/wp\/v2\/pages\/1018\/revisions\/2051"}],"up":[{"embeddable":true,"href":"https:\/\/studysafe.travel\/fr\/wp-json\/wp\/v2\/pages\/965"}],"wp:attachment":[{"href":"https:\/\/studysafe.travel\/fr\/wp-json\/wp\/v2\/media?parent=1018"}],"curies":[{"name":"wp","href":"https:\/\/api.w.org\/{rel}","templated":true}]}}