{"id":1051,"date":"2026-04-07T13:23:31","date_gmt":"2026-04-07T13:23:31","guid":{"rendered":"https:\/\/studysafe.travel\/?page_id=1051"},"modified":"2026-04-22T15:46:09","modified_gmt":"2026-04-22T15:46:09","slug":"je-vais-en-espagne","status":"publish","type":"page","link":"https:\/\/studysafe.travel\/fr\/im-going-to-spain\/","title":{"rendered":"Je vais en Espagne"},"content":{"rendered":"<link rel=\"stylesheet\" href=\"https:\/\/fonts.googleapis.com\/css2?family=Geist:wght@400;500;600;700;800\" \/>\n<div class=\"wp-block-group has-background is-layout-constrained wp-container-core-group-is-layout-eb65c542 wp-block-group-is-layout-constrained\" style=\"background:linear-gradient(135deg,rgb(243,248,255) 46%,rgb(255,243,243) 100%);margin-top:0;margin-bottom:0;padding-top:80px;padding-right:26px;padding-bottom:100px;padding-left:26px;font-size:16px;font-style:normal;font-weight:400;line-height:1.6; font-family: 'Geist' !important;\">\n\n\n<div style=\"height:25px\" aria-hidden=\"true\" class=\"wp-block-spacer\"><\/div>\n\n\n\n<div class=\"wp-block-columns alignwide is-layout-flex wp-container-core-columns-is-layout-f74a9aa3 wp-block-columns-is-layout-flex\" style=\"margin-top:0;margin-bottom:0;padding-top:0;padding-right:0;padding-bottom:0;padding-left:0\">\n<div class=\"wp-block-column is-vertically-aligned-top is-layout-flow wp-container-core-column-is-layout-a77db08e wp-block-column-is-layout-flow cozy-animation__initialized\">\n<figure class=\"wp-block-image size-full has-custom-border cozy-responsive-show__initialized cozy-hover-effect__initialized\" style=\"\" data-desktop-show=\"1\" data-tablet-show=\"\" data-tablet-viewport-width=\"980\" data-mobile-show=\"\" data-mobile-viewport-width=\"767\"><img loading=\"lazy\" decoding=\"async\" width=\"635\" height=\"631\" src=\"https:\/\/studysafe.travel\/wp-content\/uploads\/2026\/02\/safew-study-travel-happy-students-medical-insurance.png\" alt=\"\" class=\"wp-image-16\" style=\"border-style:none;border-width:0px;border-top-left-radius:0px;border-top-right-radius:0px;border-bottom-left-radius:0px;border-bottom-right-radius:0px\" srcset=\"https:\/\/studysafe.travel\/wp-content\/uploads\/2026\/02\/safew-study-travel-happy-students-medical-insurance.png 635w, https:\/\/studysafe.travel\/wp-content\/uploads\/2026\/02\/safew-study-travel-happy-students-medical-insurance-300x298.png 300w, https:\/\/studysafe.travel\/wp-content\/uploads\/2026\/02\/safew-study-travel-happy-students-medical-insurance-150x150.png 150w\" sizes=\"auto, (max-width: 635px) 100vw, 635px\" \/><\/figure>\n<\/div>\n\n\n<link rel=\"stylesheet\" href=\"https:\/\/fonts.googleapis.com\/css2?family=Geist:wght@400;500;600;700;800\" \/>\n<div class=\"wp-block-column is-content-justification-left is-layout-constrained wp-container-core-column-is-layout-e710f4ca wp-block-column-is-layout-constrained\" style=\"flex-basis:55%; font-family: 'Geist' !important;\">\n<div class=\"wp-block-group is-nowrap is-layout-flex wp-container-core-group-is-layout-ecba6b92 wp-block-group-is-layout-flex\" style=\"margin-top:0;margin-bottom:0\">\n<p class=\"has-text-align-center has-text-color has-background has-link-color wp-elements-89674001969812e755c265caf379ea5f\" style=\"border-radius:100px;color:#aa151b;background-color:#ffd7d7;padding-top:6px;padding-right:16px;padding-bottom:6px;padding-left:16px;font-size:14px;font-style:normal;font-weight:500\">Assurance \u00e9tudiante pour l'Espagne<\/p>\n<\/div>\n\n\n\n<h2 class=\"wp-block-heading has-text-color has-link-color wp-elements-25c31a1e41314eac61cf4aaf2ed3f26c\" style=\"color:#031d1b;margin-top:6px;margin-bottom:16px;font-size:48px;font-style:normal;font-weight:600;line-height:1.2\">Assurance pour vos \u00e9tudes en Espagne<\/h2>\n\n\n\n<p class=\"has-text-color has-link-color wp-elements-b1969fbcfd0545c5d41e5a92327608a9\" style=\"color:#8d8d8e\">Commencez votre voyage en Espagne en toute confiance et acc\u00e9dez \u00e0 la solution d'assurance adapt\u00e9e \u00e0 votre s\u00e9jour d'\u00e9tudes d\u00e8s le premier jour. Cette page est con\u00e7ue comme le point d'entr\u00e9e principal pour les \u00e9tudiants internationaux se rendant en Espagne pour un s\u00e9jour d'\u00e9tudes \u00e9ligible en dehors de leur pays d'origine.<\/p>\n\n\n\n<p class=\"has-text-color has-link-color wp-elements-e131c523f7ba2df8d3a5b6ae3271b749\" style=\"color:#8d8d8e\">SafeStudy cr\u00e9e des parcours d'assurance distincts pour diff\u00e9rents profils d'\u00e9tudiants en Espagne, afin que le processus reste clair d\u00e8s le d\u00e9part et que chaque produit puisse conserver ses propres r\u00e8gles d'\u00e9ligibilit\u00e9, documents, logique de tarification et \u00e9tapes suivantes.<br>\u00c0 ce stade, les itin\u00e9raires actuellement disponibles sont pour <strong>\u00c9l\u00e8ves de l'\u00e9cole de langues<\/strong>, avec deux options : <strong>Court terme<\/strong> pour des s\u00e9jours allant jusqu'\u00e0 <strong>89 jours<\/strong>, et <strong>\u00c0 long terme<\/strong> pour des s\u00e9jours de <strong>plus de 90 jours<\/strong>. Choisissez l'itin\u00e9raire qui correspond \u00e0 vos projets et continuez \u00e0 partir de l\u00e0.<\/p>\n\n\n\n<hr class=\"wp-block-separator has-alpha-channel-opacity is-style-dots\"\/>\n\n\n<link rel=\"stylesheet\" href=\"https:\/\/fonts.googleapis.com\/css2?family=Geist:wght@400;500;600;700;800\" \/>\n<div class=\"wp-block-buttons has-custom-font-size is-horizontal is-content-justification-center is-nowrap is-layout-flex wp-container-core-buttons-is-layout-10aac29d wp-block-buttons-is-layout-flex cozy-animation__initialized\" style=\"margin-top:20px;margin-bottom:var(--wp--preset--spacing--30);font-size:16px;font-style:normal;font-weight:400; font-family: 'Geist' !important;\" data-aos=\"fade-up\" data-aos-easing=\"ease-in\" data-aos-anchor-placement=\"top-bottom\" data-aos-duration=\"600\">\n<div class=\"wp-block-button has-custom-width wp-block-button__width-50 is-style-button-hover-white-bgcolor\"><a class=\"wp-block-button__link wp-element-button\" href=\"https:\/\/studysafe.travel\/fr\/je-vais-en-espagne\/etudiants-en-ecole-de-langues\/court-terme\/\">Jusqu'\u00e0 89 jours<\/a><\/div>\n\n\n\n<div class=\"wp-block-button has-custom-width wp-block-button__width-50 is-style-button-hover-white-bgcolor\"><a class=\"wp-block-button__link wp-element-button\" href=\"https:\/\/studysafe.travel\/fr\/je-vais-en-espagne\/etudiants-en-ecole-de-langues\/long-terme\/\">90+ jours<\/a><\/div>\n<\/div>\n<\/div>\n<\/div>\n<\/div>\n\n\n\n<p><\/p>","protected":false},"excerpt":{"rendered":"<p>Spain Student Insurance Insurance for your studies in Spain Start your Spain journey with confidence and access the insurance route that fits your study stay from day one. This page is designed as the main entry point for international students travelling to Spain for an eligible study stay outside their home country. SafeStudy is building&#8230;<\/p>","protected":false},"author":1,"featured_media":0,"parent":0,"menu_order":0,"comment_status":"closed","ping_status":"closed","template":"","meta":{"footnotes":""},"class_list":["post-1051","page","type-page","status-publish","hentry"],"_links":{"self":[{"href":"https:\/\/studysafe.travel\/fr\/wp-json\/wp\/v2\/pages\/1051","targetHints":{"allow":["GET"]}}],"collection":[{"href":"https:\/\/studysafe.travel\/fr\/wp-json\/wp\/v2\/pages"}],"about":[{"href":"https:\/\/studysafe.travel\/fr\/wp-json\/wp\/v2\/types\/page"}],"author":[{"embeddable":true,"href":"https:\/\/studysafe.travel\/fr\/wp-json\/wp\/v2\/users\/1"}],"replies":[{"embeddable":true,"href":"https:\/\/studysafe.travel\/fr\/wp-json\/wp\/v2\/comments?post=1051"}],"version-history":[{"count":16,"href":"https:\/\/studysafe.travel\/fr\/wp-json\/wp\/v2\/pages\/1051\/revisions"}],"predecessor-version":[{"id":1882,"href":"https:\/\/studysafe.travel\/fr\/wp-json\/wp\/v2\/pages\/1051\/revisions\/1882"}],"wp:attachment":[{"href":"https:\/\/studysafe.travel\/fr\/wp-json\/wp\/v2\/media?parent=1051"}],"curies":[{"name":"wp","href":"https:\/\/api.w.org\/{rel}","templated":true}]}}