{"id":1584,"date":"2026-04-17T09:52:08","date_gmt":"2026-04-17T09:52:08","guid":{"rendered":"https:\/\/studysafe.travel\/?page_id=1584"},"modified":"2026-04-22T19:00:12","modified_gmt":"2026-04-22T19:00:12","slug":"long-terme","status":"publish","type":"page","link":"https:\/\/studysafe.travel\/fr\/im-going-to-spain\/language-school-students\/long-term\/","title":{"rendered":"\u00c0 long terme"},"content":{"rendered":"<link rel=\"stylesheet\" href=\"https:\/\/fonts.googleapis.com\/css2?family=Geist:wght@400;500;600;700;800\" \/>\n<div class=\"wp-block-group has-background is-layout-constrained wp-container-core-group-is-layout-eb65c542 wp-block-group-is-layout-constrained\" style=\"background:linear-gradient(135deg,rgb(243,248,255) 46%,rgb(255,243,243) 100%);margin-top:0;margin-bottom:0;padding-top:80px;padding-right:26px;padding-bottom:100px;padding-left:26px;font-size:16px;font-style:normal;font-weight:400;line-height:1.6; font-family: 'Geist' !important;\">\n\n\n<div style=\"height:25px\" aria-hidden=\"true\" class=\"wp-block-spacer\"><\/div>\n\n\n\n<div class=\"wp-block-columns alignwide is-layout-flex wp-container-core-columns-is-layout-f74a9aa3 wp-block-columns-is-layout-flex\" style=\"margin-top:0;margin-bottom:0;padding-top:0;padding-right:0;padding-bottom:0;padding-left:0\">\n<div class=\"wp-block-column is-vertically-aligned-top is-layout-flow wp-container-core-column-is-layout-a77db08e wp-block-column-is-layout-flow cozy-animation__initialized\">\n<figure class=\"wp-block-image size-full has-custom-border cozy-responsive-show__initialized cozy-hover-effect__initialized\" style=\"\" data-desktop-show=\"1\" data-tablet-show=\"\" data-tablet-viewport-width=\"980\" data-mobile-show=\"\" data-mobile-viewport-width=\"767\"><img loading=\"lazy\" decoding=\"async\" width=\"600\" height=\"600\" src=\"https:\/\/studysafe.travel\/wp-content\/uploads\/2026\/02\/study-travel-covarage.png\" alt=\"\" class=\"wp-image-113\" style=\"border-style:none;border-width:0px;border-top-left-radius:0px;border-top-right-radius:0px;border-bottom-left-radius:0px;border-bottom-right-radius:0px\" srcset=\"https:\/\/studysafe.travel\/wp-content\/uploads\/2026\/02\/study-travel-covarage.png 600w, https:\/\/studysafe.travel\/wp-content\/uploads\/2026\/02\/study-travel-covarage-300x300.png 300w, https:\/\/studysafe.travel\/wp-content\/uploads\/2026\/02\/study-travel-covarage-150x150.png 150w\" sizes=\"auto, (max-width: 600px) 100vw, 600px\" \/><\/figure>\n<\/div>\n\n\n<link rel=\"stylesheet\" href=\"https:\/\/fonts.googleapis.com\/css2?family=Geist:wght@400;500;600;700;800\" \/>\n<div class=\"wp-block-column is-content-justification-left is-layout-constrained wp-container-core-column-is-layout-e710f4ca wp-block-column-is-layout-constrained\" style=\"flex-basis:55%; font-family: 'Geist' !important;\">\n<div class=\"wp-block-group is-nowrap is-layout-flex wp-container-core-group-is-layout-ecba6b92 wp-block-group-is-layout-flex\" style=\"margin-top:0;margin-bottom:0\">\n<p class=\"has-text-align-center has-text-color has-background has-link-color wp-elements-c898477ee53268378c9ea8be5c9b5cd3\" style=\"border-radius:100px;color:#aa151b;background-color:#ffd7d7;padding-top:6px;padding-right:16px;padding-bottom:6px;padding-left:16px;font-size:14px;font-style:normal;font-weight:500\">Assurance maladie pour \u00e9tudiants de longue dur\u00e9e en Espagne<\/p>\n<\/div>\n\n\n\n<h2 class=\"wp-block-heading has-text-color has-link-color wp-elements-a40373bbb067d901dc05fa91a7a95f01\" style=\"color:#031d1b;margin-top:6px;margin-bottom:16px;font-size:48px;font-style:normal;font-weight:600;line-height:1.2\">Pour les \u00e9tudiants hors UE titulaires d'un visa \u00e9tudiant<\/h2>\n\n\n\n<p class=\"has-text-color has-link-color wp-elements-7ee425605c2f4d473fec989c812666a7\" style=\"color:#8d8d8e\">Con\u00e7u pour <strong>\u00e9tudiants internationaux hors UE voyageant en Espagne<\/strong> pour des \u00e9tudes d'une dur\u00e9e de <strong>plus de 90 jours<\/strong> et <strong>demander un visa d'\u00e9tudes<\/strong>. Acc\u00e9dez \u00e0 une couverture sant\u00e9 compl\u00e8te en Espagne sans franchise ni d\u00e9lai de carence, sous r\u00e9serve d'\u00e9ligibilit\u00e9 et des conditions de la police.<\/p>\n\n\n\n<p class=\"has-text-color has-link-color wp-elements-5df9b1a28134e124542ee7815bad4b75\" style=\"color:#8d8d8e\">Les \u00e9tudiants peuvent suivre un parcours clair \u00e9tape par \u00e9tape pour confirmer leur \u00e9ligibilit\u00e9, consulter les informations cl\u00e9s et finaliser leur r\u00e9servation en ligne. <strong>Cette couverture vise \u00e0 soutenir des s\u00e9jours acad\u00e9miques plus longs<\/strong> en Espagne avec acc\u00e8s \u00e0 un large r\u00e9seau de professionnels de la sant\u00e9, de soins hospitaliers et ambulatoires, ainsi qu'une assistance essentielle tout au long de la p\u00e9riode d'assurance.<\/p>\n\n\n\n<hr class=\"wp-block-separator has-alpha-channel-opacity is-style-dots\"\/>\n\n\n\n<blockquote class=\"wp-block-quote is-layout-flow wp-block-quote-is-layout-flow\">\n<p class=\"has-text-color has-link-color wp-elements-01ed42f0a7e393ba20ca83750ed8032f\" style=\"color:#aa151b\">Assurance Longue Dur\u00e9e Espagne \u2013 \u00e0 partir de <strong>1,56 \u20ac\/jour par personne assur\u00e9e<\/strong><\/p>\n<\/blockquote>\n\n\n\n<hr class=\"wp-block-separator has-alpha-channel-opacity is-style-dots\"\/>\n\n\n<link rel=\"stylesheet\" href=\"https:\/\/fonts.googleapis.com\/css2?family=Geist:wght@400;500;600;700;800\" \/>\n<div class=\"wp-block-buttons has-custom-font-size is-horizontal is-content-justification-center is-nowrap is-layout-flex wp-container-core-buttons-is-layout-10aac29d wp-block-buttons-is-layout-flex cozy-animation__initialized\" style=\"margin-top:20px;margin-bottom:var(--wp--preset--spacing--30);font-size:16px;font-style:normal;font-weight:400; font-family: 'Geist' !important;\" data-aos=\"fade-up\" data-aos-easing=\"ease-in\" data-aos-anchor-placement=\"top-bottom\" data-aos-duration=\"600\">\n<div class=\"wp-block-button has-custom-width wp-block-button__width-50 is-style-button-hover-white-bgcolor\"><a class=\"wp-block-button__link wp-element-button\" href=\"https:\/\/studysafe.travel\/fr\/je-vais-en-espagne\/etudiants-en-ecole-de-langues\/long-terme\/verifier-leligibilite\/\">Ai-je droit ?<\/a><\/div>\n\n\n\n<div class=\"wp-block-button has-custom-width wp-block-button__width-50 is-style-button-hover-white-bgcolor\"><a class=\"wp-block-button__link wp-element-button\" href=\"https:\/\/studysafe.travel\/fr\/je-vais-en-espagne\/etudiants-en-ecole-de-langues\/long-terme\/couverture\/\">Voir la couverture<\/a><\/div>\n<\/div>\n\n\n\n<p class=\"has-text-color has-link-color has-xx-small-font-size wp-elements-42549488e006a515a822d0c9ce5f9cfc\" style=\"color:#8d8d8e;padding-top:var(--wp--preset--spacing--40);padding-bottom:var(--wp--preset--spacing--40)\"><em>Pour les \u00e9tudiants en langue se rendant en Espagne pour plus de 90 jours. L'\u00e9ligibilit\u00e9 d\u00e9pend de la nationalit\u00e9, des exigences de visa et d'autres r\u00e8gles du produit.<\/em> Paiement annuel unique. Le prix final d\u00e9pend de l'\u00e2ge et de la destination d'\u00e9tude en Espagne.<\/p>\n<\/div>\n<\/div>\n<\/div>\n\n\n\n<p><\/p>","protected":false},"excerpt":{"rendered":"<p>Health Insurance for Long-Term Students in Spain For non-EU students with a study visa Designed for non-EU international students travelling to Spain for studies lasting more than 90 days and requiring a study visa. Access comprehensive health cover in Spain with no co-payments or waiting periods, subject to eligibility and policy terms. Students can follow&#8230;<\/p>","protected":false},"author":1,"featured_media":0,"parent":1062,"menu_order":0,"comment_status":"closed","ping_status":"closed","template":"","meta":{"footnotes":""},"class_list":["post-1584","page","type-page","status-publish","hentry"],"_links":{"self":[{"href":"https:\/\/studysafe.travel\/fr\/wp-json\/wp\/v2\/pages\/1584","targetHints":{"allow":["GET"]}}],"collection":[{"href":"https:\/\/studysafe.travel\/fr\/wp-json\/wp\/v2\/pages"}],"about":[{"href":"https:\/\/studysafe.travel\/fr\/wp-json\/wp\/v2\/types\/page"}],"author":[{"embeddable":true,"href":"https:\/\/studysafe.travel\/fr\/wp-json\/wp\/v2\/users\/1"}],"replies":[{"embeddable":true,"href":"https:\/\/studysafe.travel\/fr\/wp-json\/wp\/v2\/comments?post=1584"}],"version-history":[{"count":10,"href":"https:\/\/studysafe.travel\/fr\/wp-json\/wp\/v2\/pages\/1584\/revisions"}],"predecessor-version":[{"id":1900,"href":"https:\/\/studysafe.travel\/fr\/wp-json\/wp\/v2\/pages\/1584\/revisions\/1900"}],"up":[{"embeddable":true,"href":"https:\/\/studysafe.travel\/fr\/wp-json\/wp\/v2\/pages\/1062"}],"wp:attachment":[{"href":"https:\/\/studysafe.travel\/fr\/wp-json\/wp\/v2\/media?parent=1584"}],"curies":[{"name":"wp","href":"https:\/\/api.w.org\/{rel}","templated":true}]}}