{"id":1591,"date":"2026-04-17T09:54:38","date_gmt":"2026-04-17T09:54:38","guid":{"rendered":"https:\/\/studysafe.travel\/?page_id=1591"},"modified":"2026-04-22T15:40:07","modified_gmt":"2026-04-22T15:40:07","slug":"informations-importantes","status":"publish","type":"page","link":"https:\/\/studysafe.travel\/fr\/im-going-to-spain\/language-school-students\/long-term\/important-information\/","title":{"rendered":"Informations importantes\u00a0"},"content":{"rendered":"<link rel=\"stylesheet\" href=\"https:\/\/fonts.googleapis.com\/css2?family=Geist:wght@400;500;600;700;800\" \/>\n<div class=\"wp-block-group has-background is-layout-constrained wp-container-core-group-is-layout-eb65c542 wp-block-group-is-layout-constrained\" style=\"background:linear-gradient(135deg,rgb(243,248,255) 46%,rgb(255,243,243) 100%);margin-top:0;margin-bottom:0;padding-top:80px;padding-right:26px;padding-bottom:100px;padding-left:26px;font-size:16px;font-style:normal;font-weight:400;line-height:1.6; font-family: 'Geist' !important;\">\n\n\n<div style=\"height:25px\" aria-hidden=\"true\" class=\"wp-block-spacer\"><\/div>\n\n\n\n<div class=\"wp-block-columns alignwide is-layout-flex wp-container-core-columns-is-layout-f74a9aa3 wp-block-columns-is-layout-flex\" style=\"margin-top:0;margin-bottom:0;padding-top:0;padding-right:0;padding-bottom:0;padding-left:0\">\n<div class=\"wp-block-column is-vertically-aligned-top is-layout-flow wp-container-core-column-is-layout-a77db08e wp-block-column-is-layout-flow cozy-animation__initialized\">\n<figure class=\"wp-block-image size-full has-custom-border cozy-responsive-show__initialized cozy-hover-effect__initialized\" style=\"\" data-desktop-show=\"1\" data-tablet-show=\"\" data-tablet-viewport-width=\"980\" data-mobile-show=\"\" data-mobile-viewport-width=\"767\"><img loading=\"lazy\" decoding=\"async\" width=\"600\" height=\"600\" src=\"https:\/\/studysafe.travel\/wp-content\/uploads\/2026\/02\/study-travel-about-us.png\" alt=\"\" class=\"wp-image-388\" style=\"border-style:none;border-width:0px;border-top-left-radius:0px;border-top-right-radius:0px;border-bottom-left-radius:0px;border-bottom-right-radius:0px\" srcset=\"https:\/\/studysafe.travel\/wp-content\/uploads\/2026\/02\/study-travel-about-us.png 600w, https:\/\/studysafe.travel\/wp-content\/uploads\/2026\/02\/study-travel-about-us-300x300.png 300w, https:\/\/studysafe.travel\/wp-content\/uploads\/2026\/02\/study-travel-about-us-150x150.png 150w\" sizes=\"auto, (max-width: 600px) 100vw, 600px\" \/><\/figure>\n<\/div>\n\n\n<link rel=\"stylesheet\" href=\"https:\/\/fonts.googleapis.com\/css2?family=Geist:wght@400;500;600;700;800\" \/>\n<div class=\"wp-block-column is-content-justification-left is-layout-constrained wp-container-core-column-is-layout-e710f4ca wp-block-column-is-layout-constrained\" style=\"flex-basis:55%; font-family: 'Geist' !important;\">\n<div class=\"wp-block-group is-nowrap is-layout-flex wp-container-core-group-is-layout-ecba6b92 wp-block-group-is-layout-flex\" style=\"margin-top:0;margin-bottom:0\">\n<p class=\"has-text-align-center has-text-color has-background has-link-color wp-elements-a26064d350b98d9a59a7b7093625606d\" style=\"border-radius:100px;color:#aa151b;background-color:#ffd7d7;padding-top:6px;padding-right:16px;padding-bottom:6px;padding-left:16px;font-size:14px;font-style:normal;font-weight:500\">Tout ce dont vous avez besoin avant de r\u00e9server<\/p>\n<\/div>\n\n\n\n<h2 class=\"wp-block-heading has-text-color has-link-color wp-elements-8396bad35f0e570fc090f5aed91dead4\" style=\"color:#031d1b;margin-top:6px;margin-bottom:16px;font-size:48px;font-style:normal;font-weight:600;line-height:1.2\">Informations importantes et documents d'assurance<\/h2>\n\n\n\n<p class=\"has-text-color has-link-color wp-elements-85603fb8a69b4153b117aa4751d69110\" style=\"color:#8d8d8e\">Avant que vous ne continuiez avec ceci <strong>Espagne Long S\u00e9jour<\/strong> trajet, veuillez lire attentivement les informations cl\u00e9s ci-dessous. Cette page rassemble les principaux points d'\u00e9ligibilit\u00e9, les r\u00e8gles pratiques du produit, les directives d'acc\u00e8s aux soins de sant\u00e9 et les documents d'assurance qui s'appliquent avant la r\u00e9servation.<\/p>\n\n\n\n<p class=\"has-text-color has-link-color wp-elements-3f658cccad2f0b6280bb1a52b95532ca\" style=\"color:#8d8d8e\">Ce parcours est con\u00e7u pour les \u00e9tudiants internationaux \u00e9ligibles qui ont besoin d'un visa d'\u00e9tudes pour l'Espagne et qui pr\u00e9voient un s\u00e9jour de <strong>plus de 90 jours<\/strong>. Il est bas\u00e9 sur un produit espagnol d'assurance maladie \u00e9tudiante qui offre des soins hospitaliers et ambulatoires par le biais de prestataires agr\u00e9\u00e9s, avec <strong>sans quote-part<\/strong> et <strong>pas de d\u00e9lais d'attente<\/strong>, sous r\u00e9serve d'\u00e9ligibilit\u00e9 et de la documentation de politique applicable.<\/p>\n\n\n<link rel=\"stylesheet\" href=\"https:\/\/fonts.googleapis.com\/css2?family=Geist:wght@400;500;600;700;800\" \/>\n<div class=\"wp-block-buttons has-custom-font-size is-horizontal is-content-justification-left is-nowrap is-layout-flex wp-container-core-buttons-is-layout-3d3318cf wp-block-buttons-is-layout-flex\" style=\"margin-top:20px;margin-bottom:var(--wp--preset--spacing--30);padding-top:var(--wp--preset--spacing--30);padding-bottom:var(--wp--preset--spacing--30);font-size:16px;font-style:normal;font-weight:400; font-family: 'Geist' !important;\">\n<div class=\"wp-block-button has-custom-width wp-block-button__width-50 is-style-button-hover-white-bgcolor cozy-animation__initialized cozy-button-hover-styles\" style=\"; --cozyButtonBgColorHover: #6f3dff; --cozyButtonColorHover: currentColor; --cozyButtonBorderHover: ; \" data-aos=\"fade-up\" data-aos-easing=\"ease-in\" data-aos-anchor-placement=\"top-bottom\" data-aos-duration=\"600\"><a class=\"wp-block-button__link wp-element-button\" href=\"https:\/\/studysafe.travel\/fr\/je-vais-en-espagne\/etudiants-en-ecole-de-langues\/long-terme\/verifier-leligibilite\/\">Commencez maintenant !<\/a><\/div>\n\n\n\n<div class=\"wp-block-button has-custom-width wp-block-button__width-50 is-style-button-hover-white-bgcolor cozy-animation__initialized cozy-button-hover-styles\" style=\"; --cozyButtonBgColorHover: #6f3dff; --cozyButtonColorHover: currentColor; --cozyButtonBorderHover: ; \" data-aos=\"fade-up\" data-aos-easing=\"ease-in\" data-aos-anchor-placement=\"top-bottom\" data-aos-duration=\"600\"><a class=\"wp-block-button__link wp-element-button\" href=\"https:\/\/studysafe.travel\/fr\/je-vais-en-espagne\/etudiants-en-ecole-de-langues\/long-terme\/couverture\/\">Voir la couverture<\/a><\/div>\n\n\n\n<div class=\"wp-block-button has-custom-width wp-block-button__width-50 is-style-button-hover-white-bgcolor cozy-animation__initialized cozy-button-hover-styles\" style=\"; --cozyButtonBgColorHover: #6f3dff; --cozyButtonColorHover: currentColor; --cozyButtonBorderHover: ; \" data-aos=\"fade-up\" data-aos-easing=\"ease-in\" data-aos-anchor-placement=\"top-bottom\" data-aos-duration=\"600\"><a class=\"wp-block-button__link wp-element-button\" href=\"https:\/\/studysafe.travel\/fr\/je-vais-en-espagne\/etudiants-en-ecole-de-langues\/long-terme\/faq\/\">Lire la FAQ<\/a><\/div>\n<\/div>\n<\/div>\n<\/div>\n<\/div>\n\n\n\n<div class=\"wp-block-group has-background is-layout-constrained wp-container-core-group-is-layout-5c682c5f wp-block-group-is-layout-constrained\" style=\"background-color:#aa151b;padding-top:7rem;padding-right:var(--wp--preset--spacing--50);padding-bottom:7rem;padding-left:var(--wp--preset--spacing--50)\"><div class=\"cozy-block-wrapper\">\n<div class=\"cozy-block-accordion icon-view-default icon-layout-fill\" id=\"cozyBlock_9c084071_7cc7_4b1e_ae85_fec99f4b94ff\"><div class=\"cozy-accordion-wrapper\">\n<div class=\"cozy-block-accordion-item\" id=\"cozyBlock_\"><div role=\"tab\" aria-expanded=\"true\"><div class=\"cozy-accordion-title\" style=\"display:flex;justify-content:space-between;align-items:center;flex-direction:row\"><h4>Avant de r\u00e9server<\/h4><div class=\"accordion-icon-wrapper\"><svg width=\"16\" height=\"16\" viewbox=\"0 0 14 25\" xmlns=\"http:\/\/www.w3.org\/2000\/svg\" aria-hidden=\"true\"><path d=\"M10.8737 12.7121C10.9908 12.595 10.9908 12.405 10.8737 12.2879L1.00502 2.41924C0.887867 2.30208 0.887867 2.11213 1.00502 1.99497L1.99497 1.00502C2.11213 0.887867 2.30208 0.887867 2.41924 1.00502L13.7021 12.2879C13.8192 12.405 13.8192 12.595 13.7021 12.7121L2.41924 23.995C2.30208 24.1121 2.11213 24.1121 1.99497 23.995L1.00502 23.005C0.887867 22.8879 0.887868 22.6979 1.00503 22.5808L10.8737 12.7121Z\"><\/path><\/svg><\/div><\/div><div class=\"cozy-accordion-content\">\n<p>Veuillez lire attentivement les points suivants avant de continuer\u00a0:<\/p>\n\n\n\n<ul class=\"wp-block-list\">\n<li>Ce parcours s'adresse aux \u00e9tudiants internationaux \u00e9ligibles qui ont besoin d'un visa d'\u00e9tudes pour l'Espagne et pr\u00e9voient un s\u00e9jour de plus de <strong>90 jours<\/strong>.<\/li>\n\n\n\n<li>L'assur\u00e9 ne doit pas d\u00e9tenir de passeport ou de carte d'identit\u00e9 nationale espagnole.<\/li>\n\n\n\n<li>Vous devez compl\u00e9ter le <strong>Questionnaire de sant\u00e9<\/strong> en toute v\u00e9rit\u00e9 et int\u00e9gralit\u00e9.<\/li>\n\n\n\n<li>Vous devez fournir une accr\u00e9ditation officielle des \u00e9tudes \u00e0 entreprendre en Espagne, ainsi que tout autre document demand\u00e9 pour la candidature.<\/li>\n\n\n\n<li>La prime unique est pay\u00e9e par <strong>carte bancaire<\/strong> et est d\u00fb \u00e0 la signature de la police.<\/li>\n\n\n\n<li>La couverture commence par le paiement de la prime et la signature de la police, pour la dur\u00e9e mentionn\u00e9e dans la documentation applicable de la police.<\/li>\n\n\n\n<li>Cette police ne peut \u00eatre ni renouvel\u00e9e ni prolong\u00e9e et expirera automatiquement \u00e0 l'\u00e9ch\u00e9ance.<\/li>\n\n\n\n<li>Les soins de sant\u00e9 sont principalement dispens\u00e9s en Espagne et doivent \u00eatre utilis\u00e9s par le biais de prestataires et de centres agr\u00e9\u00e9s.<\/li>\n<\/ul>\n<\/div><\/div><\/div>\n\n\n\n<div class=\"cozy-block-accordion-item\" id=\"cozyBlock_\"><div role=\"tab\" aria-expanded=\"true\"><div class=\"cozy-accordion-title\" style=\"display:flex;justify-content:space-between;align-items:center;flex-direction:row\"><h4>Faits cl\u00e9s du produit<\/h4><div class=\"accordion-icon-wrapper\"><svg width=\"16\" height=\"16\" viewbox=\"0 0 14 25\" xmlns=\"http:\/\/www.w3.org\/2000\/svg\" aria-hidden=\"true\"><path d=\"M10.8737 12.7121C10.9908 12.595 10.9908 12.405 10.8737 12.2879L1.00502 2.41924C0.887867 2.30208 0.887867 2.11213 1.00502 1.99497L1.99497 1.00502C2.11213 0.887867 2.30208 0.887867 2.41924 1.00502L13.7021 12.2879C13.8192 12.405 13.8192 12.595 13.7021 12.7121L2.41924 23.995C2.30208 24.1121 2.11213 24.1121 1.99497 23.995L1.00502 23.005C0.887867 22.8879 0.887868 22.6979 1.00503 22.5808L10.8737 12.7121Z\"><\/path><\/svg><\/div><\/div><div class=\"cozy-accordion-content\">\n<p>Cette page concerne le <strong>Espagne Long S\u00e9jour<\/strong> parcours pour les \u00e9tudiants dans des \u00e9coles de langue \u00e9ligibles qui ont besoin d'un s\u00e9jour d'\u00e9tudes plus long en Espagne.<\/p>\n\n\n\n<p>Le produit comprend, sous r\u00e9serve des conditions de la politique :<\/p>\n\n\n\n<ul class=\"wp-block-list\">\n<li>Service d'urgence<\/li>\n\n\n\n<li>M\u00e9decine interne et m\u00e9decine familiale<\/li>\n\n\n\n<li>M\u00e9decine sp\u00e9cialis\u00e9e<\/li>\n\n\n\n<li>Techniques de diagnostic et de traitement<\/li>\n\n\n\n<li>Hospitalisation et h\u00f4pital de jour<\/li>\n\n\n\n<li>Chirurgie ambulatoire<\/li>\n\n\n\n<li>Transfert en ambulance<\/li>\n\n\n\n<li>Proth\u00e8ses, implants et couverture limit\u00e9e des greffes<\/li>\n\n\n\n<li>M\u00e9decine pr\u00e9ventive, p\u00e9dicurie, psychoth\u00e9rapie et m\u00e9decin virtuel<\/li>\n\n\n\n<li>Assistance voyage<\/li>\n\n\n\n<li>Couverture optionnelle incluant d\u00e9c\u00e8s accidentel, indemnit\u00e9s journali\u00e8res d'hospitalisation et assurance dentaire<\/li>\n<\/ul>\n\n\n\n<p>Les limites importantes mentionn\u00e9es dans les informations produit comprennent les soins podologiques jusqu'\u00e0 12 s\u00e9ances par ann\u00e9e de police, l'hospitalisation psychiatrique jusqu'\u00e0 50 jours par ann\u00e9e de police, la psychoth\u00e9rapie soumise \u00e0 des limites de s\u00e9ances annuelles et les frais m\u00e9dicaux d'assistance voyage jusqu'\u00e0 <strong>25\u00a0000\u00a0EUR<\/strong> par assur\u00e9 par voyage.<\/p>\n<\/div><\/div><\/div>\n\n\n\n<div class=\"cozy-block-accordion-item\" id=\"cozyBlock_\"><div role=\"tab\" aria-expanded=\"true\"><div class=\"cozy-accordion-title\" style=\"display:flex;justify-content:space-between;align-items:center;flex-direction:row\"><h4>Utiliser les soins de sant\u00e9 en Espagne<\/h4><div class=\"accordion-icon-wrapper\"><svg width=\"16\" height=\"16\" viewbox=\"0 0 14 25\" xmlns=\"http:\/\/www.w3.org\/2000\/svg\" aria-hidden=\"true\"><path d=\"M10.8737 12.7121C10.9908 12.595 10.9908 12.405 10.8737 12.2879L1.00502 2.41924C0.887867 2.30208 0.887867 2.11213 1.00502 1.99497L1.99497 1.00502C2.11213 0.887867 2.30208 0.887867 2.41924 1.00502L13.7021 12.2879C13.8192 12.405 13.8192 12.595 13.7021 12.7121L2.41924 23.995C2.30208 24.1121 2.11213 24.1121 1.99497 23.995L1.00502 23.005C0.887867 22.8879 0.887868 22.6979 1.00503 22.5808L10.8737 12.7121Z\"><\/path><\/svg><\/div><\/div><div class=\"cozy-accordion-content\">\n<p>Ce produit fonctionne par l'interm\u00e9diaire de professionnels de la sant\u00e9 et de centres agr\u00e9\u00e9s en Espagne. Avant de demander un traitement, les \u00e9tudiants doivent confirmer que le professionnel ou le centre est agr\u00e9\u00e9 pour le service concern\u00e9.<\/p>\n\n\n\n<p>Pour les services n\u00e9cessitant une ordonnance ou une autorisation pr\u00e9alable, les \u00e9tudiants doivent suivre la proc\u00e9dure indiqu\u00e9e dans la documentation de la politique.<\/p>\n\n\n\n<p>Les soins d'urgence sont coordonn\u00e9s par le syst\u00e8me d'urgence agr\u00e9\u00e9 en Espagne. La documentation produit stipule que le centre de coordination des soins d'urgence et urgents fonctionne 24h\/24 et 7j\/7 dans toute l'Espagne.<\/p>\n\n\n\n<p>Si le traitement est obtenu dans une autre province, les frais de d\u00e9placement sont \u00e0 la charge de l'\u00e9tudiant.<\/p>\n\n\n\n<p>Aucune franchise ni p\u00e9riode d'attente ne s'applique au produit de base. Si une couverture dentaire optionnelle est ajout\u00e9e, les franchises applicables doivent \u00eatre r\u00e9gl\u00e9es directement aupr\u00e8s du prestataire dentaire.<\/p>\n<\/div><\/div><\/div>\n\n\n\n<div class=\"cozy-block-accordion-item\" id=\"cozyBlock_\"><div role=\"tab\" aria-expanded=\"true\"><div class=\"cozy-accordion-title\" style=\"display:flex;justify-content:space-between;align-items:center;flex-direction:row\"><h4>Documents d\u2019assurance<\/h4><div class=\"accordion-icon-wrapper\"><svg width=\"16\" height=\"16\" viewbox=\"0 0 14 25\" xmlns=\"http:\/\/www.w3.org\/2000\/svg\" aria-hidden=\"true\"><path d=\"M10.8737 12.7121C10.9908 12.595 10.9908 12.405 10.8737 12.2879L1.00502 2.41924C0.887867 2.30208 0.887867 2.11213 1.00502 1.99497L1.99497 1.00502C2.11213 0.887867 2.30208 0.887867 2.41924 1.00502L13.7021 12.2879C13.8192 12.405 13.8192 12.595 13.7021 12.7121L2.41924 23.995C2.30208 24.1121 2.11213 24.1121 1.99497 23.995L1.00502 23.005C0.887867 22.8879 0.887868 22.6979 1.00503 22.5808L10.8737 12.7121Z\"><\/path><\/svg><\/div><\/div><div class=\"cozy-accordion-content\">\n<p>Avant de r\u00e9server, vous devriez lire attentivement les documents d'assurance applicables.<\/p>\n\n\n\n<p>Ces documents expliquent :<\/p>\n\n\n\n<ul class=\"wp-block-list\">\n<li>Ce qu'est le produit et \u00e0 qui il est destin\u00e9<\/li>\n\n\n\n<li>Ce qui est couvert et ce qui n'est pas couvert<\/li>\n\n\n\n<li>Limites de produits et restrictions pratiques<\/li>\n\n\n\n<li>Comment les services de sant\u00e9 doivent \u00eatre utilis\u00e9s<\/li>\n\n\n\n<li>R\u00e8gles de paiement, de dur\u00e9e et de r\u00e9siliation<\/li>\n\n\n\n<li>Franchises facultatives pour la couverture et les soins dentaires<\/li>\n\n\n\n<li>Le r\u00f4le du questionnaire de sant\u00e9 et des pi\u00e8ces justificatives<\/li>\n<\/ul>\n\n\n\n<p><strong>Documents \u00e0 rendre disponibles sur cette page<\/strong><\/p>\n\n\n\n<ul class=\"wp-block-list\">\n<li><a href=\"https:\/\/studysafe.travel\/wp-content\/uploads\/2026\/04\/ASISA-Product_Information.pdf\">Document d'information sur le produit (PDF)<\/a><\/li>\n\n\n\n<li><a href=\"https:\/\/studysafe.travel\/wp-content\/uploads\/2026\/04\/ASISA-General_Terms_and_Conditions_Asisa.pdf\">Conditions G\u00e9n\u00e9rales (PDF)<\/a><\/li>\n<\/ul>\n\n\n\n<p>Sur une question, l'ensemble contractuel complet comprend \u00e9galement la demande, le questionnaire de sant\u00e9 et les conditions particuli\u00e8res.<\/p>\n<\/div><\/div><\/div>\n\n\n\n<div class=\"cozy-block-accordion-item\" id=\"cozyBlock_\"><div role=\"tab\" aria-expanded=\"true\"><div class=\"cozy-accordion-title\" style=\"display:flex;justify-content:space-between;align-items:center;flex-direction:row\"><h4>Note juridique importante pour cet itin\u00e9raire<\/h4><div class=\"accordion-icon-wrapper\"><svg width=\"16\" height=\"16\" viewbox=\"0 0 14 25\" xmlns=\"http:\/\/www.w3.org\/2000\/svg\" aria-hidden=\"true\"><path d=\"M10.8737 12.7121C10.9908 12.595 10.9908 12.405 10.8737 12.2879L1.00502 2.41924C0.887867 2.30208 0.887867 2.11213 1.00502 1.99497L1.99497 1.00502C2.11213 0.887867 2.30208 0.887867 2.41924 1.00502L13.7021 12.2879C13.8192 12.405 13.8192 12.595 13.7021 12.7121L2.41924 23.995C2.30208 24.1121 2.11213 24.1121 1.99497 23.995L1.00502 23.005C0.887867 22.8879 0.887868 22.6979 1.00503 22.5808L10.8737 12.7121Z\"><\/path><\/svg><\/div><\/div><div class=\"cozy-accordion-content\">\n<p>Cette page fournit des informations g\u00e9n\u00e9rales sur le parcours d'assurance maladie longue dur\u00e9e pour \u00e9tudiants en Espagne. Le produit sous-jacent pour ce parcours est une police d'assurance maladie \u00e9tudiante destin\u00e9e aux \u00e9tudiants internationaux \u00e9ligibles qui \u00e9tudient en Espagne et qui ont besoin d'un visa d'\u00e9tudes.<\/p>\n\n\n\n<p>Toutes les informations pr\u00e9contractuelles et contractuelles sont fournies dans le document d'information produit, les conditions g\u00e9n\u00e9rales, les conditions particuli\u00e8res et le reste de la documentation de la police.<\/p>\n\n\n\n<p>SafeStudy n'est pas l'assureur. L'admissibilit\u00e9 finale, la couverture, les exclusions, les limites, l'utilisation des prestataires agr\u00e9\u00e9s, les couvertures facultatives, les conditions de paiement et la dur\u00e9e de la police d\u00e9pendent toujours de la demande compl\u00e9t\u00e9e et de la documentation d'assurance applicable.<\/p>\n<\/div><\/div><\/div>\n\n\n\n<div class=\"cozy-block-accordion-item\" id=\"cozyBlock_\"><div role=\"tab\" aria-expanded=\"true\"><div class=\"cozy-accordion-title\" style=\"display:flex;justify-content:space-between;align-items:center;flex-direction:row\"><h4>Liens juridiques<\/h4><div class=\"accordion-icon-wrapper\"><svg width=\"16\" height=\"16\" viewbox=\"0 0 14 25\" xmlns=\"http:\/\/www.w3.org\/2000\/svg\" aria-hidden=\"true\"><path d=\"M10.8737 12.7121C10.9908 12.595 10.9908 12.405 10.8737 12.2879L1.00502 2.41924C0.887867 2.30208 0.887867 2.11213 1.00502 1.99497L1.99497 1.00502C2.11213 0.887867 2.30208 0.887867 2.41924 1.00502L13.7021 12.2879C13.8192 12.405 13.8192 12.595 13.7021 12.7121L2.41924 23.995C2.30208 24.1121 2.11213 24.1121 1.99497 23.995L1.00502 23.005C0.887867 22.8879 0.887868 22.6979 1.00503 22.5808L10.8737 12.7121Z\"><\/path><\/svg><\/div><\/div><div class=\"cozy-accordion-content\">\n<p>Veuillez \u00e9galement lire les pages suivantes avant de r\u00e9server :<\/p>\n\n\n\n<ul class=\"wp-block-list\">\n<li><a href=\"https:\/\/studysafe.travel\/fr\/termes-et-conditions\/\">Conditions g\u00e9n\u00e9rales<\/a><\/li>\n\n\n\n<li><a href=\"https:\/\/studysafe.travel\/fr\/politique-de-confidentialite\/\">Politique de confidentialit\u00e9<\/a><\/li>\n\n\n\n<li><a href=\"https:\/\/studysafe.travel\/fr\/politique-de-cookies\/\">Politique relative aux cookies<\/a><\/li>\n\n\n\n<li><a href=\"https:\/\/studysafe.travel\/fr\/procedure-de-reclamation\/\">Proc\u00e9dure de r\u00e9clamation<\/a><\/li>\n\n\n\n<li><a href=\"https:\/\/studysafe.travel\/fr\/politique-anti-blanchiment-des-capitaux-et-connaissance-du-client\/\" data-type=\"page\" data-id=\"286\">Politique AML et KYC<\/a><\/li>\n\n\n\n<li><a href=\"https:\/\/studysafe.travel\/fr\/conditions-generales-dassurance\/\">Conditions G\u00e9n\u00e9rales d'Assurance<\/a><\/li>\n\n\n\n<li><a href=\"https:\/\/studysafe.travel\/fr\/informations-reglementaires-divulguees\/\">Informations r\u00e9glementaires et divulgations<\/a><\/li>\n<\/ul>\n<\/div><\/div><\/div>\n<\/div><\/div>\n<\/div><\/div>","protected":false},"excerpt":{"rendered":"<p>Everything you need before you book Important Information &amp; Insurance Documents Before you continue with this Spain Long Term route, please read the key information below carefully. This page brings together the main eligibility points, practical product rules, healthcare access guidance and the insurance documents that apply before booking. This route is designed for eligible&#8230;<\/p>","protected":false},"author":1,"featured_media":0,"parent":1584,"menu_order":0,"comment_status":"closed","ping_status":"closed","template":"","meta":{"footnotes":""},"class_list":["post-1591","page","type-page","status-publish","hentry"],"_links":{"self":[{"href":"https:\/\/studysafe.travel\/fr\/wp-json\/wp\/v2\/pages\/1591","targetHints":{"allow":["GET"]}}],"collection":[{"href":"https:\/\/studysafe.travel\/fr\/wp-json\/wp\/v2\/pages"}],"about":[{"href":"https:\/\/studysafe.travel\/fr\/wp-json\/wp\/v2\/types\/page"}],"author":[{"embeddable":true,"href":"https:\/\/studysafe.travel\/fr\/wp-json\/wp\/v2\/users\/1"}],"replies":[{"embeddable":true,"href":"https:\/\/studysafe.travel\/fr\/wp-json\/wp\/v2\/comments?post=1591"}],"version-history":[{"count":7,"href":"https:\/\/studysafe.travel\/fr\/wp-json\/wp\/v2\/pages\/1591\/revisions"}],"predecessor-version":[{"id":1871,"href":"https:\/\/studysafe.travel\/fr\/wp-json\/wp\/v2\/pages\/1591\/revisions\/1871"}],"up":[{"embeddable":true,"href":"https:\/\/studysafe.travel\/fr\/wp-json\/wp\/v2\/pages\/1584"}],"wp:attachment":[{"href":"https:\/\/studysafe.travel\/fr\/wp-json\/wp\/v2\/media?parent=1591"}],"curies":[{"name":"wp","href":"https:\/\/api.w.org\/{rel}","templated":true}]}}