{"id":260,"date":"2026-02-19T13:02:40","date_gmt":"2026-02-19T13:02:40","guid":{"rendered":"https:\/\/studysafe.travel\/?page_id=260"},"modified":"2026-03-30T14:56:46","modified_gmt":"2026-03-30T14:56:46","slug":"procedure-de-reclamation","status":"publish","type":"page","link":"https:\/\/studysafe.travel\/fr\/complaints-procedure\/","title":{"rendered":"Proc\u00e9dure de r\u00e9clamation"},"content":{"rendered":"<div class=\"wp-block-group has-background-background-color has-background is-layout-constrained wp-container-core-group-is-layout-ef55149e wp-block-group-is-layout-constrained\" style=\"margin-top:0;margin-bottom:0;padding-top:4rem;padding-right:var(--wp--preset--spacing--40);padding-bottom:6rem;padding-left:var(--wp--preset--spacing--40)\">\n<h2 class=\"wp-block-heading has-text-align-center\">Proc\u00e9dure de r\u00e9clamation<\/h2>\n\n\n\n<p class=\"has-text-align-center\"><strong>Derni\u00e8re mise \u00e0 jour\u00a0:<\/strong> Mars 2026<\/p>\n\n\n\n<p>Nous visons \u00e0 fournir un service fiable, \u00e9quitable et r\u00e9actif. Si vous n'\u00eates pas satisfait de certains aspects de votre exp\u00e9rience, vous avez le droit de d\u00e9poser une plainte et de faire traiter votre plainte rapidement et \u00e9quitablement.<\/p>\n\n\n\n<h3 class=\"wp-block-heading\">1) \u00c9tape 1 \u2014 Contactez d'abord StudySafe<\/h3>\n\n\n\n<p>Veuillez envoyer un courriel <strong><a href=\"mailto:support@studysafe.travel\">support@studysafe.travel<\/a><\/strong> avec :<\/p>\n\n\n\n<ul class=\"wp-block-list\">\n<li>Votre nom complet<\/li>\n\n\n\n<li>Votre r\u00e9f\u00e9rence de r\u00e9servation, de devis, de police ou de certificat (si disponible)<\/li>\n\n\n\n<li>La date \u00e0 laquelle vous avez r\u00e9serv\u00e9 ou nous avez contact\u00e9s<\/li>\n\n\n\n<li>Une description claire du probl\u00e8me<\/li>\n\n\n\n<li>Tous documents justificatifs (par exemple, captures d'\u00e9cran, courriels, re\u00e7us, certificats ou autres pi\u00e8ces pertinentes)<\/li>\n<\/ul>\n\n\n\n<p>Nous accuserons r\u00e9ception et tenterons de r\u00e9soudre votre probl\u00e8me aussi rapidement et \u00e9quitablement que possible. Certains probl\u00e8mes peuvent \u00eatre r\u00e9solus directement par StudySafe, en particulier ceux relatifs au site Web, au processus de r\u00e9servation, aux communications clients, \u00e0 la soumission de documents ou au support op\u00e9rationnel.<\/p>\n\n\n\n<h3 class=\"wp-block-heading\">2) \u00c9tape 2 \u2014 Escalader au contact des r\u00e9clamations d'assurance pertinent (plainte formelle)<\/h3>\n\n\n\n<p>Si votre plainte concerne le produit d'assurance lui-m\u00eame, la gestion des assurances, la souscription, les v\u00e9rifications d'\u00e9ligibilit\u00e9, les annulations, le traitement des sinistres, la documentation de police, les probl\u00e8mes de service r\u00e9glement\u00e9 ou d'autres questions li\u00e9es \u00e0 l'assurance, votre plainte pourrait devoir \u00eatre transmise \u00e0 la <strong>assureur pertinent, interm\u00e9diaire, administrateur, d\u00e9tenteur de police ou contact pour les r\u00e9clamations formelles identifi\u00e9s dans la documentation applicable \u00e0 votre produit et itin\u00e9raire sp\u00e9cifiques<\/strong>.<\/p>\n\n\n\n<p>Le contact appropri\u00e9 pour les plaintes officielles peut varier en fonction du produit, de l'assureur, de l'interm\u00e9diaire, de l'administrateur, du pays et de la juridiction concern\u00e9s. Pour cette raison, vous devriez toujours vous r\u00e9f\u00e9rer \u00e0 <strong>documents de politique officielle, conditions g\u00e9n\u00e9rales d'affaires, informations r\u00e9glementaires et toute documentation sp\u00e9cifique au produit<\/strong> qui s'appliquent \u00e0 votre r\u00e9servation.<\/p>\n\n\n\n<p><strong>Informations connexes :<\/strong><\/p>\n\n\n\n<ul class=\"wp-block-list\">\n<li><strong>Conditions g\u00e9n\u00e9rales d'assurance :<\/strong> <a href=\"https:\/\/studysafe.travel\/fr\/conditions-generales-dassurance\/\">Lire<\/a><\/li>\n\n\n\n<li><strong>Informations r\u00e9glementaires et divulgations :<\/strong> <a href=\"https:\/\/studysafe.travel\/fr\/informations-reglementaires-divulguees\/\">Lire<\/a><\/li>\n<\/ul>\n\n\n\n<p><strong>Ce qui se passe ensuite :<\/strong><\/p>\n\n\n\n<ul class=\"wp-block-list\">\n<li>Le fournisseur ou l'\u00e9quipe des plaintes comp\u00e9tent(e) doit reconna\u00eetre et enqu\u00eater sur votre plainte conform\u00e9ment aux r\u00e8gles, normes et d\u00e9lais de traitement des plaintes qui s'appliquent \u00e0 ce fournisseur et \u00e0 ce produit.<\/li>\n\n\n\n<li>Il se peut qu'on vous demande des pi\u00e8ces justificatives ou des informations suppl\u00e9mentaires afin que la plainte puisse \u00eatre examin\u00e9e correctement.<\/li>\n\n\n\n<li>Lorsque la plainte concerne un fournisseur r\u00e9glement\u00e9, les droits de traitement des plaintes, les d\u00e9lais et les droits d'escalade peuvent s'appliquer en fonction du pays et du cadre r\u00e9glementaire concern\u00e9.<\/li>\n<\/ul>\n\n\n\n<h3 class=\"wp-block-heading\">3) Si vous n'\u00eates pas satisfait du r\u00e9sultat (m\u00e9diateur, r\u00e8glement extrajudiciaire des litiges ou r\u00e9gulateur le cas \u00e9ch\u00e9ant)<\/h3>\n\n\n\n<p>Si vous restez insatisfait apr\u00e8s que le fournisseur concern\u00e9 ait eu l'occasion d'examiner et de r\u00e9pondre \u00e0 votre plainte, vous pourrez peut-\u00eatre porter l'affaire devant un <strong>m\u00e9diateur, organisme de r\u00e8glement extrajudiciaire des diff\u00e9rends, m\u00e9canisme de traitement des plaintes, r\u00e9gulateur, autorit\u00e9 de surveillance, ou autre organisme comp\u00e9tent<\/strong>, selon le fournisseur, le pays et le produit impliqu\u00e9s.<\/p>\n\n\n\n<p>Par exemple, si la plainte concerne un fournisseur r\u00e9glement\u00e9 en Irlande et que l'affaire rel\u00e8ve de sa comp\u00e9tence, la plainte peut \u00eatre transmise <strong>Ombudsman des services financiers et des pensions (FSPO)<\/strong> apr\u00e8s que le prestataire ait d'abord eu l'occasion de le r\u00e9soudre.<\/p>\n\n\n\n<p>Veuillez noter que :<\/p>\n\n\n\n<ul class=\"wp-block-list\">\n<li>Toutes les plaintes ne rel\u00e8veront pas de la comp\u00e9tence du m\u00eame m\u00e9diateur ou organisme de r\u00e8glement des plaintes.<\/li>\n\n\n\n<li>L'itin\u00e9raire d'escalade correct peut diff\u00e9rer selon que le fournisseur concern\u00e9 est bas\u00e9 en Irlande, en Espagne, dans un autre pays de l'UE ou en dehors de l'UE.<\/li>\n\n\n\n<li>L'organisme de plainte, le r\u00e9gulateur ou la voie de r\u00e8glement des diff\u00e9rends applicable doit \u00eatre identifi\u00e9 \u00e0 partir de la documentation officielle du produit et du fournisseur concern\u00e9s.<\/li>\n<\/ul>\n\n\n\n<h3 class=\"wp-block-heading\">4) Tenir des registres<\/h3>\n\n\n\n<p>Pour aider \u00e0 r\u00e9soudre les plaintes efficacement, veuillez conserver des copies de :<\/p>\n\n\n\n<ul class=\"wp-block-list\">\n<li>Votre devis, confirmation de r\u00e9servation et tout document de politique ou certificat<\/li>\n\n\n\n<li>Emails, messages ou autres communications \u00e9chang\u00e9s<\/li>\n\n\n\n<li>Re\u00e7us, factures, captures d'\u00e9cran et toute preuve pertinente au probl\u00e8me<\/li>\n\n\n\n<li>Toute accus\u00e9 de r\u00e9ception de plainte, num\u00e9ro de r\u00e9f\u00e9rence de plainte ou r\u00e9ponse finale que vous recevez<\/li>\n<\/ul>\n<\/div>","protected":false},"excerpt":{"rendered":"<p>Complaints Procedure Last updated: March 2026 We aim to provide a reliable, fair, and responsive service. If you are unhappy with any part of your experience, you have the right to complain and to have your complaint handled promptly and fairly. 1) Step 1 \u2014 Contact StudySafe first Please email support@studysafe.travel with: We will confirm&#8230;<\/p>","protected":false},"author":1,"featured_media":0,"parent":0,"menu_order":0,"comment_status":"closed","ping_status":"closed","template":"","meta":{"footnotes":""},"class_list":["post-260","page","type-page","status-publish","hentry"],"_links":{"self":[{"href":"https:\/\/studysafe.travel\/fr\/wp-json\/wp\/v2\/pages\/260","targetHints":{"allow":["GET"]}}],"collection":[{"href":"https:\/\/studysafe.travel\/fr\/wp-json\/wp\/v2\/pages"}],"about":[{"href":"https:\/\/studysafe.travel\/fr\/wp-json\/wp\/v2\/types\/page"}],"author":[{"embeddable":true,"href":"https:\/\/studysafe.travel\/fr\/wp-json\/wp\/v2\/users\/1"}],"replies":[{"embeddable":true,"href":"https:\/\/studysafe.travel\/fr\/wp-json\/wp\/v2\/comments?post=260"}],"version-history":[{"count":3,"href":"https:\/\/studysafe.travel\/fr\/wp-json\/wp\/v2\/pages\/260\/revisions"}],"predecessor-version":[{"id":1001,"href":"https:\/\/studysafe.travel\/fr\/wp-json\/wp\/v2\/pages\/260\/revisions\/1001"}],"wp:attachment":[{"href":"https:\/\/studysafe.travel\/fr\/wp-json\/wp\/v2\/media?parent=260"}],"curies":[{"name":"wp","href":"https:\/\/api.w.org\/{rel}","templated":true}]}}