{"id":267,"date":"2026-02-19T13:11:39","date_gmt":"2026-02-19T13:11:39","guid":{"rendered":"https:\/\/studysafe.travel\/?page_id=267"},"modified":"2026-03-30T14:49:55","modified_gmt":"2026-03-30T14:49:55","slug":"politique-de-cookies","status":"publish","type":"page","link":"https:\/\/studysafe.travel\/fr\/cookie-policy\/","title":{"rendered":"Politique relative aux cookies"},"content":{"rendered":"<div class=\"wp-block-group has-background-background-color has-background is-layout-constrained wp-container-core-group-is-layout-ef55149e wp-block-group-is-layout-constrained\" style=\"margin-top:0;margin-bottom:0;padding-top:4rem;padding-right:var(--wp--preset--spacing--40);padding-bottom:6rem;padding-left:var(--wp--preset--spacing--40)\">\n<h2 class=\"wp-block-heading has-text-align-center\">Politique relative aux cookies<\/h2>\n\n\n\n<p class=\"has-text-align-center\"><strong>Derni\u00e8re mise \u00e0 jour\u00a0:<\/strong> Mars 2026<\/p>\n\n\n\n<h3 class=\"wp-block-heading\">1) Que sont les cookies ?<\/h3>\n\n\n\n<p>Les cookies sont de petits fichiers texte d\u00e9pos\u00e9s sur votre appareil lorsque vous visitez un site web. Ils aident le site \u00e0 fonctionner correctement, am\u00e9liorent l'exp\u00e9rience utilisateur, m\u00e9morisent les pr\u00e9f\u00e9rences, soutiennent la s\u00e9curit\u00e9 et, dans certains cas, nous aident \u00e0 comprendre comment le site est utilis\u00e9.<\/p>\n\n\n\n<p>Nous pouvons \u00e9galement utiliser des technologies similaires telles que les pixels, les balises, les scripts, les SDK, les beacons et le stockage local. Dans cette politique, nous les d\u00e9signons collectivement sous le nom de \u201c cookies \u201d.<\/p>\n\n\n\n<h3 class=\"wp-block-heading\">2) Pourquoi nous utilisons des cookies<\/h3>\n\n\n\n<p>Nous utilisons des cookies pour :<\/p>\n\n\n\n<ul class=\"wp-block-list\">\n<li><strong>Ex\u00e9cutez le site web de mani\u00e8re s\u00e9curis\u00e9e et fiable<\/strong> (y compris les fonctionnalit\u00e9s essentielles, la pr\u00e9vention de la fraude et la stabilit\u00e9 technique)<\/li>\n\n\n\n<li><strong>Rappelez-vous vos pr\u00e9f\u00e9rences<\/strong> (lorsque activ\u00e9, comme les param\u00e8tres des cookies ou d'autres choix du site)<\/li>\n\n\n\n<li><strong>Mesurer la performance du site web<\/strong> (analytique, lorsque activ\u00e9 et autoris\u00e9)<\/li>\n\n\n\n<li><strong>Prendre en charge les parcours de devis, de r\u00e9servation, d'int\u00e9gration et de paiement<\/strong> (par exemple, pour que les sessions, les formulaires, les outils int\u00e9gr\u00e9s ou les processus de paiement fonctionnent correctement)<\/li>\n\n\n\n<li><strong>Am\u00e9liorer les performances du site web et l'exp\u00e9rience utilisateur<\/strong> au fil du temps<\/li>\n<\/ul>\n\n\n\n<h3 class=\"wp-block-heading\">3) Types de cookies que nous pouvons utiliser<\/h3>\n\n\n\n<h4 class=\"wp-block-heading\">A) Cookies strictement n\u00e9cessaires<\/h4>\n\n\n\n<p>Ces cookies sont n\u00e9cessaires au bon fonctionnement du site web. Ils peuvent prendre en charge la s\u00e9curit\u00e9, la gestion des sessions, la navigation, le traitement des formulaires, la gestion du consentement, les \u00e9tapes de paiement et d'autres fonctions essentielles du site web. Le site ne peut pas fonctionner correctement sans eux.<\/p>\n\n\n\n<h4 class=\"wp-block-heading\">B) Cookies de performance et d'analyse (facultatif)<\/h4>\n\n\n\n<p>Ces cookies nous aident \u00e0 comprendre comment les visiteurs utilisent le site, par exemple quelles pages sont les plus visit\u00e9es, comment les utilisateurs naviguent sur le site, o\u00f9 les probl\u00e8mes de performance surviennent et comment nous pouvons am\u00e9liorer l'exp\u00e9rience. Nous utilisons ces cookies uniquement lorsque cela est autoris\u00e9 et, lorsque requis, avec votre consentement.<\/p>\n\n\n\n<h4 class=\"wp-block-heading\">C) Cookies fonctionnels (facultatif)<\/h4>\n\n\n\n<p>Ces cookies permettent au site de se souvenir de vos choix, comme vos pr\u00e9f\u00e9rences en mati\u00e8re de cookies, vos pr\u00e9f\u00e9rences linguistiques ou d'autres param\u00e8tres, afin de vous offrir une exp\u00e9rience plus coh\u00e9rente et personnalis\u00e9e.<\/p>\n\n\n\n<h4 class=\"wp-block-heading\">D) Cookies marketing (facultatif)<\/h4>\n\n\n\n<p>S'ils sont activ\u00e9s, ces cookies peuvent \u00eatre utilis\u00e9s pour mesurer les performances marketing, comprendre l'efficacit\u00e9 des campagnes ou soutenir la diffusion de contenus plus pertinents. Nous n'utilisons les cookies marketing que lorsque cela est l\u00e9galement autoris\u00e9 et lorsque vous avez donn\u00e9 votre consentement si celui-ci est requis.<\/p>\n\n\n\n<h3 class=\"wp-block-heading\">4) Cookies tiers<\/h3>\n\n\n\n<p>Certains cookies peuvent \u00eatre d\u00e9pos\u00e9s par des tiers dont les services sont utilis\u00e9s sur ou par le biais de notre site, y compris des fournisseurs d'analyses, des outils d'h\u00e9bergement, des fournisseurs de contenu embarqu\u00e9, des processeurs de paiement, des fournisseurs de r\u00e9servation ou de formulaires, des outils de consentement, des services de s\u00e9curit\u00e9 ou d'autres syst\u00e8mes de tiers qui aident \u00e0 faire fonctionner le site web et ses parcours.<\/p>\n\n\n\n<p>Si le site utilise des outils int\u00e9gr\u00e9s tiers, des outils de devis, des outils de paiement, le traitement des paiements, des outils d'analyse ou du contenu externe, ces fournisseurs peuvent d\u00e9finir des cookies ou des technologies similaires n\u00e9cessaires au fonctionnement s\u00e9curis\u00e9 et correct de leurs services. Ces tiers peuvent traiter les donn\u00e9es selon leurs propres politiques en mati\u00e8re de cookies et de confidentialit\u00e9.<\/p>\n\n\n\n<h3 class=\"wp-block-heading\">5) G\u00e9rer vos pr\u00e9f\u00e9rences en mati\u00e8re de cookies<\/h3>\n\n\n\n<p>Vous pouvez g\u00e9rer les cookies de la mani\u00e8re suivante :<\/p>\n\n\n\n<ul class=\"wp-block-list\">\n<li><strong>Banni\u00e8re\/param\u00e8tres des cookies (si activ\u00e9) :<\/strong> Utilisez l'outil de pr\u00e9f\u00e9rences de cookies sur le site pour accepter, rejeter ou ajuster les cookies non essentiels.<\/li>\n\n\n\n<li><strong>Param\u00e8tres du navigateur :<\/strong> La plupart des navigateurs vous permettent de bloquer, supprimer ou restreindre les cookies.<\/li>\n\n\n\n<li><strong>Param\u00e8tres de l'appareil :<\/strong> Les appareils mobiles et les applications peuvent \u00e9galement proposer des contr\u00f4les de confidentialit\u00e9 ou de suivi.<\/li>\n<\/ul>\n\n\n\n<p>Veuillez noter : le blocage ou la d\u00e9sactivation des cookies strictement n\u00e9cessaires peut affecter les fonctionnalit\u00e9s du site web, notamment les formulaires, le comportement de connexion\/session, les outils int\u00e9gr\u00e9s et les processus de paiement ou de r\u00e9servation.<\/p>\n\n\n\n<h3 class=\"wp-block-heading\">6) Ne pas suivre \/ contr\u00f4les de suivi<\/h3>\n\n\n\n<p>Certains navigateurs proposent des signaux \u201c Ne pas suivre \u201d ou des param\u00e8tres de confidentialit\u00e9 similaires. Comme il n'existe pas de norme universelle unique pour l'interpr\u00e9tation de ces signaux, nous pouvons ne pas y r\u00e9pondre de mani\u00e8re coh\u00e9rente. Vous pouvez toujours g\u00e9rer les cookies via les param\u00e8tres de votre navigateur, les contr\u00f4les de votre appareil et tout outil de pr\u00e9f\u00e9rences de cookies disponible sur notre site.<\/p>\n\n\n\n<h3 class=\"wp-block-heading\">7) Mises \u00e0 jour de cette politique en mati\u00e8re de cookies<\/h3>\n\n\n\n<p>Nous pouvons mettre \u00e0 jour cette Politique relative aux cookies de temps \u00e0 autre afin de refl\u00e9ter les changements apport\u00e9s au site web, aux technologies utilis\u00e9es, aux services de tiers, aux exigences l\u00e9gales ou aux processus op\u00e9rationnels. La derni\u00e8re version sera publi\u00e9e sur cette page avec la date de la \u201cDerni\u00e8re mise \u00e0 jour\u201d.<\/p>\n\n\n\n<h3 class=\"wp-block-heading\">8) Contact<\/h3>\n\n\n\n<p>Si vous avez des questions concernant les cookies ou votre vie priv\u00e9e, contactez : <strong><a href=\"mailto:support@studysafe.travel\">support@studysafe.travel<\/a><\/strong><\/p>\n<\/div>","protected":false},"excerpt":{"rendered":"<p>Cookie Policy Last updated: March 2026 1) What are cookies? Cookies are small text files placed on your device when you visit a website. They help the site function properly, improve user experience, remember preferences, support security, and in some cases help us understand how the site is used. We may also use similar technologies&#8230;<\/p>","protected":false},"author":1,"featured_media":0,"parent":0,"menu_order":0,"comment_status":"closed","ping_status":"closed","template":"","meta":{"footnotes":""},"class_list":["post-267","page","type-page","status-publish","hentry"],"_links":{"self":[{"href":"https:\/\/studysafe.travel\/fr\/wp-json\/wp\/v2\/pages\/267","targetHints":{"allow":["GET"]}}],"collection":[{"href":"https:\/\/studysafe.travel\/fr\/wp-json\/wp\/v2\/pages"}],"about":[{"href":"https:\/\/studysafe.travel\/fr\/wp-json\/wp\/v2\/types\/page"}],"author":[{"embeddable":true,"href":"https:\/\/studysafe.travel\/fr\/wp-json\/wp\/v2\/users\/1"}],"replies":[{"embeddable":true,"href":"https:\/\/studysafe.travel\/fr\/wp-json\/wp\/v2\/comments?post=267"}],"version-history":[{"count":4,"href":"https:\/\/studysafe.travel\/fr\/wp-json\/wp\/v2\/pages\/267\/revisions"}],"predecessor-version":[{"id":1000,"href":"https:\/\/studysafe.travel\/fr\/wp-json\/wp\/v2\/pages\/267\/revisions\/1000"}],"wp:attachment":[{"href":"https:\/\/studysafe.travel\/fr\/wp-json\/wp\/v2\/media?parent=267"}],"curies":[{"name":"wp","href":"https:\/\/api.w.org\/{rel}","templated":true}]}}