{"id":1051,"date":"2026-04-07T13:23:31","date_gmt":"2026-04-07T13:23:31","guid":{"rendered":"https:\/\/studysafe.travel\/?page_id=1051"},"modified":"2026-04-22T15:46:09","modified_gmt":"2026-04-22T15:46:09","slug":"eu-vou-para-a-espanha","status":"publish","type":"page","link":"https:\/\/studysafe.travel\/pt\/im-going-to-spain\/","title":{"rendered":"Eu vou para a Espanha"},"content":{"rendered":"<link rel=\"stylesheet\" href=\"https:\/\/fonts.googleapis.com\/css2?family=Geist:wght@400;500;600;700;800\" \/>\n<div class=\"wp-block-group has-background is-layout-constrained wp-container-core-group-is-layout-eb65c542 wp-block-group-is-layout-constrained\" style=\"background:linear-gradient(135deg,rgb(243,248,255) 46%,rgb(255,243,243) 100%);margin-top:0;margin-bottom:0;padding-top:80px;padding-right:26px;padding-bottom:100px;padding-left:26px;font-size:16px;font-style:normal;font-weight:400;line-height:1.6; font-family: 'Geist' !important;\">\n\n\n<div style=\"height:25px\" aria-hidden=\"true\" class=\"wp-block-spacer\"><\/div>\n\n\n\n<div class=\"wp-block-columns alignwide is-layout-flex wp-container-core-columns-is-layout-f74a9aa3 wp-block-columns-is-layout-flex\" style=\"margin-top:0;margin-bottom:0;padding-top:0;padding-right:0;padding-bottom:0;padding-left:0\">\n<div class=\"wp-block-column is-vertically-aligned-top is-layout-flow wp-container-core-column-is-layout-a77db08e wp-block-column-is-layout-flow cozy-animation__initialized\">\n<figure class=\"wp-block-image size-full has-custom-border cozy-responsive-show__initialized cozy-hover-effect__initialized\" style=\"\" data-desktop-show=\"1\" data-tablet-show=\"\" data-tablet-viewport-width=\"980\" data-mobile-show=\"\" data-mobile-viewport-width=\"767\"><img loading=\"lazy\" decoding=\"async\" width=\"635\" height=\"631\" src=\"https:\/\/studysafe.travel\/wp-content\/uploads\/2026\/02\/safew-study-travel-happy-students-medical-insurance.png\" alt=\"\" class=\"wp-image-16\" style=\"border-style:none;border-width:0px;border-top-left-radius:0px;border-top-right-radius:0px;border-bottom-left-radius:0px;border-bottom-right-radius:0px\" srcset=\"https:\/\/studysafe.travel\/wp-content\/uploads\/2026\/02\/safew-study-travel-happy-students-medical-insurance.png 635w, https:\/\/studysafe.travel\/wp-content\/uploads\/2026\/02\/safew-study-travel-happy-students-medical-insurance-300x298.png 300w, https:\/\/studysafe.travel\/wp-content\/uploads\/2026\/02\/safew-study-travel-happy-students-medical-insurance-150x150.png 150w\" sizes=\"auto, (max-width: 635px) 100vw, 635px\" \/><\/figure>\n<\/div>\n\n\n<link rel=\"stylesheet\" href=\"https:\/\/fonts.googleapis.com\/css2?family=Geist:wght@400;500;600;700;800\" \/>\n<div class=\"wp-block-column is-content-justification-left is-layout-constrained wp-container-core-column-is-layout-e710f4ca wp-block-column-is-layout-constrained\" style=\"flex-basis:55%; font-family: 'Geist' !important;\">\n<div class=\"wp-block-group is-nowrap is-layout-flex wp-container-core-group-is-layout-ecba6b92 wp-block-group-is-layout-flex\" style=\"margin-top:0;margin-bottom:0\">\n<p class=\"has-text-align-center has-text-color has-background has-link-color wp-elements-89674001969812e755c265caf379ea5f\" style=\"border-radius:100px;color:#aa151b;background-color:#ffd7d7;padding-top:6px;padding-right:16px;padding-bottom:6px;padding-left:16px;font-size:14px;font-style:normal;font-weight:500\">Seguro Estudantil Espanha<\/p>\n<\/div>\n\n\n\n<h2 class=\"wp-block-heading has-text-color has-link-color wp-elements-25c31a1e41314eac61cf4aaf2ed3f26c\" style=\"color:#031d1b;margin-top:6px;margin-bottom:16px;font-size:48px;font-style:normal;font-weight:600;line-height:1.2\">Seguro para seus estudos na Espanha<\/h2>\n\n\n\n<p class=\"has-text-color has-link-color wp-elements-b1969fbcfd0545c5d41e5a92327608a9\" style=\"color:#8d8d8e\">Comece sua jornada na Espanha com confian\u00e7a e acesse o plano de seguro que se adapta \u00e0 sua estadia de estudos desde o primeiro dia. Esta p\u00e1gina foi elaborada como o principal ponto de entrada para estudantes internacionais que viajam para a Espanha para uma estadia de estudos eleg\u00edvel fora de seu pa\u00eds de origem.<\/p>\n\n\n\n<p class=\"has-text-color has-link-color wp-elements-e131c523f7ba2df8d3a5b6ae3271b749\" style=\"color:#8d8d8e\">A SafeStudy est\u00e1 construindo rotas de seguro separadas para diferentes perfis de estudantes na Espanha, de forma que o processo permane\u00e7a claro desde o in\u00edcio e cada produto possa manter suas pr\u00f3prias regras de elegibilidade, documentos, l\u00f3gica de precifica\u00e7\u00e3o e pr\u00f3ximos passos.<br>Nesta fase, as rotas atualmente dispon\u00edveis s\u00e3o para <strong>Estudantes de Escola de Idiomas<\/strong>, com duas op\u00e7\u00f5es: <strong>Curto Prazo<\/strong> para estadias de at\u00e9 <strong>89 dias<\/strong>, e <strong>Longo Prazo<\/strong> para estadias de <strong>mais de 90 dias<\/strong>. Escolha a rota que corresponde aos seus planos e continue a partir da\u00ed.<\/p>\n\n\n\n<hr class=\"wp-block-separator has-alpha-channel-opacity is-style-dots\"\/>\n\n\n<link rel=\"stylesheet\" href=\"https:\/\/fonts.googleapis.com\/css2?family=Geist:wght@400;500;600;700;800\" \/>\n<div class=\"wp-block-buttons has-custom-font-size is-horizontal is-content-justification-center is-nowrap is-layout-flex wp-container-core-buttons-is-layout-10aac29d wp-block-buttons-is-layout-flex cozy-animation__initialized\" style=\"margin-top:20px;margin-bottom:var(--wp--preset--spacing--30);font-size:16px;font-style:normal;font-weight:400; font-family: 'Geist' !important;\" data-aos=\"fade-up\" data-aos-easing=\"ease-in\" data-aos-anchor-placement=\"top-bottom\" data-aos-duration=\"600\">\n<div class=\"wp-block-button has-custom-width wp-block-button__width-50 is-style-button-hover-white-bgcolor\"><a class=\"wp-block-button__link wp-element-button\" href=\"https:\/\/studysafe.travel\/pt\/eu-vou-para-a-espanha\/alunos-de-escola-de-idiomas\/curto-prazo\/\">At\u00e9 89 dias<\/a><\/div>\n\n\n\n<div class=\"wp-block-button has-custom-width wp-block-button__width-50 is-style-button-hover-white-bgcolor\"><a class=\"wp-block-button__link wp-element-button\" href=\"https:\/\/studysafe.travel\/pt\/eu-vou-para-a-espanha\/alunos-de-escola-de-idiomas\/longo-prazo\/\">90+ dias<\/a><\/div>\n<\/div>\n<\/div>\n<\/div>\n<\/div>\n\n\n\n<p><\/p>","protected":false},"excerpt":{"rendered":"<p>Spain Student Insurance Insurance for your studies in Spain Start your Spain journey with confidence and access the insurance route that fits your study stay from day one. This page is designed as the main entry point for international students travelling to Spain for an eligible study stay outside their home country. SafeStudy is building&#8230;<\/p>","protected":false},"author":1,"featured_media":0,"parent":0,"menu_order":0,"comment_status":"closed","ping_status":"closed","template":"","meta":{"footnotes":""},"class_list":["post-1051","page","type-page","status-publish","hentry"],"_links":{"self":[{"href":"https:\/\/studysafe.travel\/pt\/wp-json\/wp\/v2\/pages\/1051","targetHints":{"allow":["GET"]}}],"collection":[{"href":"https:\/\/studysafe.travel\/pt\/wp-json\/wp\/v2\/pages"}],"about":[{"href":"https:\/\/studysafe.travel\/pt\/wp-json\/wp\/v2\/types\/page"}],"author":[{"embeddable":true,"href":"https:\/\/studysafe.travel\/pt\/wp-json\/wp\/v2\/users\/1"}],"replies":[{"embeddable":true,"href":"https:\/\/studysafe.travel\/pt\/wp-json\/wp\/v2\/comments?post=1051"}],"version-history":[{"count":16,"href":"https:\/\/studysafe.travel\/pt\/wp-json\/wp\/v2\/pages\/1051\/revisions"}],"predecessor-version":[{"id":1882,"href":"https:\/\/studysafe.travel\/pt\/wp-json\/wp\/v2\/pages\/1051\/revisions\/1882"}],"wp:attachment":[{"href":"https:\/\/studysafe.travel\/pt\/wp-json\/wp\/v2\/media?parent=1051"}],"curies":[{"name":"wp","href":"https:\/\/api.w.org\/{rel}","templated":true}]}}