{"id":1091,"date":"2026-04-08T08:41:03","date_gmt":"2026-04-08T08:41:03","guid":{"rendered":"https:\/\/studysafe.travel\/?page_id=1091"},"modified":"2026-04-23T08:14:34","modified_gmt":"2026-04-23T08:14:34","slug":"informacoes-importantes","status":"publish","type":"page","link":"https:\/\/studysafe.travel\/pt\/im-going-to-spain\/language-school-students\/short-term\/important-information\/","title":{"rendered":"Informa\u00e7\u00f5es importantes\u00a0"},"content":{"rendered":"<link rel=\"stylesheet\" href=\"https:\/\/fonts.googleapis.com\/css2?family=Geist:wght@400;500;600;700;800\" \/>\n<div class=\"wp-block-group has-background is-layout-constrained wp-container-core-group-is-layout-eb65c542 wp-block-group-is-layout-constrained\" style=\"background:linear-gradient(135deg,rgb(243,248,255) 46%,rgb(255,243,243) 100%);margin-top:0;margin-bottom:0;padding-top:80px;padding-right:26px;padding-bottom:100px;padding-left:26px;font-size:16px;font-style:normal;font-weight:400;line-height:1.6; font-family: 'Geist' !important;\">\n\n\n<div style=\"height:25px\" aria-hidden=\"true\" class=\"wp-block-spacer\"><\/div>\n\n\n\n<div class=\"wp-block-columns alignwide is-layout-flex wp-container-core-columns-is-layout-f74a9aa3 wp-block-columns-is-layout-flex\" style=\"margin-top:0;margin-bottom:0;padding-top:0;padding-right:0;padding-bottom:0;padding-left:0\">\n<div class=\"wp-block-column is-vertically-aligned-top is-layout-flow wp-container-core-column-is-layout-a77db08e wp-block-column-is-layout-flow cozy-animation__initialized\">\n<figure class=\"wp-block-image size-full has-custom-border cozy-responsive-show__initialized cozy-hover-effect__initialized\" style=\"\" data-desktop-show=\"1\" data-tablet-show=\"\" data-tablet-viewport-width=\"980\" data-mobile-show=\"\" data-mobile-viewport-width=\"767\"><img loading=\"lazy\" decoding=\"async\" width=\"600\" height=\"600\" src=\"https:\/\/studysafe.travel\/wp-content\/uploads\/2026\/02\/study-travel-about-us.png\" alt=\"\" class=\"wp-image-388\" style=\"border-style:none;border-width:0px;border-top-left-radius:0px;border-top-right-radius:0px;border-bottom-left-radius:0px;border-bottom-right-radius:0px\" srcset=\"https:\/\/studysafe.travel\/wp-content\/uploads\/2026\/02\/study-travel-about-us.png 600w, https:\/\/studysafe.travel\/wp-content\/uploads\/2026\/02\/study-travel-about-us-300x300.png 300w, https:\/\/studysafe.travel\/wp-content\/uploads\/2026\/02\/study-travel-about-us-150x150.png 150w\" sizes=\"auto, (max-width: 600px) 100vw, 600px\" \/><\/figure>\n<\/div>\n\n\n<link rel=\"stylesheet\" href=\"https:\/\/fonts.googleapis.com\/css2?family=Geist:wght@400;500;600;700;800\" \/>\n<div class=\"wp-block-column is-content-justification-left is-layout-constrained wp-container-core-column-is-layout-e710f4ca wp-block-column-is-layout-constrained\" style=\"flex-basis:55%; font-family: 'Geist' !important;\">\n<div class=\"wp-block-group is-nowrap is-layout-flex wp-container-core-group-is-layout-ecba6b92 wp-block-group-is-layout-flex\" style=\"margin-top:0;margin-bottom:0\">\n<p class=\"has-text-align-center has-text-color has-background has-link-color wp-elements-a26064d350b98d9a59a7b7093625606d\" style=\"border-radius:100px;color:#aa151b;background-color:#ffd7d7;padding-top:6px;padding-right:16px;padding-bottom:6px;padding-left:16px;font-size:14px;font-style:normal;font-weight:500\">Tudo o que voc\u00ea precisa antes de reservar<\/p>\n<\/div>\n\n\n\n<h2 class=\"wp-block-heading has-text-color has-link-color wp-elements-8396bad35f0e570fc090f5aed91dead4\" style=\"color:#031d1b;margin-top:6px;margin-bottom:16px;font-size:48px;font-style:normal;font-weight:600;line-height:1.2\">Informa\u00e7\u00f5es Importantes e Documentos de Seguro<\/h2>\n\n\n\n<p class=\"has-text-color has-link-color wp-elements-e385784734ef011959055b45a836bf01\" style=\"color:#8d8d8e\">Antes de continuar com isto <strong>Espanha Curta Temporada<\/strong> rota, por favor leia atentamente as principais informa\u00e7\u00f5es abaixo. Esta p\u00e1gina re\u00fane os principais pontos de elegibilidade, limites importantes do produto, regras de suporte e os documentos de seguro que se aplicam antes da reserva.<\/p>\n\n\n\n<p class=\"has-text-color has-link-color wp-elements-f8f4ac347ab49213d9c23f7e859d34ee\" style=\"color:#8d8d8e\">Esta rota \u00e9 projetada para estudantes internacionais eleg\u00edveis que viajam para a Espanha para um <strong>curso de idiomas r\u00e1pido<\/strong> fora de seu pa\u00eds de origem. Aplica-se a <strong>Curto Prazo<\/strong> estadias de at\u00e9 <strong>89 dias<\/strong> e deve ser lido atentamente antes de prosseguir com a reserva.<\/p>\n\n\n<link rel=\"stylesheet\" href=\"https:\/\/fonts.googleapis.com\/css2?family=Geist:wght@400;500;600;700;800\" \/>\n<div class=\"wp-block-buttons has-custom-font-size is-horizontal is-content-justification-left is-nowrap is-layout-flex wp-container-core-buttons-is-layout-3d3318cf wp-block-buttons-is-layout-flex\" style=\"margin-top:20px;margin-bottom:var(--wp--preset--spacing--30);padding-top:var(--wp--preset--spacing--30);padding-bottom:var(--wp--preset--spacing--30);font-size:16px;font-style:normal;font-weight:400; font-family: 'Geist' !important;\">\n<div class=\"wp-block-button has-custom-width wp-block-button__width-50 is-style-button-hover-white-bgcolor cozy-animation__initialized cozy-button-hover-styles\" style=\"; --cozyButtonBgColorHover: #6f3dff; --cozyButtonColorHover: currentColor; --cozyButtonBorderHover: ; \" data-aos=\"fade-up\" data-aos-easing=\"ease-in\" data-aos-anchor-placement=\"top-bottom\" data-aos-duration=\"600\"><a class=\"wp-block-button__link wp-element-button\" href=\"https:\/\/studysafe.travel\/pt\/eu-vou-para-a-espanha\/alunos-de-escola-de-idiomas\/curto-prazo\/verificar-elegibilidade\/#unlock-booking\">Comece agora!<\/a><\/div>\n\n\n\n<div class=\"wp-block-button has-custom-width wp-block-button__width-50 is-style-button-hover-white-bgcolor cozy-animation__initialized cozy-button-hover-styles\" style=\"; --cozyButtonBgColorHover: #6f3dff; --cozyButtonColorHover: currentColor; --cozyButtonBorderHover: ; \" data-aos=\"fade-up\" data-aos-easing=\"ease-in\" data-aos-anchor-placement=\"top-bottom\" data-aos-duration=\"600\"><a class=\"wp-block-button__link wp-element-button\" href=\"https:\/\/studysafe.travel\/pt\/eu-vou-para-a-espanha\/alunos-de-escola-de-idiomas\/curto-prazo\/verificar-elegibilidade\/#how-we-work\">Como Trabalhamos<\/a><\/div>\n\n\n\n<div class=\"wp-block-button has-custom-width wp-block-button__width-50 is-style-button-hover-white-bgcolor cozy-animation__initialized cozy-button-hover-styles\" style=\"; --cozyButtonBgColorHover: #6f3dff; --cozyButtonColorHover: currentColor; --cozyButtonBorderHover: ; \" data-aos=\"fade-up\" data-aos-easing=\"ease-in\" data-aos-anchor-placement=\"top-bottom\" data-aos-duration=\"600\"><a class=\"wp-block-button__link wp-element-button\" href=\"https:\/\/studysafe.travel\/pt\/eu-vou-para-a-espanha\/alunos-de-escola-de-idiomas\/curto-prazo\/perguntas-frequentes\/\">Ler FAQs<\/a><\/div>\n<\/div>\n<\/div>\n<\/div>\n<\/div>\n\n\n\n<div class=\"wp-block-group has-background is-layout-constrained wp-container-core-group-is-layout-5c682c5f wp-block-group-is-layout-constrained\" style=\"background-color:#aa151b;padding-top:7rem;padding-right:var(--wp--preset--spacing--50);padding-bottom:7rem;padding-left:var(--wp--preset--spacing--50)\"><div class=\"cozy-block-wrapper\">\n<div class=\"cozy-block-accordion icon-view-default icon-layout-fill\" id=\"cozyBlock_6a2b9d67_a90e_4749_b19e_1f89b8050c78\"><div class=\"cozy-accordion-wrapper\">\n<div class=\"cozy-block-accordion-item\" id=\"cozyBlock_\"><div role=\"tab\" aria-expanded=\"true\"><div class=\"cozy-accordion-title\" style=\"display:flex;justify-content:space-between;align-items:center;flex-direction:row\"><h4>Antes de comprar<\/h4><div class=\"accordion-icon-wrapper\"><svg width=\"16\" height=\"16\" viewbox=\"0 0 14 25\" xmlns=\"http:\/\/www.w3.org\/2000\/svg\" aria-hidden=\"true\"><path d=\"M10.8737 12.7121C10.9908 12.595 10.9908 12.405 10.8737 12.2879L1.00502 2.41924C0.887867 2.30208 0.887867 2.11213 1.00502 1.99497L1.99497 1.00502C2.11213 0.887867 2.30208 0.887867 2.41924 1.00502L13.7021 12.2879C13.8192 12.405 13.8192 12.595 13.7021 12.7121L2.41924 23.995C2.30208 24.1121 2.11213 24.1121 1.99497 23.995L1.00502 23.005C0.887867 22.8879 0.887868 22.6979 1.00503 22.5808L10.8737 12.7121Z\"><\/path><\/svg><\/div><\/div><div class=\"cozy-accordion-content\">\n<p>Por favor, leia os pontos a seguir atentamente antes de continuar:<\/p>\n\n\n\n<ul class=\"wp-block-list\">\n<li>Esta rota \u00e9 destinada a estudantes internacionais eleg\u00edveis que viajam para a Espanha para um curso de idiomas de curta dura\u00e7\u00e3o fora de seu pa\u00eds de origem.<\/li>\n\n\n\n<li>Curta Dura\u00e7\u00e3o aplica-se a estadias de at\u00e9 <strong>89 dias<\/strong>.<\/li>\n\n\n\n<li>Voc\u00ea deve possuir o visto v\u00e1lido ou permiss\u00e3o de viagem exigidos para todo o per\u00edodo da ap\u00f3lice de seguro.<\/li>\n\n\n\n<li>Voc\u00ea deve estar sob <strong>75<\/strong> na data de in\u00edcio da cobertura.<\/li>\n\n\n\n<li>Se voc\u00ea comprar ap\u00f3s o in\u00edcio da sua viagem, uma <strong>Per\u00edodo de espera de 14 dias<\/strong> pode se aplicar.<\/li>\n\n\n\n<li>N\u00e3o h\u00e1 capa no seu pa\u00eds de origem.<\/li>\n\n\n\n<li>Feriados s\u00e3o cobertos apenas at\u00e9 <strong>21 dias consecutivos<\/strong> dentro do per\u00edodo segurado.<\/li>\n\n\n\n<li>Este n\u00e3o \u00e9 um seguro m\u00e9dico privado. Ele foi projetado principalmente para acidentes, doen\u00e7as graves s\u00fabitas e outros eventos segurados definidos durante uma estadia de estudo internacional.<\/li>\n<\/ul>\n<\/div><\/div><\/div>\n\n\n\n<div class=\"cozy-block-accordion-item\" id=\"cozyBlock_\"><div role=\"tab\" aria-expanded=\"true\"><div class=\"cozy-accordion-title\" style=\"display:flex;justify-content:space-between;align-items:center;flex-direction:row\"><h4>Principais fatos do produto<\/h4><div class=\"accordion-icon-wrapper\"><svg width=\"16\" height=\"16\" viewbox=\"0 0 14 25\" xmlns=\"http:\/\/www.w3.org\/2000\/svg\" aria-hidden=\"true\"><path d=\"M10.8737 12.7121C10.9908 12.595 10.9908 12.405 10.8737 12.2879L1.00502 2.41924C0.887867 2.30208 0.887867 2.11213 1.00502 1.99497L1.99497 1.00502C2.11213 0.887867 2.30208 0.887867 2.41924 1.00502L13.7021 12.2879C13.8192 12.405 13.8192 12.595 13.7021 12.7121L2.41924 23.995C2.30208 24.1121 2.11213 24.1121 1.99497 23.995L1.00502 23.005C0.887867 22.8879 0.887868 22.6979 1.00503 22.5808L10.8737 12.7121Z\"><\/path><\/svg><\/div><\/div><div class=\"cozy-accordion-content\">\n<p>Esta p\u00e1gina se refere \u00e0 <strong>Espanha Curta Temporada<\/strong> rota para estudantes eleg\u00edveis de escolas de idiomas que permane\u00e7am na Espanha por at\u00e9 <strong>89 dias<\/strong>.<\/p>\n\n\n\n<p>A ap\u00f3lice inclui:<\/p>\n\n\n\n<ul class=\"wp-block-list\">\n<li>Despesas m\u00e9dicas de emerg\u00eancia <\/li>\n\n\n\n<li>Apoio \u00e0 repatria\u00e7\u00e3o <\/li>\n\n\n\n<li>Emerg\u00eancia odontol\u00f3gica <\/li>\n\n\n\n<li>Cancelamento ou rescis\u00e3o <\/li>\n\n\n\n<li>Arruma\u00e7\u00e3o antes da partida <\/li>\n\n\n\n<li>Partida atrasada <\/li>\n\n\n\n<li>Perda de embarque <\/li>\n\n\n\n<li>Atraso de bagagem Bagagem, dinheiro pessoal e documentos de viagem <\/li>\n\n\n\n<li>Benef\u00edcio hospitalar <\/li>\n\n\n\n<li>Acidente pessoal <\/li>\n\n\n\n<li>Responsabilidade pessoal <\/li>\n\n\n\n<li>Benef\u00edcio por morte em viagem<\/li>\n<\/ul>\n\n\n\n<p>Todos os benef\u00edcios permanecem sujeitos \u00e0 reda\u00e7\u00e3o da ap\u00f3lice, limites, exclus\u00f5es, condi\u00e7\u00f5es e franquia.<\/p>\n<\/div><\/div><\/div>\n\n\n\n<div class=\"cozy-block-accordion-item\" id=\"cozyBlock_\"><div role=\"tab\" aria-expanded=\"true\"><div class=\"cozy-accordion-title\" style=\"display:flex;justify-content:space-between;align-items:center;flex-direction:row\"><h4>Reivindica\u00e7\u00f5es e suporte de emerg\u00eancia<\/h4><div class=\"accordion-icon-wrapper\"><svg width=\"16\" height=\"16\" viewbox=\"0 0 14 25\" xmlns=\"http:\/\/www.w3.org\/2000\/svg\" aria-hidden=\"true\"><path d=\"M10.8737 12.7121C10.9908 12.595 10.9908 12.405 10.8737 12.2879L1.00502 2.41924C0.887867 2.30208 0.887867 2.11213 1.00502 1.99497L1.99497 1.00502C2.11213 0.887867 2.30208 0.887867 2.41924 1.00502L13.7021 12.2879C13.8192 12.405 13.8192 12.595 13.7021 12.7121L2.41924 23.995C2.30208 24.1121 2.11213 24.1121 1.99497 23.995L1.00502 23.005C0.887867 22.8879 0.887868 22.6979 1.00503 22.5808L10.8737 12.7121Z\"><\/path><\/svg><\/div><\/div><div class=\"cozy-accordion-content\">\n<p>Se uma doen\u00e7a ou les\u00e3o grave puder levar \u00e0 interna\u00e7\u00e3o hospitalar, ou se a repatria\u00e7\u00e3o for necess\u00e1ria, o servi\u00e7o de assist\u00eancia de emerg\u00eancia deve ser contatado o mais r\u00e1pido poss\u00edvel.<\/p>\n\n\n\n<p>Para hospitaliza\u00e7\u00e3o, o faturamento direto pode ser providenciado ap\u00f3s autoriza\u00e7\u00e3o. Para muitos casos n\u00e3o hospitalares, os estudantes podem precisar pagar primeiro e depois solicitar reembolso com os documentos necess\u00e1rios.<\/p>\n\n\n\n<p>Os alunos devem guardar faturas, recibos, certificados, receitas e comprovantes de pagamento, e os sinistros devem ser apresentados o mais r\u00e1pido poss\u00edvel ap\u00f3s o ocorrido.<\/p>\n\n\n\n<p>O suporte m\u00e9dico online est\u00e1 inclu\u00eddo como um servi\u00e7o extra gratuito para quest\u00f5es adequadas que n\u00e3o sejam de emerg\u00eancia. Ele est\u00e1 dispon\u00edvel por telefone, v\u00eddeo e chat em v\u00e1rios idiomas.<\/p>\n<\/div><\/div><\/div>\n\n\n\n<div class=\"cozy-block-accordion-item\" id=\"cozyBlock_\"><div role=\"tab\" aria-expanded=\"true\"><div class=\"cozy-accordion-title\" style=\"display:flex;justify-content:space-between;align-items:center;flex-direction:row\"><h4>Documentos de seguro<\/h4><div class=\"accordion-icon-wrapper\"><svg width=\"16\" height=\"16\" viewbox=\"0 0 14 25\" xmlns=\"http:\/\/www.w3.org\/2000\/svg\" aria-hidden=\"true\"><path d=\"M10.8737 12.7121C10.9908 12.595 10.9908 12.405 10.8737 12.2879L1.00502 2.41924C0.887867 2.30208 0.887867 2.11213 1.00502 1.99497L1.99497 1.00502C2.11213 0.887867 2.30208 0.887867 2.41924 1.00502L13.7021 12.2879C13.8192 12.405 13.8192 12.595 13.7021 12.7121L2.41924 23.995C2.30208 24.1121 2.11213 24.1121 1.99497 23.995L1.00502 23.005C0.887867 22.8879 0.887868 22.6979 1.00503 22.5808L10.8737 12.7121Z\"><\/path><\/svg><\/div><\/div><div class=\"cozy-accordion-content\">\n<p>Antes de reservar, voc\u00ea deve ler atentamente os documentos de seguro aplic\u00e1veis.<\/p>\n\n\n\n<p>Estes documentos explicam:<\/p>\n\n\n\n<ul class=\"wp-block-list\">\n<li>O que est\u00e1 coberto <\/li>\n\n\n\n<li>O que n\u00e3o \u00e9 coberto <\/li>\n\n\n\n<li>Limites da ap\u00f3lice <\/li>\n\n\n\n<li>Condi\u00e7\u00f5es <\/li>\n\n\n\n<li>Regras de elegibilidade <\/li>\n\n\n\n<li>Direitos de cancelamento <\/li>\n\n\n\n<li>Requisitos de sinistros <\/li>\n\n\n\n<li>Exclus\u00f5es chave <\/li>\n\n\n\n<li>Regras de viagem e suporte<\/li>\n<\/ul>\n\n\n\n<p><strong>Documentos dispon\u00edveis<\/strong><\/p>\n\n\n\n<ul class=\"wp-block-list\">\n<li><a href=\"https:\/\/studysafe.travel\/wp-content\/uploads\/2026\/04\/IRE-GMC-IPID-Multirisk-Plus-Cancellation.pdf\">IPID<\/a><\/li>\n\n\n\n<li><a href=\"https:\/\/studysafe.travel\/wp-content\/uploads\/2026\/04\/IRE-GMC-Policy-Wording-Multirisk-Plus-Cancellation.pdf\">Reda\u00e7\u00e3o Completa da Ap\u00f3lice<\/a><\/li>\n<\/ul>\n<\/div><\/div><\/div>\n\n\n\n<div class=\"cozy-block-accordion-item\" id=\"cozyBlock_\"><div role=\"tab\" aria-expanded=\"true\"><div class=\"cozy-accordion-title\" style=\"display:flex;justify-content:space-between;align-items:center;flex-direction:row\"><h4>Links legais<\/h4><div class=\"accordion-icon-wrapper\"><svg width=\"16\" height=\"16\" viewbox=\"0 0 14 25\" xmlns=\"http:\/\/www.w3.org\/2000\/svg\" aria-hidden=\"true\"><path d=\"M10.8737 12.7121C10.9908 12.595 10.9908 12.405 10.8737 12.2879L1.00502 2.41924C0.887867 2.30208 0.887867 2.11213 1.00502 1.99497L1.99497 1.00502C2.11213 0.887867 2.30208 0.887867 2.41924 1.00502L13.7021 12.2879C13.8192 12.405 13.8192 12.595 13.7021 12.7121L2.41924 23.995C2.30208 24.1121 2.11213 24.1121 1.99497 23.995L1.00502 23.005C0.887867 22.8879 0.887868 22.6979 1.00503 22.5808L10.8737 12.7121Z\"><\/path><\/svg><\/div><\/div><div class=\"cozy-accordion-content\">\n<p>Por favor, leia tamb\u00e9m as seguintes p\u00e1ginas antes de reservar:<\/p>\n\n\n\n<ul class=\"wp-block-list\">\n<li><a href=\"https:\/\/studysafe.travel\/pt\/termos-e-condicoes\/\">Termos e Condi\u00e7\u00f5es<\/a><\/li>\n\n\n\n<li><a href=\"https:\/\/studysafe.travel\/pt\/politica-de-privacidade\/\">Pol\u00edtica de Privacidade<\/a><\/li>\n\n\n\n<li><a href=\"https:\/\/studysafe.travel\/pt\/politica-de-cookies\/\">Pol\u00edtica de Cookies<\/a><\/li>\n\n\n\n<li><a href=\"https:\/\/studysafe.travel\/pt\/eu-estou-indo-para-a-irlanda\/alunos-de-escola-de-idiomas\/primeiro-registro\/informacoes-importantes\/\">Pol\u00edtica de Cancelamento e Reembolso<\/a><\/li>\n\n\n\n<li><a href=\"https:\/\/studysafe.travel\/pt\/procedimento-de-reclamacoes\/\">Procedimento de Reclama\u00e7\u00f5es<\/a><\/li>\n\n\n\n<li><a href=\"https:\/\/studysafe.travel\/pt\/politica-de-aml-e-kyc\/\" data-type=\"page\" data-id=\"286\">Pol\u00edtica de AML e KYC<\/a><\/li>\n\n\n\n<li><a href=\"https:\/\/studysafe.travel\/pt\/termos-comerciais-de-seguro\/\">Termos e Condi\u00e7\u00f5es de Seguro<\/a><\/li>\n\n\n\n<li><a href=\"https:\/\/studysafe.travel\/pt\/informacoes-regulatorias-disclosures\/\">Informa\u00e7\u00f5es Regulat\u00f3rias e Divulga\u00e7\u00f5es<\/a><\/li>\n<\/ul>\n<\/div><\/div><\/div>\n<\/div><\/div>\n<\/div><\/div>","protected":false},"excerpt":{"rendered":"<p>Everything you need before you book Important Information &amp; Insurance Documents Before you continue with this Spain Short Term route, please read the key information below carefully. This page brings together the main eligibility points, important product limits, support rules, and the insurance documents that apply before booking. This route is designed for eligible international&#8230;<\/p>","protected":false},"author":1,"featured_media":0,"parent":1064,"menu_order":0,"comment_status":"closed","ping_status":"closed","template":"","meta":{"footnotes":""},"class_list":["post-1091","page","type-page","status-publish","hentry"],"_links":{"self":[{"href":"https:\/\/studysafe.travel\/pt\/wp-json\/wp\/v2\/pages\/1091","targetHints":{"allow":["GET"]}}],"collection":[{"href":"https:\/\/studysafe.travel\/pt\/wp-json\/wp\/v2\/pages"}],"about":[{"href":"https:\/\/studysafe.travel\/pt\/wp-json\/wp\/v2\/types\/page"}],"author":[{"embeddable":true,"href":"https:\/\/studysafe.travel\/pt\/wp-json\/wp\/v2\/users\/1"}],"replies":[{"embeddable":true,"href":"https:\/\/studysafe.travel\/pt\/wp-json\/wp\/v2\/comments?post=1091"}],"version-history":[{"count":13,"href":"https:\/\/studysafe.travel\/pt\/wp-json\/wp\/v2\/pages\/1091\/revisions"}],"predecessor-version":[{"id":1924,"href":"https:\/\/studysafe.travel\/pt\/wp-json\/wp\/v2\/pages\/1091\/revisions\/1924"}],"up":[{"embeddable":true,"href":"https:\/\/studysafe.travel\/pt\/wp-json\/wp\/v2\/pages\/1064"}],"wp:attachment":[{"href":"https:\/\/studysafe.travel\/pt\/wp-json\/wp\/v2\/media?parent=1091"}],"curies":[{"name":"wp","href":"https:\/\/api.w.org\/{rel}","templated":true}]}}