{"id":1591,"date":"2026-04-17T09:54:38","date_gmt":"2026-04-17T09:54:38","guid":{"rendered":"https:\/\/studysafe.travel\/?page_id=1591"},"modified":"2026-04-22T15:40:07","modified_gmt":"2026-04-22T15:40:07","slug":"informacoes-importantes","status":"publish","type":"page","link":"https:\/\/studysafe.travel\/pt\/im-going-to-spain\/language-school-students\/long-term\/important-information\/","title":{"rendered":"Informa\u00e7\u00f5es importantes\u00a0"},"content":{"rendered":"<link rel=\"stylesheet\" href=\"https:\/\/fonts.googleapis.com\/css2?family=Geist:wght@400;500;600;700;800\" \/>\n<div class=\"wp-block-group has-background is-layout-constrained wp-container-core-group-is-layout-eb65c542 wp-block-group-is-layout-constrained\" style=\"background:linear-gradient(135deg,rgb(243,248,255) 46%,rgb(255,243,243) 100%);margin-top:0;margin-bottom:0;padding-top:80px;padding-right:26px;padding-bottom:100px;padding-left:26px;font-size:16px;font-style:normal;font-weight:400;line-height:1.6; font-family: 'Geist' !important;\">\n\n\n<div style=\"height:25px\" aria-hidden=\"true\" class=\"wp-block-spacer\"><\/div>\n\n\n\n<div class=\"wp-block-columns alignwide is-layout-flex wp-container-core-columns-is-layout-f74a9aa3 wp-block-columns-is-layout-flex\" style=\"margin-top:0;margin-bottom:0;padding-top:0;padding-right:0;padding-bottom:0;padding-left:0\">\n<div class=\"wp-block-column is-vertically-aligned-top is-layout-flow wp-container-core-column-is-layout-a77db08e wp-block-column-is-layout-flow cozy-animation__initialized\">\n<figure class=\"wp-block-image size-full has-custom-border cozy-responsive-show__initialized cozy-hover-effect__initialized\" style=\"\" data-desktop-show=\"1\" data-tablet-show=\"\" data-tablet-viewport-width=\"980\" data-mobile-show=\"\" data-mobile-viewport-width=\"767\"><img loading=\"lazy\" decoding=\"async\" width=\"600\" height=\"600\" src=\"https:\/\/studysafe.travel\/wp-content\/uploads\/2026\/02\/study-travel-about-us.png\" alt=\"\" class=\"wp-image-388\" style=\"border-style:none;border-width:0px;border-top-left-radius:0px;border-top-right-radius:0px;border-bottom-left-radius:0px;border-bottom-right-radius:0px\" srcset=\"https:\/\/studysafe.travel\/wp-content\/uploads\/2026\/02\/study-travel-about-us.png 600w, https:\/\/studysafe.travel\/wp-content\/uploads\/2026\/02\/study-travel-about-us-300x300.png 300w, https:\/\/studysafe.travel\/wp-content\/uploads\/2026\/02\/study-travel-about-us-150x150.png 150w\" sizes=\"auto, (max-width: 600px) 100vw, 600px\" \/><\/figure>\n<\/div>\n\n\n<link rel=\"stylesheet\" href=\"https:\/\/fonts.googleapis.com\/css2?family=Geist:wght@400;500;600;700;800\" \/>\n<div class=\"wp-block-column is-content-justification-left is-layout-constrained wp-container-core-column-is-layout-e710f4ca wp-block-column-is-layout-constrained\" style=\"flex-basis:55%; font-family: 'Geist' !important;\">\n<div class=\"wp-block-group is-nowrap is-layout-flex wp-container-core-group-is-layout-ecba6b92 wp-block-group-is-layout-flex\" style=\"margin-top:0;margin-bottom:0\">\n<p class=\"has-text-align-center has-text-color has-background has-link-color wp-elements-a26064d350b98d9a59a7b7093625606d\" style=\"border-radius:100px;color:#aa151b;background-color:#ffd7d7;padding-top:6px;padding-right:16px;padding-bottom:6px;padding-left:16px;font-size:14px;font-style:normal;font-weight:500\">Tudo o que voc\u00ea precisa antes de reservar<\/p>\n<\/div>\n\n\n\n<h2 class=\"wp-block-heading has-text-color has-link-color wp-elements-8396bad35f0e570fc090f5aed91dead4\" style=\"color:#031d1b;margin-top:6px;margin-bottom:16px;font-size:48px;font-style:normal;font-weight:600;line-height:1.2\">Informa\u00e7\u00f5es Importantes e Documentos de Seguro<\/h2>\n\n\n\n<p class=\"has-text-color has-link-color wp-elements-85603fb8a69b4153b117aa4751d69110\" style=\"color:#8d8d8e\">Antes de continuar com isto <strong>Espanha Longa Dura\u00e7\u00e3o<\/strong> rota, por favor leia as informa\u00e7\u00f5es chave abaixo atentamente. Esta p\u00e1gina re\u00fane os principais pontos de elegibilidade, regras pr\u00e1ticas do produto, orienta\u00e7\u00f5es de acesso a cuidados de sa\u00fade e os documentos de seguro que se aplicam antes de reservar.<\/p>\n\n\n\n<p class=\"has-text-color has-link-color wp-elements-3f658cccad2f0b6280bb1a52b95532ca\" style=\"color:#8d8d8e\">Esta rota \u00e9 projetada para estudantes internacionais eleg\u00edveis que necessitam de um visto de estudante para a Espanha e planejam uma estadia de <strong>mais de 90 dias<\/strong>. \u00c9 baseado em um produto de seguro de sa\u00fade estudantil da Espanha que oferece atendimento hospitalar e ambulatorial atrav\u00e9s de prestadores credenciados, com <strong>sem coparticipa\u00e7\u00e3o<\/strong> e <strong>sem per\u00edodos de espera<\/strong>, sujeito \u00e0 elegibilidade e \u00e0 documenta\u00e7\u00e3o da ap\u00f3lice aplic\u00e1vel.<\/p>\n\n\n<link rel=\"stylesheet\" href=\"https:\/\/fonts.googleapis.com\/css2?family=Geist:wght@400;500;600;700;800\" \/>\n<div class=\"wp-block-buttons has-custom-font-size is-horizontal is-content-justification-left is-nowrap is-layout-flex wp-container-core-buttons-is-layout-3d3318cf wp-block-buttons-is-layout-flex\" style=\"margin-top:20px;margin-bottom:var(--wp--preset--spacing--30);padding-top:var(--wp--preset--spacing--30);padding-bottom:var(--wp--preset--spacing--30);font-size:16px;font-style:normal;font-weight:400; font-family: 'Geist' !important;\">\n<div class=\"wp-block-button has-custom-width wp-block-button__width-50 is-style-button-hover-white-bgcolor cozy-animation__initialized cozy-button-hover-styles\" style=\"; --cozyButtonBgColorHover: #6f3dff; --cozyButtonColorHover: currentColor; --cozyButtonBorderHover: ; \" data-aos=\"fade-up\" data-aos-easing=\"ease-in\" data-aos-anchor-placement=\"top-bottom\" data-aos-duration=\"600\"><a class=\"wp-block-button__link wp-element-button\" href=\"https:\/\/studysafe.travel\/pt\/eu-vou-para-a-espanha\/alunos-de-escola-de-idiomas\/longo-prazo\/verificar-elegibilidade\/\">Comece agora!<\/a><\/div>\n\n\n\n<div class=\"wp-block-button has-custom-width wp-block-button__width-50 is-style-button-hover-white-bgcolor cozy-animation__initialized cozy-button-hover-styles\" style=\"; --cozyButtonBgColorHover: #6f3dff; --cozyButtonColorHover: currentColor; --cozyButtonBorderHover: ; \" data-aos=\"fade-up\" data-aos-easing=\"ease-in\" data-aos-anchor-placement=\"top-bottom\" data-aos-duration=\"600\"><a class=\"wp-block-button__link wp-element-button\" href=\"https:\/\/studysafe.travel\/pt\/eu-vou-para-a-espanha\/alunos-de-escola-de-idiomas\/longo-prazo\/cobertura\/\">Ver Cobertura<\/a><\/div>\n\n\n\n<div class=\"wp-block-button has-custom-width wp-block-button__width-50 is-style-button-hover-white-bgcolor cozy-animation__initialized cozy-button-hover-styles\" style=\"; --cozyButtonBgColorHover: #6f3dff; --cozyButtonColorHover: currentColor; --cozyButtonBorderHover: ; \" data-aos=\"fade-up\" data-aos-easing=\"ease-in\" data-aos-anchor-placement=\"top-bottom\" data-aos-duration=\"600\"><a class=\"wp-block-button__link wp-element-button\" href=\"https:\/\/studysafe.travel\/pt\/eu-vou-para-a-espanha\/alunos-de-escola-de-idiomas\/longo-prazo\/perguntas-frequentes\/\">Ler FAQs<\/a><\/div>\n<\/div>\n<\/div>\n<\/div>\n<\/div>\n\n\n\n<div class=\"wp-block-group has-background is-layout-constrained wp-container-core-group-is-layout-5c682c5f wp-block-group-is-layout-constrained\" style=\"background-color:#aa151b;padding-top:7rem;padding-right:var(--wp--preset--spacing--50);padding-bottom:7rem;padding-left:var(--wp--preset--spacing--50)\"><div class=\"cozy-block-wrapper\">\n<div class=\"cozy-block-accordion icon-view-default icon-layout-fill\" id=\"cozyBlock_9c084071_7cc7_4b1e_ae85_fec99f4b94ff\"><div class=\"cozy-accordion-wrapper\">\n<div class=\"cozy-block-accordion-item\" id=\"cozyBlock_\"><div role=\"tab\" aria-expanded=\"true\"><div class=\"cozy-accordion-title\" style=\"display:flex;justify-content:space-between;align-items:center;flex-direction:row\"><h4>Antes de reservar<\/h4><div class=\"accordion-icon-wrapper\"><svg width=\"16\" height=\"16\" viewbox=\"0 0 14 25\" xmlns=\"http:\/\/www.w3.org\/2000\/svg\" aria-hidden=\"true\"><path d=\"M10.8737 12.7121C10.9908 12.595 10.9908 12.405 10.8737 12.2879L1.00502 2.41924C0.887867 2.30208 0.887867 2.11213 1.00502 1.99497L1.99497 1.00502C2.11213 0.887867 2.30208 0.887867 2.41924 1.00502L13.7021 12.2879C13.8192 12.405 13.8192 12.595 13.7021 12.7121L2.41924 23.995C2.30208 24.1121 2.11213 24.1121 1.99497 23.995L1.00502 23.005C0.887867 22.8879 0.887868 22.6979 1.00503 22.5808L10.8737 12.7121Z\"><\/path><\/svg><\/div><\/div><div class=\"cozy-accordion-content\">\n<p>Por favor, leia os pontos a seguir atentamente antes de continuar:<\/p>\n\n\n\n<ul class=\"wp-block-list\">\n<li>Este roteiro destina-se a estudantes internacionais eleg\u00edveis que necessitam de visto de estudante para a Espanha e planejam uma estadia de mais de <strong>90 dias<\/strong>.<\/li>\n\n\n\n<li>O segurado n\u00e3o deve possuir passaporte ou RG espanhol.<\/li>\n\n\n\n<li>Voc\u00ea deve completar o <strong>Question\u00e1rio de Sa\u00fade<\/strong> verdadeiramente e plenamente.<\/li>\n\n\n\n<li>Voc\u00ea deve fornecer o credenciamento oficial dos estudos a serem realizados na Espanha, bem como qualquer outra documenta\u00e7\u00e3o solicitada para a inscri\u00e7\u00e3o.<\/li>\n\n\n\n<li>O pr\u00eamio \u00fanico \u00e9 pago por <strong>cart\u00e3o de banco<\/strong> e vence na assinatura da ap\u00f3lice.<\/li>\n\n\n\n<li>A cobertura come\u00e7a com o pagamento do pr\u00eamio e a assinatura da ap\u00f3lice, pelo prazo indicado na documenta\u00e7\u00e3o aplic\u00e1vel da ap\u00f3lice.<\/li>\n\n\n\n<li>Esta ap\u00f3lice n\u00e3o pode ser renovada ou estendida e ser\u00e1 encerrada automaticamente no vencimento.<\/li>\n\n\n\n<li>O atendimento de sa\u00fade \u00e9 fornecido principalmente na Espanha e deve ser utilizado atrav\u00e9s de prestadores e centros aprovados.<\/li>\n<\/ul>\n<\/div><\/div><\/div>\n\n\n\n<div class=\"cozy-block-accordion-item\" id=\"cozyBlock_\"><div role=\"tab\" aria-expanded=\"true\"><div class=\"cozy-accordion-title\" style=\"display:flex;justify-content:space-between;align-items:center;flex-direction:row\"><h4>Principais fatos do produto<\/h4><div class=\"accordion-icon-wrapper\"><svg width=\"16\" height=\"16\" viewbox=\"0 0 14 25\" xmlns=\"http:\/\/www.w3.org\/2000\/svg\" aria-hidden=\"true\"><path d=\"M10.8737 12.7121C10.9908 12.595 10.9908 12.405 10.8737 12.2879L1.00502 2.41924C0.887867 2.30208 0.887867 2.11213 1.00502 1.99497L1.99497 1.00502C2.11213 0.887867 2.30208 0.887867 2.41924 1.00502L13.7021 12.2879C13.8192 12.405 13.8192 12.595 13.7021 12.7121L2.41924 23.995C2.30208 24.1121 2.11213 24.1121 1.99497 23.995L1.00502 23.005C0.887867 22.8879 0.887868 22.6979 1.00503 22.5808L10.8737 12.7121Z\"><\/path><\/svg><\/div><\/div><div class=\"cozy-accordion-content\">\n<p>Esta p\u00e1gina se refere \u00e0 <strong>Espanha Longa Dura\u00e7\u00e3o<\/strong> rota para estudantes de escolas de idiomas eleg\u00edveis que necessitam de uma estadia de estudo mais longa na Espanha.<\/p>\n\n\n\n<p>O produto inclui, sujeito aos termos da pol\u00edtica:<\/p>\n\n\n\n<ul class=\"wp-block-list\">\n<li>Servi\u00e7o de emerg\u00eancia<\/li>\n\n\n\n<li>Medicina prim\u00e1ria e medicina de fam\u00edlia<\/li>\n\n\n\n<li>Medicina especializada<\/li>\n\n\n\n<li>Meios de diagn\u00f3stico e t\u00e9cnicas de tratamento<\/li>\n\n\n\n<li>Interna\u00e7\u00e3o e hospital-dia<\/li>\n\n\n\n<li>Cirurgia ambulatorial<\/li>\n\n\n\n<li>Transfer\u00eancia de ambul\u00e2ncia<\/li>\n\n\n\n<li>Pr\u00f3teses, implantes e cobertura limitada de transplantes<\/li>\n\n\n\n<li>Medicina preventiva, quiropodia, psicoterapia e m\u00e9dico virtual<\/li>\n\n\n\n<li>Assist\u00eancia de viagem<\/li>\n\n\n\n<li>Cobertura opcional incluindo morte acidental, benef\u00edcio de hospitaliza\u00e7\u00e3o e seguro odontol\u00f3gico<\/li>\n<\/ul>\n\n\n\n<p>Os limites importantes mencionados nas informa\u00e7\u00f5es do produto incluem podologia at\u00e9 12 sess\u00f5es por ano de ap\u00f3lice, interna\u00e7\u00e3o psiqui\u00e1trica at\u00e9 50 dias por ano de ap\u00f3lice, psicoterapia sujeita a limites anuais de sess\u00f5es e despesas m\u00e9dicas de assist\u00eancia em viagem at\u00e9 <strong>25.000 EUR<\/strong> por segurado por viagem.<\/p>\n<\/div><\/div><\/div>\n\n\n\n<div class=\"cozy-block-accordion-item\" id=\"cozyBlock_\"><div role=\"tab\" aria-expanded=\"true\"><div class=\"cozy-accordion-title\" style=\"display:flex;justify-content:space-between;align-items:center;flex-direction:row\"><h4>Usando os cuidados de sa\u00fade na Espanha<\/h4><div class=\"accordion-icon-wrapper\"><svg width=\"16\" height=\"16\" viewbox=\"0 0 14 25\" xmlns=\"http:\/\/www.w3.org\/2000\/svg\" aria-hidden=\"true\"><path d=\"M10.8737 12.7121C10.9908 12.595 10.9908 12.405 10.8737 12.2879L1.00502 2.41924C0.887867 2.30208 0.887867 2.11213 1.00502 1.99497L1.99497 1.00502C2.11213 0.887867 2.30208 0.887867 2.41924 1.00502L13.7021 12.2879C13.8192 12.405 13.8192 12.595 13.7021 12.7121L2.41924 23.995C2.30208 24.1121 2.11213 24.1121 1.99497 23.995L1.00502 23.005C0.887867 22.8879 0.887868 22.6979 1.00503 22.5808L10.8737 12.7121Z\"><\/path><\/svg><\/div><\/div><div class=\"cozy-accordion-content\">\n<p>Este produto funciona atrav\u00e9s de profissionais e centros de sa\u00fade credenciados na Espanha. Antes de solicitar tratamento, os alunos devem confirmar que o profissional ou centro est\u00e1 credenciado para o servi\u00e7o relevante.<\/p>\n\n\n\n<p>Para servi\u00e7os que exigem prescri\u00e7\u00e3o ou autoriza\u00e7\u00e3o pr\u00e9via, os alunos devem seguir o processo estipulado na documenta\u00e7\u00e3o da pol\u00edtica.<\/p>\n\n\n\n<p>O atendimento de emerg\u00eancia \u00e9 coordenado atrav\u00e9s do sistema de emerg\u00eancia aprovado na Espanha. A documenta\u00e7\u00e3o do produto afirma que o centro de coordena\u00e7\u00e3o de atendimento de emerg\u00eancia e urg\u00eancia funciona 24 horas por dia, 7 dias por semana em toda a Espanha.<\/p>\n\n\n\n<p>Se o tratamento for obtido em outra prov\u00edncia, quaisquer despesas de viagem envolvidas dever\u00e3o ser arcadas pelo aluno.<\/p>\n\n\n\n<p>N\u00e3o se aplicam coparticipa\u00e7\u00f5es ou car\u00eancias ao produto base. Se for adicionada cobertura odontol\u00f3gica opcional, quaisquer franquias aplic\u00e1veis \u200b\u200bdevem ser pagas diretamente ao prestador de servi\u00e7os odontol\u00f3gicos.<\/p>\n<\/div><\/div><\/div>\n\n\n\n<div class=\"cozy-block-accordion-item\" id=\"cozyBlock_\"><div role=\"tab\" aria-expanded=\"true\"><div class=\"cozy-accordion-title\" style=\"display:flex;justify-content:space-between;align-items:center;flex-direction:row\"><h4>Documentos de seguro<\/h4><div class=\"accordion-icon-wrapper\"><svg width=\"16\" height=\"16\" viewbox=\"0 0 14 25\" xmlns=\"http:\/\/www.w3.org\/2000\/svg\" aria-hidden=\"true\"><path d=\"M10.8737 12.7121C10.9908 12.595 10.9908 12.405 10.8737 12.2879L1.00502 2.41924C0.887867 2.30208 0.887867 2.11213 1.00502 1.99497L1.99497 1.00502C2.11213 0.887867 2.30208 0.887867 2.41924 1.00502L13.7021 12.2879C13.8192 12.405 13.8192 12.595 13.7021 12.7121L2.41924 23.995C2.30208 24.1121 2.11213 24.1121 1.99497 23.995L1.00502 23.005C0.887867 22.8879 0.887868 22.6979 1.00503 22.5808L10.8737 12.7121Z\"><\/path><\/svg><\/div><\/div><div class=\"cozy-accordion-content\">\n<p>Antes de reservar, voc\u00ea deve ler atentamente os documentos de seguro aplic\u00e1veis.<\/p>\n\n\n\n<p>Estes documentos explicam:<\/p>\n\n\n\n<ul class=\"wp-block-list\">\n<li>O que o produto \u00e9 e para quem ele \u00e9 projetado<\/li>\n\n\n\n<li>O que est\u00e1 coberto e o que n\u00e3o est\u00e1 coberto<\/li>\n\n\n\n<li>Limites do produto e restri\u00e7\u00f5es pr\u00e1ticas<\/li>\n\n\n\n<li>Como os servi\u00e7os de sa\u00fade devem ser usados<\/li>\n\n\n\n<li>Regras de pagamento, dura\u00e7\u00e3o e rescis\u00e3o<\/li>\n\n\n\n<li>Cobertura e franquias odontol\u00f3gicas opcionais<\/li>\n\n\n\n<li>O papel do Question\u00e1rio de Sa\u00fade e da documenta\u00e7\u00e3o de apoio<\/li>\n<\/ul>\n\n\n\n<p><strong>Documentos para disponibilizar nesta p\u00e1gina<\/strong><\/p>\n\n\n\n<ul class=\"wp-block-list\">\n<li><a href=\"https:\/\/studysafe.travel\/wp-content\/uploads\/2026\/04\/ASISA-Product_Information.pdf\">Documento de Informa\u00e7\u00f5es do Produto (PDF)<\/a><\/li>\n\n\n\n<li><a href=\"https:\/\/studysafe.travel\/wp-content\/uploads\/2026\/04\/ASISA-General_Terms_and_Conditions_Asisa.pdf\">Termos e Condi\u00e7\u00f5es Gerais (PDF)<\/a><\/li>\n<\/ul>\n\n\n\n<p>Sobre a quest\u00e3o, o conjunto contratual completo tamb\u00e9m inclui o aplicativo, o Question\u00e1rio de Sa\u00fade e os Termos e Condi\u00e7\u00f5es Particulares.<\/p>\n<\/div><\/div><\/div>\n\n\n\n<div class=\"cozy-block-accordion-item\" id=\"cozyBlock_\"><div role=\"tab\" aria-expanded=\"true\"><div class=\"cozy-accordion-title\" style=\"display:flex;justify-content:space-between;align-items:center;flex-direction:row\"><h4>Observa\u00e7\u00e3o legal importante para esta rota<\/h4><div class=\"accordion-icon-wrapper\"><svg width=\"16\" height=\"16\" viewbox=\"0 0 14 25\" xmlns=\"http:\/\/www.w3.org\/2000\/svg\" aria-hidden=\"true\"><path d=\"M10.8737 12.7121C10.9908 12.595 10.9908 12.405 10.8737 12.2879L1.00502 2.41924C0.887867 2.30208 0.887867 2.11213 1.00502 1.99497L1.99497 1.00502C2.11213 0.887867 2.30208 0.887867 2.41924 1.00502L13.7021 12.2879C13.8192 12.405 13.8192 12.595 13.7021 12.7121L2.41924 23.995C2.30208 24.1121 2.11213 24.1121 1.99497 23.995L1.00502 23.005C0.887867 22.8879 0.887868 22.6979 1.00503 22.5808L10.8737 12.7121Z\"><\/path><\/svg><\/div><\/div><div class=\"cozy-accordion-content\">\n<p>Esta p\u00e1gina fornece informa\u00e7\u00f5es gerais sobre a rota de seguro sa\u00fade de longo prazo para estudantes na Espanha. O produto subjacente para esta rota \u00e9 uma ap\u00f3lice de seguro sa\u00fade estudantil para estudantes internacionais eleg\u00edveis que estudam na Espanha e necessitam de um visto de estudante.<\/p>\n\n\n\n<p>As informa\u00e7\u00f5es pr\u00e9-contratuais e contratuais completas s\u00e3o fornecidas no documento de informa\u00e7\u00f5es do produto, nos Termos e Condi\u00e7\u00f5es Gerais, nos Termos e Condi\u00e7\u00f5es Particulares e no restante da documenta\u00e7\u00e3o da ap\u00f3lice.<\/p>\n\n\n\n<p>A SafeStudy n\u00e3o \u00e9 a seguradora. A elegibilidade final, cobertura, exclus\u00f5es, limites, uso de provedores aprovados, cobertura opcional, condi\u00e7\u00f5es de pagamento e dura\u00e7\u00e3o da ap\u00f3lice dependem sempre da proposta preenchida e da documenta\u00e7\u00e3o de seguro aplic\u00e1vel.<\/p>\n<\/div><\/div><\/div>\n\n\n\n<div class=\"cozy-block-accordion-item\" id=\"cozyBlock_\"><div role=\"tab\" aria-expanded=\"true\"><div class=\"cozy-accordion-title\" style=\"display:flex;justify-content:space-between;align-items:center;flex-direction:row\"><h4>Links legais<\/h4><div class=\"accordion-icon-wrapper\"><svg width=\"16\" height=\"16\" viewbox=\"0 0 14 25\" xmlns=\"http:\/\/www.w3.org\/2000\/svg\" aria-hidden=\"true\"><path d=\"M10.8737 12.7121C10.9908 12.595 10.9908 12.405 10.8737 12.2879L1.00502 2.41924C0.887867 2.30208 0.887867 2.11213 1.00502 1.99497L1.99497 1.00502C2.11213 0.887867 2.30208 0.887867 2.41924 1.00502L13.7021 12.2879C13.8192 12.405 13.8192 12.595 13.7021 12.7121L2.41924 23.995C2.30208 24.1121 2.11213 24.1121 1.99497 23.995L1.00502 23.005C0.887867 22.8879 0.887868 22.6979 1.00503 22.5808L10.8737 12.7121Z\"><\/path><\/svg><\/div><\/div><div class=\"cozy-accordion-content\">\n<p>Por favor, leia tamb\u00e9m as seguintes p\u00e1ginas antes de reservar:<\/p>\n\n\n\n<ul class=\"wp-block-list\">\n<li><a href=\"https:\/\/studysafe.travel\/pt\/termos-e-condicoes\/\">Termos e Condi\u00e7\u00f5es<\/a><\/li>\n\n\n\n<li><a href=\"https:\/\/studysafe.travel\/pt\/politica-de-privacidade\/\">Pol\u00edtica de Privacidade<\/a><\/li>\n\n\n\n<li><a href=\"https:\/\/studysafe.travel\/pt\/politica-de-cookies\/\">Pol\u00edtica de Cookies<\/a><\/li>\n\n\n\n<li><a href=\"https:\/\/studysafe.travel\/pt\/procedimento-de-reclamacoes\/\">Procedimento de Reclama\u00e7\u00f5es<\/a><\/li>\n\n\n\n<li><a href=\"https:\/\/studysafe.travel\/pt\/politica-de-aml-e-kyc\/\" data-type=\"page\" data-id=\"286\">Pol\u00edtica de AML e KYC<\/a><\/li>\n\n\n\n<li><a href=\"https:\/\/studysafe.travel\/pt\/termos-comerciais-de-seguro\/\">Termos e Condi\u00e7\u00f5es de Seguro<\/a><\/li>\n\n\n\n<li><a href=\"https:\/\/studysafe.travel\/pt\/informacoes-regulatorias-disclosures\/\">Informa\u00e7\u00f5es Regulat\u00f3rias e Divulga\u00e7\u00f5es<\/a><\/li>\n<\/ul>\n<\/div><\/div><\/div>\n<\/div><\/div>\n<\/div><\/div>","protected":false},"excerpt":{"rendered":"<p>Everything you need before you book Important Information &amp; Insurance Documents Before you continue with this Spain Long Term route, please read the key information below carefully. This page brings together the main eligibility points, practical product rules, healthcare access guidance and the insurance documents that apply before booking. This route is designed for eligible&#8230;<\/p>","protected":false},"author":1,"featured_media":0,"parent":1584,"menu_order":0,"comment_status":"closed","ping_status":"closed","template":"","meta":{"footnotes":""},"class_list":["post-1591","page","type-page","status-publish","hentry"],"_links":{"self":[{"href":"https:\/\/studysafe.travel\/pt\/wp-json\/wp\/v2\/pages\/1591","targetHints":{"allow":["GET"]}}],"collection":[{"href":"https:\/\/studysafe.travel\/pt\/wp-json\/wp\/v2\/pages"}],"about":[{"href":"https:\/\/studysafe.travel\/pt\/wp-json\/wp\/v2\/types\/page"}],"author":[{"embeddable":true,"href":"https:\/\/studysafe.travel\/pt\/wp-json\/wp\/v2\/users\/1"}],"replies":[{"embeddable":true,"href":"https:\/\/studysafe.travel\/pt\/wp-json\/wp\/v2\/comments?post=1591"}],"version-history":[{"count":7,"href":"https:\/\/studysafe.travel\/pt\/wp-json\/wp\/v2\/pages\/1591\/revisions"}],"predecessor-version":[{"id":1871,"href":"https:\/\/studysafe.travel\/pt\/wp-json\/wp\/v2\/pages\/1591\/revisions\/1871"}],"up":[{"embeddable":true,"href":"https:\/\/studysafe.travel\/pt\/wp-json\/wp\/v2\/pages\/1584"}],"wp:attachment":[{"href":"https:\/\/studysafe.travel\/pt\/wp-json\/wp\/v2\/media?parent=1591"}],"curies":[{"name":"wp","href":"https:\/\/api.w.org\/{rel}","templated":true}]}}