{"id":247,"date":"2026-02-19T12:56:50","date_gmt":"2026-02-19T12:56:50","guid":{"rendered":"https:\/\/studysafe.travel\/?page_id=247"},"modified":"2026-03-30T14:45:38","modified_gmt":"2026-03-30T14:45:38","slug":"termos-e-condicoes","status":"publish","type":"page","link":"https:\/\/studysafe.travel\/pt\/terms-conditions\/","title":{"rendered":"Terms &#038; Conditions"},"content":{"rendered":"<div class=\"wp-block-group has-background-background-color has-background is-layout-constrained wp-container-core-group-is-layout-ef55149e wp-block-group-is-layout-constrained\" style=\"margin-top:0;margin-bottom:0;padding-top:4rem;padding-right:var(--wp--preset--spacing--40);padding-bottom:6rem;padding-left:var(--wp--preset--spacing--40)\">\n<h2 class=\"wp-block-heading has-text-align-center\">Termos e Condi\u00e7\u00f5es (Website + Termos de Reserva)<\/h2>\n\n\n\n<p class=\"has-text-align-center\"><strong>\u00daltima atualiza\u00e7\u00e3o:<\/strong> Mar\u00e7o de 2026<\/p>\n\n\n\n<h3 class=\"wp-block-heading\">1) Sobre estes Termos<\/h3>\n\n\n\n<p>Estes Termos e Condi\u00e7\u00f5es (\u201cTermos\u201d) regem o seu uso do site StudySafe e qualquer processo de reserva, cota\u00e7\u00e3o, onboarding, envio de documentos ou pagamento disponibilizado atrav\u00e9s deste site. Ao navegar neste site, enviar informa\u00e7\u00f5es, fazer upload de documentos, solicitar uma cota\u00e7\u00e3o, iniciar uma reserva ou completar uma reserva, voc\u00ea concorda com estes Termos.<\/p>\n\n\n\n<h3 class=\"wp-block-heading\">2) O que o StudySafe oferece<\/h3>\n\n\n\n<p>StudySafe fornece informa\u00e7\u00f5es e jornadas online de reserva e integra\u00e7\u00e3o para ajudar clientes eleg\u00edveis a solicitar, acessar, organizar ou concluir compras relacionadas a seguros para produtos e destinos selecionados, sujeito \u00e0 disponibilidade e elegibilidade. StudySafe n\u00e3o \u00e9 a seguradora. A cobertura de seguro, quando emitida, \u00e9 fornecida estritamente de acordo com a documenta\u00e7\u00e3o de seguro aplic\u00e1vel, o texto da ap\u00f3lice, o Documento de Informa\u00e7\u00f5es do Produto de Seguro (IPID), o Certificado de Seguro e quaisquer termos espec\u00edficos do produto disponibilizados para a rota de reserva relevante.<\/p>\n\n\n\n<h3 class=\"wp-block-heading\">3) Documentos de pol\u00edtica prevalecem<\/h3>\n\n\n\n<p>Todas as coberturas de seguro est\u00e3o sujeitas \u00e0s <strong>termos completos da ap\u00f3lice, condi\u00e7\u00f5es, limites, exclus\u00f5es, datas de vig\u00eancia, crit\u00e9rios de elegibilidade, regras de cancelamento e qualquer franquia aplic\u00e1vel<\/strong>. Se algo neste website diferir dos documentos de seguro aplic\u00e1veis emitidos ou disponibilizados para o produto relevante, os <strong>documentos de ap\u00f3lice aplic\u00e1veis, certificado e documenta\u00e7\u00e3o oficial de seguro prevalecem<\/strong>.<\/p>\n\n\n\n<p><strong>Downloads \/ informa\u00e7\u00f5es relacionadas a seguros:<\/strong><\/p>\n\n\n\n<ul class=\"wp-block-list\">\n<li><strong>Termos e Condi\u00e7\u00f5es de Seguros:<\/strong> <a href=\"https:\/\/studysafe.travel\/pt\/termos-comerciais-de-seguro\/\">Ler<\/a><\/li>\n\n\n\n<li><strong>Informa\u00e7\u00f5es Regulat\u00f3rias e Divulga\u00e7\u00f5es:<\/strong> <a href=\"https:\/\/studysafe.travel\/pt\/informacoes-regulatorias-disclosures\/\">Ler<\/a><\/li>\n<\/ul>\n\n\n\n<h3 class=\"wp-block-heading\">4) Suas responsabilidades (precis\u00e3o e elegibilidade)<\/h3>\n\n\n\n<p>Voc\u00ea \u00e9 respons\u00e1vel por fornecer informa\u00e7\u00f5es completas, precisas e atualizadas durante toda a jornada de reserva. Informa\u00e7\u00f5es incorretas, incompletas, enganosas ou desatualizadas podem afetar a elegibilidade, atrasar o processamento, impedir a emiss\u00e3o de documentos, invalidar a cobertura ou afetar o tratamento de sinistros. Voc\u00ea deve garantir que a cobertura solicitada, datas, destino, programa, detalhes da viagem, status do visto e quaisquer documentos comprobat\u00f3rios carregados estejam corretos e alinhados com os requisitos aplic\u00e1veis do produto. Se algum detalhe relevante mudar, voc\u00ea deve entrar em contato conosco prontamente.<\/p>\n\n\n\n<h3 class=\"wp-block-heading\">5) Reserva, pagamento e emiss\u00e3o de documentos<\/h3>\n\n\n\n<p>A conclus\u00e3o de um formul\u00e1rio de reserva ou a realiza\u00e7\u00e3o de um pagamento n\u00e3o garante, por si s\u00f3, a aceita\u00e7\u00e3o, elegibilidade, aprova\u00e7\u00e3o de subscri\u00e7\u00e3o ou emiss\u00e3o de documentos de seguro. As reservas est\u00e3o sujeitas a elegibilidade, revis\u00e3o de documentos, preven\u00e7\u00e3o de fraudes, verifica\u00e7\u00f5es AML\/KYC ou de conformidade, quando aplic\u00e1vel, confirma\u00e7\u00e3o de pagamento, regras do produto, regras da seguradora ou do intermedi\u00e1rio e processamento operacional. Os documentos de seguro s\u00f3 s\u00e3o emitidos ap\u00f3s a reserva ter sido processada com sucesso e confirmada sob a rota aplic\u00e1vel. Voc\u00ea deve revisar seus documentos ao receb\u00ea-los e entrar em contato conosco prontamente se acreditar que algum detalhe est\u00e1 incorreto.<\/p>\n\n\n\n<h3 class=\"wp-block-heading\">6) Cancelamentos e reembolsos<\/h3>\n\n\n\n<p>Os direitos de cancelamento e reembolso podem variar dependendo do produto, seguradora, intermedi\u00e1rio, momento da compra, status da viagem e documentos de seguro aplic\u00e1veis. Qualquer cancelamento ou reembolso estar\u00e1 sujeito \u00e0s regras que se aplicam ao produto e rota relevantes, incluindo quaisquer direitos legais de cancelamento, direitos de arrependimento, condi\u00e7\u00f5es da ap\u00f3lice e restri\u00e7\u00f5es uma vez que a viagem tenha come\u00e7ado ou uma situa\u00e7\u00e3o de sinistro tenha surgido. Onde dispon\u00edvel neste site, informa\u00e7\u00f5es operacionais adicionais tamb\u00e9m podem ser descritas em nossas <strong>Pol\u00edtica de Cancelamento e Reembolso<\/strong>.<br><strong>Leia:<\/strong> <a href=\"https:\/\/studysafe.travel\/pt\/politica-de-reembolso-de-cancelamento\/\">Pol\u00edtica de Cancelamento e Reembolso<\/a><\/p>\n\n\n\n<h3 class=\"wp-block-heading\">7) Reivindica\u00e7\u00f5es<\/h3>\n\n\n\n<p>As reivindica\u00e7\u00f5es devem ser submetidas e processadas estritamente de acordo com o procedimento de reivindica\u00e7\u00f5es, prazos, condi\u00e7\u00f5es e instru\u00e7\u00f5es contidos nos documentos da ap\u00f3lice aplic\u00e1vel. Voc\u00ea pode ser solicitado a fornecer evid\u00eancias de suporte, incluindo faturas, recibos, comprovantes de pagamento, documentos de viagem, boletins de ocorr\u00eancia, atestados m\u00e9dicos, receitas ou outros documentos relevantes para a reivindica\u00e7\u00e3o. A falha em fornecer a documenta\u00e7\u00e3o solicitada pode atrasar ou afetar o resultado da reivindica\u00e7\u00e3o.<\/p>\n\n\n\n<h3 class=\"wp-block-heading\">8) Assist\u00eancia emergencial e servi\u00e7os digitais (quando aplic\u00e1vel)<\/h3>\n\n\n\n<p>Onde o plano aplic\u00e1vel inclui assist\u00eancia emergencial, telemedicina, m\u00e9dico digital ou servi\u00e7os de suporte semelhantes, o acesso e o uso desses servi\u00e7os est\u00e3o sujeitos \u00e0 disponibilidade, triagem, \u00e0s regras de servi\u00e7o aplic\u00e1veis, aos termos da seguradora, intermedi\u00e1ria ou prestadora de servi\u00e7os relevante e a quaisquer limita\u00e7\u00f5es operacionais em vigor no momento. Esses servi\u00e7os podem n\u00e3o estar dispon\u00edveis em todos os produtos, em todos os destinos ou em todos os casos.<\/p>\n\n\n\n<p><strong>Informa\u00e7\u00f5es adicionais (quando aplic\u00e1vel):<\/strong><\/p>\n\n\n\n<ul class=\"wp-block-list\">\n<li><strong>Termos e Condi\u00e7\u00f5es de Seguros:<\/strong> <a href=\"https:\/\/studysafe.travel\/pt\/termos-comerciais-de-seguro\/\">Ler<\/a><\/li>\n\n\n\n<li><strong>Informa\u00e7\u00f5es Regulat\u00f3rias e Divulga\u00e7\u00f5es:<\/strong> <a href=\"https:\/\/studysafe.travel\/pt\/informacoes-regulatorias-disclosures\/\">Ler<\/a><\/li>\n<\/ul>\n\n\n\n<h3 class=\"wp-block-heading\">9) Uso do site e conte\u00fado<\/h3>\n\n\n\n<p>Nosso objetivo \u00e9 manter o conte\u00fado do site preciso e atualizado, mas o site \u00e9 fornecido apenas para fins informativos gerais. A disponibilidade de produtos, pre\u00e7os, elegibilidade, reda\u00e7\u00e3o, regras de processamento e disponibilidade de rotas podem mudar sem aviso pr\u00e9vio. Voc\u00ea n\u00e3o deve fazer uso indevido do site, tentar acesso n\u00e3o autorizado, interferir na seguran\u00e7a, carregar material ilegal ou prejudicial, ou usar o site de maneira ilegal, fraudulenta ou abusiva.<\/p>\n\n\n\n<h3 class=\"wp-block-heading\">10) Propriedade intelectual<\/h3>\n\n\n\n<p>Todo o conte\u00fado do website, incluindo textos, marcas, layout, gr\u00e1ficos, elementos de design, materiais para download e conte\u00fado comercial original, \u00e9 de propriedade ou licenciado para StudySafe, salvo indica\u00e7\u00e3o em contr\u00e1rio. N\u00e3o pode ser copiado, reproduzido, distribu\u00eddo, modificado, republicado ou reutilizado sem permiss\u00e3o pr\u00e9via por escrito.<\/p>\n\n\n\n<h3 class=\"wp-block-heading\">11) Servi\u00e7os de terceiros<\/h3>\n\n\n\n<p>Podemos utilizar servi\u00e7os de terceiros para operar o website e o processo de reserva, incluindo processadores de pagamento, provedores de hospedagem, servi\u00e7os de formul\u00e1rio, ferramentas de gest\u00e3o de documentos, provedores de an\u00e1lises, servi\u00e7os de e-mail, seguradoras, intermedi\u00e1rios, administradores ou outros prestadores externos. O seu uso desses servi\u00e7os, quando aplic\u00e1vel, tamb\u00e9m pode ser regido pelos seus pr\u00f3prios termos, avisos ou pr\u00e1ticas de privacidade. N\u00e3o nos responsabilizamos pelo conte\u00fado, termos, disponibilidade ou pr\u00e1ticas de privacidade de websites externos ou servi\u00e7os de terceiros que n\u00e3o s\u00e3o controlados por n\u00f3s.<\/p>\n\n\n\n<h3 class=\"wp-block-heading\">12) Privacidade e cookies<\/h3>\n\n\n\n<p>Seus dados pessoais s\u00e3o tratados de acordo com nossa Pol\u00edtica de Privacidade e Pol\u00edtica de Cookies.<br><strong>Leia:<\/strong><\/p>\n\n\n\n<ul class=\"wp-block-list\">\n<li><a href=\"https:\/\/studysafe.travel\/pt\/politica-de-privacidade\/\">Pol\u00edtica de Privacidade<\/a><\/li>\n\n\n\n<li><a href=\"https:\/\/studysafe.travel\/pt\/politica-de-cookies\/\">Pol\u00edtica de Cookies<\/a><\/li>\n<\/ul>\n\n\n\n<h3 class=\"wp-block-heading\">13) Reclama\u00e7\u00f5es<\/h3>\n\n\n\n<p>Se voc\u00ea n\u00e3o estiver satisfeito com o servi\u00e7o que recebeu da StudySafe, voc\u00ea pode seguir nosso processo de reclama\u00e7\u00f5es. Reclama\u00e7\u00f5es relacionadas a seguros tamb\u00e9m podem estar sujeitas ao processo de reclama\u00e7\u00f5es da seguradora ou intermedi\u00e1rio relevante, dependendo do problema e do produto envolvido.<br><strong>Leia:<\/strong> <a href=\"https:\/\/studysafe.travel\/pt\/procedimento-de-reclamacoes\/\">Procedimento de Reclama\u00e7\u00f5es<\/a><\/p>\n\n\n\n<h3 class=\"wp-block-heading\">14) Altera\u00e7\u00f5es a estes Termos<\/h3>\n\n\n\n<p>Podemos atualizar estes Termos periodicamente para refletir altera\u00e7\u00f5es no website, nas viagens reservadas, nos produtos, nos parceiros, nas seguradoras, nos intermedi\u00e1rios, nos processos operacionais, nos requisitos legais ou nas obriga\u00e7\u00f5es de conformidade. A vers\u00e3o mais recente ser\u00e1 publicada nesta p\u00e1gina com a data de \u201c\u00daltima atualiza\u00e7\u00e3o\u201d.<\/p>\n\n\n\n<h3 class=\"wp-block-heading\">15) Contato<\/h3>\n\n\n\n<p>Para perguntas sobre sua reserva, documentos enviados ou uso do site, entre em contato: <strong><a href=\"mailto:support@studysafe.travel\">support@studysafe.travel<\/a><\/strong><\/p>\n<\/div>","protected":false},"excerpt":{"rendered":"<p>Terms &amp; Conditions (Website + Booking Terms) Last updated: March 2026 1) About these Terms These Terms &amp; Conditions (\u201cTerms\u201d) govern your use of the StudySafe website and any booking, quotation, onboarding, document submission, or payment journey made available through this website. By browsing this website, submitting information, uploading documents, requesting a quotation, starting a&#8230;<\/p>","protected":false},"author":1,"featured_media":0,"parent":0,"menu_order":0,"comment_status":"closed","ping_status":"closed","template":"","meta":{"footnotes":""},"class_list":["post-247","page","type-page","status-publish","hentry"],"_links":{"self":[{"href":"https:\/\/studysafe.travel\/pt\/wp-json\/wp\/v2\/pages\/247","targetHints":{"allow":["GET"]}}],"collection":[{"href":"https:\/\/studysafe.travel\/pt\/wp-json\/wp\/v2\/pages"}],"about":[{"href":"https:\/\/studysafe.travel\/pt\/wp-json\/wp\/v2\/types\/page"}],"author":[{"embeddable":true,"href":"https:\/\/studysafe.travel\/pt\/wp-json\/wp\/v2\/users\/1"}],"replies":[{"embeddable":true,"href":"https:\/\/studysafe.travel\/pt\/wp-json\/wp\/v2\/comments?post=247"}],"version-history":[{"count":7,"href":"https:\/\/studysafe.travel\/pt\/wp-json\/wp\/v2\/pages\/247\/revisions"}],"predecessor-version":[{"id":998,"href":"https:\/\/studysafe.travel\/pt\/wp-json\/wp\/v2\/pages\/247\/revisions\/998"}],"wp:attachment":[{"href":"https:\/\/studysafe.travel\/pt\/wp-json\/wp\/v2\/media?parent=247"}],"curies":[{"name":"wp","href":"https:\/\/api.w.org\/{rel}","templated":true}]}}