{"id":260,"date":"2026-02-19T13:02:40","date_gmt":"2026-02-19T13:02:40","guid":{"rendered":"https:\/\/studysafe.travel\/?page_id=260"},"modified":"2026-03-30T14:56:46","modified_gmt":"2026-03-30T14:56:46","slug":"procedimento-de-reclamacoes","status":"publish","type":"page","link":"https:\/\/studysafe.travel\/pt\/complaints-procedure\/","title":{"rendered":"Procedimento de Reclama\u00e7\u00f5es"},"content":{"rendered":"<div class=\"wp-block-group has-background-background-color has-background is-layout-constrained wp-container-core-group-is-layout-ef55149e wp-block-group-is-layout-constrained\" style=\"margin-top:0;margin-bottom:0;padding-top:4rem;padding-right:var(--wp--preset--spacing--40);padding-bottom:6rem;padding-left:var(--wp--preset--spacing--40)\">\n<h2 class=\"wp-block-heading has-text-align-center\">Procedimento de Reclama\u00e7\u00f5es<\/h2>\n\n\n\n<p class=\"has-text-align-center\"><strong>\u00daltima atualiza\u00e7\u00e3o:<\/strong> Mar\u00e7o de 2026<\/p>\n\n\n\n<p>Nosso objetivo \u00e9 fornecer um servi\u00e7o confi\u00e1vel, justo e responsivo. Se voc\u00ea n\u00e3o estiver satisfeito com qualquer parte de sua experi\u00eancia, tem o direito de reclamar e de ter sua reclama\u00e7\u00e3o tratada de forma r\u00e1pida e justa.<\/p>\n\n\n\n<h3 class=\"wp-block-heading\">1) Passo 1 \u2014 Contate a StudySafe primeiro<\/h3>\n\n\n\n<p>Por favor, envie por e-mail <strong><a href=\"mailto:support@studysafe.travel\">support@studysafe.travel<\/a><\/strong> com:<\/p>\n\n\n\n<ul class=\"wp-block-list\">\n<li>Seu nome completo<\/li>\n\n\n\n<li>Sua reserva, cota\u00e7\u00e3o, ap\u00f3lice ou refer\u00eancia de certificado (se dispon\u00edvel)<\/li>\n\n\n\n<li>A data em que voc\u00ea reservou ou entrou em contato conosco<\/li>\n\n\n\n<li>Uma descri\u00e7\u00e3o clara do problema<\/li>\n\n\n\n<li>Quaisquer documentos comprobat\u00f3rios (por exemplo, capturas de tela, e-mails, recibos, certificados ou outros registros relevantes)<\/li>\n<\/ul>\n\n\n\n<p>Confirmaremos o recebimento e tentaremos resolver seu problema o mais r\u00e1pido e justo poss\u00edvel. Alguns problemas podem ser resolvidos diretamente pela StudySafe, especialmente aqueles relacionados ao site, ao processo de reserva, \u00e0s comunica\u00e7\u00f5es com o cliente, ao envio de documentos ou ao suporte operacional.<\/p>\n\n\n\n<h3 class=\"wp-block-heading\">2) Passo 2 \u2014 Encaminhe para o contato respons\u00e1vel de reclama\u00e7\u00f5es de seguros (reclama\u00e7\u00e3o formal)<\/h3>\n\n\n\n<p>Se sua reclama\u00e7\u00e3o estiver relacionada ao produto de seguro em si, administra\u00e7\u00e3o de seguros, subscri\u00e7\u00e3o, verifica\u00e7\u00f5es de elegibilidade, cancelamentos, processamento de sinistros, documenta\u00e7\u00e3o da ap\u00f3lice, quest\u00f5es de servi\u00e7o regulamentado ou outros assuntos relacionados a seguros, sua reclama\u00e7\u00e3o pode precisar ser encaminhada para <strong>seguradora, intermedi\u00e1rio, administrador, segurado ou contato formal de reclama\u00e7\u00f5es relevante identificado na documenta\u00e7\u00e3o aplic\u00e1vel ao seu produto e rota espec\u00edficos<\/strong>.<\/p>\n\n\n\n<p>O contato correto para reclama\u00e7\u00f5es formais pode variar dependendo do produto, seguradora, intermedi\u00e1rio, administrador, pa\u00eds e jurisdi\u00e7\u00e3o envolvidos. Por esse motivo, voc\u00ea deve sempre consultar o <strong>documentos de pol\u00edtica oficial, Termos de Neg\u00f3cios, divulga\u00e7\u00f5es regulat\u00f3rias e qualquer documenta\u00e7\u00e3o espec\u00edfica do produto<\/strong> que se aplicam \u00e0 sua reserva.<\/p>\n\n\n\n<p><strong>Informa\u00e7\u00f5es relacionadas:<\/strong><\/p>\n\n\n\n<ul class=\"wp-block-list\">\n<li><strong>Termos e Condi\u00e7\u00f5es de Seguros:<\/strong> <a href=\"https:\/\/studysafe.travel\/pt\/termos-comerciais-de-seguro\/\">Ler<\/a><\/li>\n\n\n\n<li><strong>Informa\u00e7\u00f5es Regulat\u00f3rias e Divulga\u00e7\u00f5es:<\/strong> <a href=\"https:\/\/studysafe.travel\/pt\/informacoes-regulatorias-disclosures\/\">Ler<\/a><\/li>\n<\/ul>\n\n\n\n<p><strong>O que acontece a seguir:<\/strong><\/p>\n\n\n\n<ul class=\"wp-block-list\">\n<li>O provedor relevante ou a equipe de reclama\u00e7\u00f5es deve reconhecer e investigar sua reclama\u00e7\u00e3o de acordo com as regras, padr\u00f5es e prazos de tratamento de reclama\u00e7\u00f5es que se aplicam a esse provedor e produto.<\/li>\n\n\n\n<li>Voc\u00ea pode ser solicitado a fornecer documentos comprobat\u00f3rios ou informa\u00e7\u00f5es adicionais para que a reclama\u00e7\u00e3o possa ser analisada adequadamente.<\/li>\n\n\n\n<li>Onde a reclama\u00e7\u00e3o diz respeito a um provedor regulamentado, direitos formais de tratamento de reclama\u00e7\u00f5es, prazos e direitos de escalonamento podem se aplicar dependendo do pa\u00eds e do quadro regulat\u00f3rio envolvido.<\/li>\n<\/ul>\n\n\n\n<h3 class=\"wp-block-heading\">3) Se voc\u00ea n\u00e3o estiver satisfeito com o resultado (provedoria de justi\u00e7a, ADR ou regulador, quando aplic\u00e1vel)<\/h3>\n\n\n\n<p>Se voc\u00ea permanecer insatisfeito ap\u00f3s o provedor relevante ter tido a oportunidade de revisar e responder \u00e0 sua reclama\u00e7\u00e3o, voc\u00ea poder\u00e1 escalonar o assunto para um <strong>provedor, \u00f3rg\u00e3o de resolu\u00e7\u00e3o alternativa de lit\u00edgios, mecanismo de reclama\u00e7\u00f5es, regulador, autoridade supervisora ou outro \u00f3rg\u00e3o competente<\/strong>, dependendo do provedor, pa\u00eds e produto envolvido.<\/p>\n\n\n\n<p>Por exemplo, se a reclama\u00e7\u00e3o se referir a um prestador regulamentado na Irlanda e o assunto estiver dentro do seu escopo, a reclama\u00e7\u00e3o poder\u00e1 ser encaminhada para <strong>Ouvidoria de Servi\u00e7os Financeiros e Pens\u00f5es (FSPO)<\/strong> ap\u00f3s o provedor ter tido a oportunidade de resolv\u00ea-lo primeiro.<\/p>\n\n\n\n<p>Por favor, note que:<\/p>\n\n\n\n<ul class=\"wp-block-list\">\n<li>Nem toda reclama\u00e7\u00e3o se enquadrar\u00e1 na jurisdi\u00e7\u00e3o do mesmo ouvidor ou \u00f3rg\u00e3o de reclama\u00e7\u00f5es.<\/li>\n\n\n\n<li>A rota de escalonamento correta pode diferir dependendo se o provedor relevante est\u00e1 sediado na Irlanda, Espanha, outro pa\u00eds da UE ou fora da UE.<\/li>\n\n\n\n<li>O \u00f3rg\u00e3o de reclama\u00e7\u00e3o, regulador ou via de resolu\u00e7\u00e3o de disputas aplic\u00e1vel deve ser identificado na documenta\u00e7\u00e3o oficial do produto e provedor relevantes.<\/li>\n<\/ul>\n\n\n\n<h3 class=\"wp-block-heading\">4) Mantendo registros<\/h3>\n\n\n\n<p>Para ajudar a resolver reclama\u00e7\u00f5es de forma eficiente, guarde c\u00f3pias de:<\/p>\n\n\n\n<ul class=\"wp-block-list\">\n<li>Sua cota\u00e7\u00e3o, confirma\u00e7\u00e3o de reserva e quaisquer documentos de pol\u00edtica ou certificado<\/li>\n\n\n\n<li>E-mails, mensagens ou outras comunica\u00e7\u00f5es trocadas<\/li>\n\n\n\n<li>Recibos, faturas, capturas de tela e quaisquer evid\u00eancias de suporte relevantes para o problema<\/li>\n\n\n\n<li>Qualquer reconhecimento de reclama\u00e7\u00e3o, n\u00famero de refer\u00eancia da reclama\u00e7\u00e3o ou resposta final que voc\u00ea receber<\/li>\n<\/ul>\n<\/div>","protected":false},"excerpt":{"rendered":"<p>Complaints Procedure Last updated: March 2026 We aim to provide a reliable, fair, and responsive service. If you are unhappy with any part of your experience, you have the right to complain and to have your complaint handled promptly and fairly. 1) Step 1 \u2014 Contact StudySafe first Please email support@studysafe.travel with: We will confirm&#8230;<\/p>","protected":false},"author":1,"featured_media":0,"parent":0,"menu_order":0,"comment_status":"closed","ping_status":"closed","template":"","meta":{"footnotes":""},"class_list":["post-260","page","type-page","status-publish","hentry"],"_links":{"self":[{"href":"https:\/\/studysafe.travel\/pt\/wp-json\/wp\/v2\/pages\/260","targetHints":{"allow":["GET"]}}],"collection":[{"href":"https:\/\/studysafe.travel\/pt\/wp-json\/wp\/v2\/pages"}],"about":[{"href":"https:\/\/studysafe.travel\/pt\/wp-json\/wp\/v2\/types\/page"}],"author":[{"embeddable":true,"href":"https:\/\/studysafe.travel\/pt\/wp-json\/wp\/v2\/users\/1"}],"replies":[{"embeddable":true,"href":"https:\/\/studysafe.travel\/pt\/wp-json\/wp\/v2\/comments?post=260"}],"version-history":[{"count":3,"href":"https:\/\/studysafe.travel\/pt\/wp-json\/wp\/v2\/pages\/260\/revisions"}],"predecessor-version":[{"id":1001,"href":"https:\/\/studysafe.travel\/pt\/wp-json\/wp\/v2\/pages\/260\/revisions\/1001"}],"wp:attachment":[{"href":"https:\/\/studysafe.travel\/pt\/wp-json\/wp\/v2\/media?parent=260"}],"curies":[{"name":"wp","href":"https:\/\/api.w.org\/{rel}","templated":true}]}}