{"id":291,"date":"2026-02-19T13:28:21","date_gmt":"2026-02-19T13:28:21","guid":{"rendered":"https:\/\/studysafe.travel\/?page_id=291"},"modified":"2026-03-30T15:01:32","modified_gmt":"2026-03-30T15:01:32","slug":"termos-comerciais-de-seguro","status":"publish","type":"page","link":"https:\/\/studysafe.travel\/pt\/insurance-terms-of-business\/","title":{"rendered":"Termos e Condi\u00e7\u00f5es de Seguro"},"content":{"rendered":"<div class=\"wp-block-group has-background-background-color has-background is-layout-constrained wp-container-core-group-is-layout-ef55149e wp-block-group-is-layout-constrained\" style=\"margin-top:0;margin-bottom:0;padding-top:4rem;padding-right:var(--wp--preset--spacing--40);padding-bottom:6rem;padding-left:var(--wp--preset--spacing--40)\">\n<h2 class=\"wp-block-heading has-text-align-center\">Termos e Condi\u00e7\u00f5es de Seguro<\/h2>\n\n\n\n<p class=\"has-text-align-center\"><strong>\u00daltima atualiza\u00e7\u00e3o:<\/strong> Mar\u00e7o de 2026<\/p>\n\n\n\n<p class=\"has-text-align-center\">Esta p\u00e1gina resume os principais princ\u00edpios dos \u201cTermos de Neg\u00f3cios\u201d que podem se aplicar ao solicitar, organizar, administrar ou apoiar seguros por meio do StudySafe. Ela explica padr\u00f5es de servi\u00e7o, divulga\u00e7\u00f5es e informa\u00e7\u00f5es contratuais ou regulat\u00f3rias importantes. Os Termos de Neg\u00f3cios exatos que se aplicam podem variar dependendo da seguradora, intermedi\u00e1rio, administrador, produto, destino e rota de reserva envolvidos. Se algo nesta p\u00e1gina diferir do <strong>termos de neg\u00f3cios oficiais ou documenta\u00e7\u00e3o do provedor aplic\u00e1vel ao seu produto espec\u00edfico<\/strong>, o <strong>a documenta\u00e7\u00e3o oficial prevalece<\/strong>.<\/p>\n\n\n\n<p><strong>Informa\u00e7\u00f5es relacionadas:<\/strong><\/p>\n\n\n\n<ul class=\"wp-block-list\">\n<li><strong>Informa\u00e7\u00f5es Regulat\u00f3rias e Divulga\u00e7\u00f5es:<\/strong> <a href=\"https:\/\/studysafe.travel\/pt\/informacoes-regulatorias-disclosures\/\">Ler<\/a><\/li>\n<\/ul>\n\n\n\n<h3 class=\"wp-block-heading\">1) O que \u201cTermos de Neg\u00f3cio\u201d significa<\/h3>\n\n\n\n<p>Os Termos de Neg\u00f3cios s\u00e3o o documento formal, aviso ou conjunto de divulga\u00e7\u00f5es contratuais que explicam como o intermedi\u00e1rio, administrador, distribuidor ou provedor de seguros relevante oferece seus servi\u00e7os. Pode incluir informa\u00e7\u00f5es sobre status regulamentar, escopo de servi\u00e7os, remunera\u00e7\u00e3o ou comiss\u00e3o, base de aconselhamento, tratamento de reclama\u00e7\u00f5es, prote\u00e7\u00e3o de dados, conflitos de interesse, tratamento de cancelamento e outras divulga\u00e7\u00f5es importantes para o cliente.<\/p>\n\n\n\n<h3 class=\"wp-block-heading\">2) Como o seguro \u00e9 organizado<\/h3>\n\n\n\n<p>Seguro disponibilizado atrav\u00e9s da StudySafe pode ser organizado, administrado, distribu\u00eddo ou apoiado por uma ou mais seguradoras autorizadas, intermedi\u00e1rios, administradores, distribuidores, prestadores de servi\u00e7os de pagamento ou outros parceiros relevantes, dependendo do produto e do canal. Seu contrato de seguro, onde emitido, \u00e9 regido pelos documentos de ap\u00f3lice aplic\u00e1veis, certificado, termos do provedor e qualquer documenta\u00e7\u00e3o espec\u00edfica do produto disponibilizada para aquele canal.<\/p>\n\n\n\n<p><strong>Documentos relacionados:<\/strong><\/p>\n\n\n\n<ul class=\"wp-block-list\">\n<li><strong>Termos e Condi\u00e7\u00f5es (Website + Termos de Reserva):<\/strong> <a href=\"https:\/\/studysafe.travel\/pt\/termos-e-condicoes\/\">Ler<\/a><\/li>\n\n\n\n<li><strong>Informa\u00e7\u00f5es Regulat\u00f3rias e Divulga\u00e7\u00f5es:<\/strong> <a href=\"https:\/\/studysafe.travel\/pt\/informacoes-regulatorias-disclosures\/\">Ler<\/a><\/li>\n<\/ul>\n\n\n\n<h3 class=\"wp-block-heading\">3) Base de aconselhamento<\/h3>\n\n\n\n<p>Onde conselhos, recomenda\u00e7\u00f5es, orienta\u00e7\u00f5es ou suporte na sele\u00e7\u00e3o de produtos s\u00e3o fornecidos, a base sobre a qual s\u00e3o fornecidos pode variar dependendo do produto e do provedor. Em alguns casos, isso pode ser baseado em um <strong>an\u00e1lise limitada<\/strong> de produtos ou provedores dispon\u00edveis em vez de uma an\u00e1lise completa do mercado. Voc\u00ea deve consultar a documenta\u00e7\u00e3o aplic\u00e1vel do provedor para a base exata que se aplica \u00e0 sua rota.<\/p>\n\n\n\n<h3 class=\"wp-block-heading\">4) Remunera\u00e7\u00e3o \/ comiss\u00e3o<\/h3>\n\n\n\n<p>O intermedi\u00e1rio, administrador, distribuidor, parceiro ou provedor relevante poder\u00e1 receber comiss\u00e3o, taxas, remunera\u00e7\u00e3o por servi\u00e7os ou outra compensa\u00e7\u00e3o legal de seguradoras, subscritores, segurados, clientes, fluxos de pagamento ou outros arranjos comerciais autorizados, dependendo da estrutura do produto e da rota. A documenta\u00e7\u00e3o aplic\u00e1vel do provedor dever\u00e1 explicar a base de remunera\u00e7\u00e3o relevante, onde exigido.<\/p>\n\n\n\n<h3 class=\"wp-block-heading\">5) Conflitos de interesse<\/h3>\n\n\n\n<p>Quaisquer conflitos de interesse devem ser identificados, gerenciados e divulgados de acordo com as pol\u00edticas, procedimentos e requisitos regulamentares que se aplicam ao provedor, produto e jurisdi\u00e7\u00e3o relevantes. Quando exigido, a documenta\u00e7\u00e3o aplic\u00e1vel do provedor deve explicar como os conflitos s\u00e3o tratados.<\/p>\n\n\n\n<h3 class=\"wp-block-heading\">6) Seu dever de fornecer informa\u00e7\u00f5es precisas<\/h3>\n\n\n\n<p>Voc\u00ea deve ter o cuidado razo\u00e1vel de fornecer informa\u00e7\u00f5es completas, precisas e atualizadas durante os processos de cota\u00e7\u00e3o, reserva, integra\u00e7\u00e3o, pagamento e seguro. Informa\u00e7\u00f5es incorretas, incompletas, enganosas ou desatualizadas podem afetar a elegibilidade, precifica\u00e7\u00e3o, emiss\u00e3o de documentos, validade da ap\u00f3lice, sinistros, reclama\u00e7\u00f5es, cancelamentos ou reembolsos, dependendo das regras aplic\u00e1veis do produto e da documenta\u00e7\u00e3o do provedor.<\/p>\n\n\n\n<h3 class=\"wp-block-heading\">7) Cancelamentos e reembolsos<\/h3>\n\n\n\n<p>Os direitos de cancelamento, direitos de arrependimento, condi\u00e7\u00f5es de reembolso, situa\u00e7\u00f5es n\u00e3o reembols\u00e1veis e regras de cancelamento operacional podem variar dependendo da seguradora, intermedi\u00e1rio, administrador, produto, jurisdi\u00e7\u00e3o e est\u00e1gio da transa\u00e7\u00e3o. Voc\u00ea deve sempre consultar a documenta\u00e7\u00e3o do provedor aplic\u00e1vel e os documentos da ap\u00f3lice para as regras exatas que se aplicam ao seu caso.<\/p>\n\n\n\n<p><strong>Leia:<\/strong><\/p>\n\n\n\n<ul class=\"wp-block-list\">\n<li><strong>Pol\u00edtica de Cancelamento e Reembolso<\/strong> <a href=\"https:\/\/studysafe.travel\/pt\/politica-de-reembolso-de-cancelamento\/\">Ver pol\u00edtica<\/a><\/li>\n<\/ul>\n\n\n\n<h3 class=\"wp-block-heading\">8) Reclama\u00e7\u00f5es<\/h3>\n\n\n\n<p>Voc\u00ea tem o direito de reclamar. As rotas de tratamento de reclama\u00e7\u00f5es podem variar dependendo se a quest\u00e3o se relaciona com o StudySafe, a navega\u00e7\u00e3o no site, uma seguradora, um intermedi\u00e1rio, um administrador, um gestor de sinistros ou outro prestador de servi\u00e7os relevante. Os direitos de escalada externa, os prazos de tratamento de reclama\u00e7\u00f5es e as op\u00e7\u00f5es de provedoria ou de resolu\u00e7\u00e3o alternativa de disputas (ADR) tamb\u00e9m podem variar dependendo do produto, do prestador de servi\u00e7os e da jurisdi\u00e7\u00e3o.<\/p>\n\n\n\n<p><strong>Leia:<\/strong><\/p>\n\n\n\n<ul class=\"wp-block-list\">\n<li><strong>Procedimento de Reclama\u00e7\u00f5es:<\/strong> <a href=\"https:\/\/studysafe.travel\/pt\/procedimento-de-reclamacoes\/\">Ver pol\u00edtica<\/a><\/li>\n<\/ul>\n\n\n\n<h3 class=\"wp-block-heading\">9) Privacidade e prote\u00e7\u00e3o de dados<\/h3>\n\n\n\n<p>Dados pessoais podem ser processados pela StudySafe e, quando relevante, por seguradoras, intermedi\u00e1rios, administradores, provedores de pagamento, gestores de sinistros, provedores de assist\u00eancia, provedores de telemedicina ou outras partes autorizadas envolvidas no percurso aplic\u00e1vel. Os dados s\u00e3o processados em conformidade com as leis de privacidade aplic\u00e1veis, avisos dos provedores, documenta\u00e7\u00e3o contratual e requisitos operacionais.<\/p>\n\n\n\n<p><strong>Leia:<\/strong><\/p>\n\n\n\n<ul class=\"wp-block-list\">\n<li><strong>Pol\u00edtica de Privacidade<\/strong> <a href=\"https:\/\/studysafe.travel\/pt\/politica-de-privacidade\/\">Ver pol\u00edtica<\/a><\/li>\n\n\n\n<li><strong>Pol\u00edtica de Cookies:<\/strong> <a href=\"https:\/\/studysafe.travel\/pt\/politica-de-cookies\/\">Ver pol\u00edtica<\/a><\/li>\n<\/ul>\n\n\n\n<h3 class=\"wp-block-heading\">10) Seguro de responsabilidade profissional (PII)<\/h3>\n\n\n\n<p>Onde exigido por lei ou regulamenta\u00e7\u00e3o, o intermedi\u00e1rio relevante ou o provedor regulado pode manter seguro de responsabilidade profissional ou prote\u00e7\u00f5es equivalentes, de acordo com as normas aplic\u00e1veis a esse provedor e jurisdi\u00e7\u00e3o. A exist\u00eancia, o escopo e a base regulat\u00f3ria de tal prote\u00e7\u00e3o podem variar dependendo do provedor envolvido.<\/p>\n\n\n\n<h3 class=\"wp-block-heading\">11) Contato<\/h3>\n\n\n\n<p>Perguntas sobre estes Termos e Condi\u00e7\u00f5es de Seguros: <strong><a href=\"mailto:support@studysafe.travel\">support@studysafe.travel<\/a><\/strong><\/p>\n<\/div>","protected":false},"excerpt":{"rendered":"<p>Insurance Terms of Business Last updated: March 2026 This page summarises the key \u201cTerms of Business\u201d principles that may apply when insurance is requested, arranged, administered, or supported through StudySafe. It explains service standards, disclosures, and important contractual or regulatory information. The exact Terms of Business that apply may vary depending on the insurer, intermediary,&#8230;<\/p>","protected":false},"author":1,"featured_media":0,"parent":0,"menu_order":0,"comment_status":"closed","ping_status":"closed","template":"","meta":{"footnotes":""},"class_list":["post-291","page","type-page","status-publish","hentry"],"_links":{"self":[{"href":"https:\/\/studysafe.travel\/pt\/wp-json\/wp\/v2\/pages\/291","targetHints":{"allow":["GET"]}}],"collection":[{"href":"https:\/\/studysafe.travel\/pt\/wp-json\/wp\/v2\/pages"}],"about":[{"href":"https:\/\/studysafe.travel\/pt\/wp-json\/wp\/v2\/types\/page"}],"author":[{"embeddable":true,"href":"https:\/\/studysafe.travel\/pt\/wp-json\/wp\/v2\/users\/1"}],"replies":[{"embeddable":true,"href":"https:\/\/studysafe.travel\/pt\/wp-json\/wp\/v2\/comments?post=291"}],"version-history":[{"count":3,"href":"https:\/\/studysafe.travel\/pt\/wp-json\/wp\/v2\/pages\/291\/revisions"}],"predecessor-version":[{"id":1003,"href":"https:\/\/studysafe.travel\/pt\/wp-json\/wp\/v2\/pages\/291\/revisions\/1003"}],"wp:attachment":[{"href":"https:\/\/studysafe.travel\/pt\/wp-json\/wp\/v2\/media?parent=291"}],"curies":[{"name":"wp","href":"https:\/\/api.w.org\/{rel}","templated":true}]}}