{"id":296,"date":"2026-02-19T13:32:41","date_gmt":"2026-02-19T13:32:41","guid":{"rendered":"https:\/\/studysafe.travel\/?page_id=296"},"modified":"2026-03-30T15:04:54","modified_gmt":"2026-03-30T15:04:54","slug":"informacoes-regulatorias-disclosures","status":"publish","type":"page","link":"https:\/\/studysafe.travel\/pt\/regulatory-information-disclosures\/","title":{"rendered":"Regulatory Information &#038; Disclosures"},"content":{"rendered":"<div class=\"wp-block-group has-background-background-color has-background is-layout-constrained wp-container-core-group-is-layout-ef55149e wp-block-group-is-layout-constrained\" style=\"margin-top:0;margin-bottom:0;padding-top:4rem;padding-right:var(--wp--preset--spacing--40);padding-bottom:6rem;padding-left:var(--wp--preset--spacing--40)\">\n<h2 class=\"wp-block-heading has-text-align-center\">Informa\u00e7\u00f5es Regulat\u00f3rias e Divulga\u00e7\u00f5es<br><\/h2>\n\n\n\n<p class=\"has-text-align-center\"><strong>\u00daltima atualiza\u00e7\u00e3o:<\/strong> Mar\u00e7o de 2026<\/p>\n\n\n\n<p class=\"has-text-align-left\">Esta p\u00e1gina fornece informa\u00e7\u00f5es regulat\u00f3rias fundamentais e avisos importantes relevantes para produtos de seguro, reservas de viagens e servi\u00e7os relacionados disponibilizados atrav\u00e9s do StudySafe. A estrutura regulat\u00f3ria exata, as divulga\u00e7\u00f5es do provedor e os documentos contratuais aplic\u00e1veis podem variar dependendo da seguradora, intermedi\u00e1ria, administradora, provedora de pagamento, produto, destino e jurisdi\u00e7\u00e3o envolvidos. Para obter detalhes completos, consulte os documentos oficiais aplic\u00e1veis \u00e0 sua rota e provedor espec\u00edficos.<\/p>\n\n\n\n<p><strong>Documentos relacionados:<\/strong><\/p>\n\n\n\n<ul class=\"wp-block-list\">\n<li><strong>Termos e Condi\u00e7\u00f5es de Seguros:<\/strong> <a href=\"https:\/\/studysafe.travel\/pt\/termos-comerciais-de-seguro\/\">Ler<\/a><\/li>\n\n\n\n<li><strong>Termos e Condi\u00e7\u00f5es (Website + Termos de Reserva):<\/strong> <a href=\"https:\/\/studysafe.travel\/pt\/termos-e-condicoes\/\">Ler<\/a><\/li>\n<\/ul>\n\n\n\n<h3 class=\"wp-block-heading\">1) Papel do StudySafe<\/h3>\n\n\n\n<p>StudySafe \u00e9 um site, plataforma de reserva de viagens e voltada para o cliente que pode ajudar usu\u00e1rios eleg\u00edveis a solicitar informa\u00e7\u00f5es, obter or\u00e7amentos, enviar documentos, concluir reservas, efetuar pagamentos ou acessar produtos e servi\u00e7os relacionados a seguros por meio de um ou mais provedores ou parceiros autorizados. StudySafe \u00e9 <strong>n\u00e3o<\/strong> a seguradora, a menos que explicitamente declarado de outra forma para uma rota espec\u00edfica. Qualquer contrato de seguro, onde emitido, \u00e9 regido pela <strong>documenta\u00e7\u00e3o de ap\u00f3lice aplic\u00e1vel, certificado e documentos oficiais do provedor<\/strong> para o produto e rota relevantes.<\/p>\n\n\n\n<p><strong>Documentos relacionados:<\/strong><\/p>\n\n\n\n<ul class=\"wp-block-list\">\n<li><strong>Termos e Condi\u00e7\u00f5es de Seguros:<\/strong> <a href=\"https:\/\/studysafe.travel\/pt\/termos-comerciais-de-seguro\/\">Ler<\/a><\/li>\n\n\n\n<li><strong>Termos e Condi\u00e7\u00f5es (Website + Termos de Reserva):<\/strong> <a href=\"https:\/\/studysafe.travel\/pt\/termos-e-condicoes\/\">Ler<\/a><\/li>\n<\/ul>\n\n\n\n<h3 class=\"wp-block-heading\">2) Intermedi\u00e1rio de seguros e status regulat\u00f3rio<\/h3>\n\n\n\n<p>O seguro pode ser contratado, distribu\u00eddo, administrado ou apoiado por uma seguradora autorizada, intermedi\u00e1rio, administrador, distribuidor ou outro prestador de servi\u00e7os regulamentado ou autorizado contratualmente, dependendo da rota. O status regulat\u00f3rio, as permiss\u00f5es, as divulga\u00e7\u00f5es e a documenta\u00e7\u00e3o de reg\u00eancia do provedor relevante podem variar dependendo do pa\u00eds, produto e estrutura legal envolvidos. Voc\u00ea deve sempre consultar a documenta\u00e7\u00e3o oficial do provedor espec\u00edfico aplic\u00e1vel \u00e0 sua reserva.<\/p>\n\n\n\n<p><strong>Leia:<\/strong><\/p>\n\n\n\n<ul class=\"wp-block-list\">\n<li><strong>Termos e Condi\u00e7\u00f5es de Seguros:<\/strong> <a href=\"https:\/\/studysafe.travel\/pt\/termos-comerciais-de-seguro\/\">Ver p\u00e1gina<\/a><\/li>\n<\/ul>\n\n\n\n<h3 class=\"wp-block-heading\">3) Base do aconselhamento (se for fornecido aconselhamento)<\/h3>\n\n\n\n<p>Onde for oferecido aconselhamento, recomenda\u00e7\u00e3o, orienta\u00e7\u00e3o ou suporte na sele\u00e7\u00e3o de produtos, a base desse suporte pode variar dependendo da seguradora, intermedi\u00e1rio, distribuidor, produto e canal. Em alguns casos, o aconselhamento pode ser baseado em um <strong>an\u00e1lise limitada<\/strong> de produtos ou fornecedores dispon\u00edveis em vez de uma an\u00e1lise completa do mercado. A documenta\u00e7\u00e3o aplic\u00e1vel do fornecedor deve explicar a base que se aplica \u00e0 sua rota espec\u00edfica, quando necess\u00e1rio.<\/p>\n\n\n\n<h3 class=\"wp-block-heading\">4) Divulga\u00e7\u00e3o de remunera\u00e7\u00e3o \/ comiss\u00e3o<\/h3>\n\n\n\n<p>O intermedi\u00e1rio relevante, administrador, distribuidor, parceiro ou provedor poder\u00e1 receber comiss\u00e3o, taxas, remunera\u00e7\u00e3o por servi\u00e7os ou outra compensa\u00e7\u00e3o legal por parte de seguradoras, subscritores, segurados, clientes, fluxos de pagamento ou outros acordos comerciais autorizados, dependendo da estrutura do produto e da rota. O modelo exato de remunera\u00e7\u00e3o pode variar dependendo do provedor e do quadro regulamentar aplic\u00e1vel.<\/p>\n\n\n\n<p><strong>Leia:<\/strong><\/p>\n\n\n\n<ul class=\"wp-block-list\">\n<li><strong>Termos e Condi\u00e7\u00f5es de Seguros:<\/strong> <a href=\"https:\/\/studysafe.travel\/pt\/termos-comerciais-de-seguro\/\">Ver p\u00e1gina<\/a><\/li>\n<\/ul>\n\n\n\n<h3 class=\"wp-block-heading\">5) Dever de cuidado: informa\u00e7\u00f5es precisas<\/h3>\n\n\n\n<p>Voc\u00ea deve ter o cuidado razo\u00e1vel de fornecer informa\u00e7\u00f5es completas, precisas e atualizadas durante qualquer processo de cota\u00e7\u00e3o, reserva, embarque, pagamento, cancelamento, reembolso ou sinistro. Informa\u00e7\u00f5es incorretas, incompletas, enganosas ou desatualizadas podem afetar a elegibilidade, precifica\u00e7\u00e3o, emiss\u00e3o de ap\u00f3lices, processamento de reclama\u00e7\u00f5es, direitos de cancelamento\/reembolso ou processamento de sinistros, conforme estabelecido na documenta\u00e7\u00e3o aplic\u00e1vel do provedor e nos documentos da ap\u00f3lice.<\/p>\n\n\n\n<h3 class=\"wp-block-heading\">6) Reclama\u00e7\u00f5es e escalonamento<\/h3>\n\n\n\n<p>Se voc\u00ea n\u00e3o estiver satisfeito com o servi\u00e7o recebido, voc\u00ea tem o direito de reclamar. Os canais de tratamento de reclama\u00e7\u00f5es e os direitos de escalonamento externo podem variar dependendo se a quest\u00e3o se relaciona com StudySafe, a jornada do site, uma seguradora, um intermedi\u00e1rio, um administrador, um gestor de sinistros, um provedor de pagamentos ou outro provedor relevante. Os direitos de escalonamento externo tamb\u00e9m podem depender do pa\u00eds e da jurisdi\u00e7\u00e3o que se aplicam ao provedor envolvido.<\/p>\n\n\n\n<p><strong>Leia:<\/strong><\/p>\n\n\n\n<ul class=\"wp-block-list\">\n<li><strong>Procedimento de Reclama\u00e7\u00f5es:<\/strong> <a href=\"https:\/\/studysafe.travel\/pt\/procedimento-de-reclamacoes\/\">Ver pol\u00edtica<\/a><\/li>\n\n\n\n<li><strong>Termos e Condi\u00e7\u00f5es de Seguros:<\/strong> <a href=\"https:\/\/studysafe.travel\/pt\/termos-comerciais-de-seguro\/\">Ver p\u00e1gina<\/a><\/li>\n<\/ul>\n\n\n\n<h3 class=\"wp-block-heading\">7) Direitos de cancelamento<\/h3>\n\n\n\n<p>Os direitos de cancelamento estatut\u00e1rio, direitos de reflex\u00e3o, condi\u00e7\u00f5es de reembolso, regras de cancelamento operacional e restri\u00e7\u00f5es podem variar dependendo da seguradora, intermedi\u00e1rio, administrador, produto, jurisdi\u00e7\u00e3o, fase da reserva e se a cobertura j\u00e1 come\u00e7ou ou se existe uma situa\u00e7\u00e3o de sinistro. Voc\u00ea deve sempre consultar os documentos oficiais aplic\u00e1veis ao seu provedor e produto espec\u00edficos.<\/p>\n\n\n\n<p><strong>Leia:<\/strong><\/p>\n\n\n\n<ul class=\"wp-block-list\">\n<li><strong>Pol\u00edtica de Cancelamento e Reembolso<\/strong> <a href=\"https:\/\/studysafe.travel\/pt\/politica-de-reembolso-de-cancelamento\/\">Ver pol\u00edtica<\/a><\/li>\n\n\n\n<li><strong>Termos e Condi\u00e7\u00f5es de Seguros:<\/strong> <a href=\"https:\/\/studysafe.travel\/pt\/termos-comerciais-de-seguro\/\">Ver p\u00e1gina<\/a><\/li>\n<\/ul>\n\n\n\n<h3 class=\"wp-block-heading\">8) Privacidade e prote\u00e7\u00e3o de dados<\/h3>\n\n\n\n<p>Dados pessoais podem ser tratados pela StudySafe e, quando relevante, por seguradoras, subscritores, intermedi\u00e1rios, administradores, provedores de pagamento, gestores de sinistros, prestadores de assist\u00eancia de emerg\u00eancia, prestadores de telemedicina, reguladores ou outras partes autorizadas envolvidas na organiza\u00e7\u00e3o, suporte, administra\u00e7\u00e3o ou tratamento do produto ou rota relevante. Os dados s\u00e3o processados de acordo com as leis de prote\u00e7\u00e3o de dados aplic\u00e1veis, avisos de privacidade, documentos contratuais e requisitos operacionais.<\/p>\n\n\n\n<p><strong>Leia:<\/strong><\/p>\n\n\n\n<ul class=\"wp-block-list\">\n<li><strong>Pol\u00edtica de Privacidade<\/strong> <a href=\"https:\/\/studysafe.travel\/pt\/politica-de-privacidade\/\">Ver pol\u00edtica<\/a><\/li>\n\n\n\n<li><strong>Pol\u00edtica de Cookies:<\/strong> <a href=\"https:\/\/studysafe.travel\/pt\/politica-de-cookies\/\">Ver pol\u00edtica<\/a><\/li>\n\n\n\n<li><strong>Pol\u00edtica de AML e KYC:<\/strong> <a href=\"https:\/\/studysafe.travel\/pt\/politica-de-aml-e-kyc\/\">Ver pol\u00edtica<\/a><\/li>\n<\/ul>\n\n\n\n<h3 class=\"wp-block-heading\">9) Contato<\/h3>\n\n\n\n<p class=\"has-text-align-left\">Perguntas sobre divulga\u00e7\u00f5es regulat\u00f3rias: <strong><a href=\"mailto:support@studysafe.travel\">support@studysafe.travel<\/a><\/strong><\/p>\n<\/div>","protected":false},"excerpt":{"rendered":"<p>Regulatory Information &amp; Disclosures Last updated: March 2026 This page provides key regulatory disclosures and important notices relevant to insurance products, booking journeys, and related services made available through StudySafe. The exact regulatory framework, provider disclosures, and contractual documents that apply may vary depending on the insurer, intermediary, administrator, payment provider, product, destination, and jurisdiction&#8230;<\/p>","protected":false},"author":1,"featured_media":0,"parent":0,"menu_order":0,"comment_status":"closed","ping_status":"closed","template":"","meta":{"footnotes":""},"class_list":["post-296","page","type-page","status-publish","hentry"],"_links":{"self":[{"href":"https:\/\/studysafe.travel\/pt\/wp-json\/wp\/v2\/pages\/296","targetHints":{"allow":["GET"]}}],"collection":[{"href":"https:\/\/studysafe.travel\/pt\/wp-json\/wp\/v2\/pages"}],"about":[{"href":"https:\/\/studysafe.travel\/pt\/wp-json\/wp\/v2\/types\/page"}],"author":[{"embeddable":true,"href":"https:\/\/studysafe.travel\/pt\/wp-json\/wp\/v2\/users\/1"}],"replies":[{"embeddable":true,"href":"https:\/\/studysafe.travel\/pt\/wp-json\/wp\/v2\/comments?post=296"}],"version-history":[{"count":3,"href":"https:\/\/studysafe.travel\/pt\/wp-json\/wp\/v2\/pages\/296\/revisions"}],"predecessor-version":[{"id":1004,"href":"https:\/\/studysafe.travel\/pt\/wp-json\/wp\/v2\/pages\/296\/revisions\/1004"}],"wp:attachment":[{"href":"https:\/\/studysafe.travel\/pt\/wp-json\/wp\/v2\/media?parent=296"}],"curies":[{"name":"wp","href":"https:\/\/api.w.org\/{rel}","templated":true}]}}