{"id":581,"date":"2026-03-24T15:51:41","date_gmt":"2026-03-24T15:51:41","guid":{"rendered":"https:\/\/studysafe.travel\/?page_id=581"},"modified":"2026-04-27T10:43:17","modified_gmt":"2026-04-27T10:43:17","slug":"eu-estou-indo-para-a-irlanda","status":"publish","type":"page","link":"https:\/\/studysafe.travel\/pt\/im-going-to-ireland\/","title":{"rendered":"Eu vou para a Irlanda"},"content":{"rendered":"<link rel=\"stylesheet\" href=\"https:\/\/fonts.googleapis.com\/css2?family=Geist:wght@400;500;600;700;800\" \/>\n<div class=\"wp-block-group has-background is-layout-constrained wp-container-core-group-is-layout-eb65c542 wp-block-group-is-layout-constrained\" style=\"background:linear-gradient(135deg,rgb(243,248,255) 46%,rgb(255,243,243) 100%);margin-top:0;margin-bottom:0;padding-top:80px;padding-right:26px;padding-bottom:100px;padding-left:26px;font-size:16px;font-style:normal;font-weight:400;line-height:1.6; font-family: 'Geist' !important;\">\n\n\n<div style=\"height:25px\" aria-hidden=\"true\" class=\"wp-block-spacer\"><\/div>\n\n\n\n<div class=\"wp-block-columns alignwide is-layout-flex wp-container-core-columns-is-layout-f74a9aa3 wp-block-columns-is-layout-flex\" style=\"margin-top:0;margin-bottom:0;padding-top:0;padding-right:0;padding-bottom:0;padding-left:0\">\n<div class=\"wp-block-column is-vertically-aligned-top is-layout-flow wp-container-core-column-is-layout-a77db08e wp-block-column-is-layout-flow\">\n<figure class=\"wp-block-image size-full has-custom-border cozy-responsive-show__initialized\" data-desktop-show=\"1\" data-tablet-show=\"\" data-tablet-viewport-width=\"980\" data-mobile-show=\"\" data-mobile-viewport-width=\"767\" style=\"margin-top:0;margin-bottom:0\"><img loading=\"lazy\" decoding=\"async\" width=\"635\" height=\"631\" src=\"https:\/\/studysafe.travel\/wp-content\/uploads\/2026\/02\/safew-study-travel-happy-students-medical-insurance.png\" alt=\"\" class=\"wp-image-16\" style=\"border-style:none;border-width:0px;border-top-left-radius:0px;border-top-right-radius:0px;border-bottom-left-radius:0px;border-bottom-right-radius:0px\" srcset=\"https:\/\/studysafe.travel\/wp-content\/uploads\/2026\/02\/safew-study-travel-happy-students-medical-insurance.png 635w, https:\/\/studysafe.travel\/wp-content\/uploads\/2026\/02\/safew-study-travel-happy-students-medical-insurance-300x298.png 300w, https:\/\/studysafe.travel\/wp-content\/uploads\/2026\/02\/safew-study-travel-happy-students-medical-insurance-150x150.png 150w\" sizes=\"auto, (max-width: 635px) 100vw, 635px\" \/><\/figure>\n<\/div>\n\n\n<link rel=\"stylesheet\" href=\"https:\/\/fonts.googleapis.com\/css2?family=Geist:wght@400;500;600;700;800\" \/>\n<div class=\"wp-block-column is-content-justification-left is-layout-constrained wp-container-core-column-is-layout-e710f4ca wp-block-column-is-layout-constrained\" style=\"flex-basis:55%; font-family: 'Geist' !important;\">\n<div class=\"wp-block-group is-nowrap is-layout-flex wp-container-core-group-is-layout-ecba6b92 wp-block-group-is-layout-flex\" style=\"margin-top:0;margin-bottom:0\">\n<p class=\"has-text-align-center has-text-color has-background has-link-color wp-elements-3f423a03d8808b1a0fe1c824540b944d\" style=\"border-radius:100px;color:#FF8A1F;background-color:#FFE1C5;padding-top:6px;padding-right:16px;padding-bottom:6px;padding-left:16px;font-size:14px;font-style:normal;font-weight:500\">Eu vou para a Irlanda<\/p>\n<\/div>\n\n\n\n<h2 class=\"wp-block-heading has-text-color has-link-color wp-elements-65a399723d48f7b59659a394728c7264\" style=\"color:#031d1b;margin-top:6px;margin-bottom:16px;font-size:48px;font-style:normal;font-weight:600;line-height:1.2\">Seguro para Estudantes Internacionais e Viajantes Educacionais para a Irlanda<\/h2>\n\n\n\n<p class=\"has-text-color has-link-color wp-elements-b88e7da85ae82be159d9f9abb42e07d6\" style=\"color:#8d8d8e\">Escolha a op\u00e7\u00e3o que melhor se adequa ao seu caso e continue pela rota mais relevante para a Irlanda. A SafeStudy Ireland agora inclui diferentes caminhos de produtos para diferentes tipos de estudantes e viajantes educacionais.<\/p>\n\n\n\n<p class=\"has-text-color has-link-color wp-elements-d1af67bdd39bf5508f06df6ff57ddce9\" style=\"color:#8d8d8e\">Cada rota tem seu pr\u00f3prio escopo, elegibilidade, reda\u00e7\u00e3o e pr\u00f3ximos passos. Algumas rotas j\u00e1 est\u00e3o ativas, enquanto outras est\u00e3o sendo preparadas e podem exigir revis\u00e3o manual at\u00e9 que a implementa\u00e7\u00e3o seja conclu\u00edda.<\/p>\n<\/div>\n<\/div>\n<\/div>\n\n\n<link rel=\"stylesheet\" href=\"https:\/\/fonts.googleapis.com\/css2?family=Geist:wght@400;500;600;700;800\" \/>\n<div class=\"wp-block-group is-layout-constrained wp-container-core-group-is-layout-348b0b51 wp-block-group-is-layout-constrained\" style=\"margin-top:0;margin-bottom:0;padding-top:20px;padding-right:26px;padding-bottom:90px;padding-left:26px; font-family: 'Geist' !important;\">\n<h2 class=\"wp-block-heading has-text-align-center has-text-color has-link-color wp-elements-ac5bd71d6c0589d3df64ef9e443fc437\" style=\"color:#031d1b;margin-top:6px;margin-bottom:16px;font-size:48px;font-style:normal;font-weight:600;line-height:1.2\">Comece selecionando sua rota abaixo.<\/h2>\n\n\n\n<div class=\"cozy-block-wrapper\">\n\t\n<div class=\"cozy-block-featured-content-box display-grid layout-default\" id=\"cozyBlock_e1f849f8_8881_40c1_9b3e_deb50997f224\"><div class=\"cozy-grid-wrapper\">\n<div class=\"cozy-block-grid\">\n<div class=\"wp-block-group cozy-featured-content-box__container has-border-color has-background is-layout-constrained wp-container-core-group-is-layout-b000b24e wp-block-group-is-layout-constrained\" style=\"border-color:#e8eef5;border-width:1px;border-radius:24px;background-color:#ffffff;padding-top:28px;padding-right:24px;padding-bottom:28px;padding-left:24px\">\n<p class=\"has-text-align-center has-text-color has-background has-link-color wp-elements-85cdc5b2c1f15b706e335ad9cc60f769\" style=\"border-radius:100px;color:#FF8A1F;background-color:#FFE1C5;padding-top:6px;padding-right:14px;padding-bottom:6px;padding-left:14px;font-size:13px;font-style:normal;font-weight:500\"><strong>Estudantes de Escola de Idiomas<\/strong><\/p>\n\n\n\n<h4 class=\"wp-block-heading has-text-align-center has-text-color\" style=\"color:#031d1b;font-size:28px;font-weight:600;line-height:1.25\">Ano Acad\u00eamico \/ Rotas de Estudo e Trabalho<\/h4>\n\n\n\n<p class=\"has-text-align-center has-text-color\" style=\"color:#8d8d8e\">Esta \u00e9 a rota da Irlanda para estudantes internacionais que viajam para a Irlanda em um programa de Ano Acad\u00eamico \/ Estudo e Trabalho atrav\u00e9s de uma escola de idiomas.<\/p>\n\n\n\n<div class=\"wp-block-buttons is-content-justification-center is-layout-flex wp-container-core-buttons-is-layout-7c0654d5 wp-block-buttons-is-layout-flex\" style=\"margin-top:16px\">\n<div class=\"wp-block-button is-style-button-hover-white-bgcolor\"><a class=\"wp-block-button__link wp-element-button\" href=\"https:\/\/studysafe.travel\/pt\/eu-estou-indo-para-a-irlanda\/alunos-de-escola-de-idiomas\/\">Explore esta rota<\/a><\/div>\n<\/div>\n<\/div>\n<\/div>\n\n\n\n<div class=\"cozy-block-grid\">\n<div class=\"wp-block-group cozy-featured-content-box__container has-border-color has-background is-layout-constrained wp-container-core-group-is-layout-b000b24e wp-block-group-is-layout-constrained\" style=\"border-color:#e8eef5;border-width:1px;border-radius:24px;background-color:#ffffff;padding-top:28px;padding-right:24px;padding-bottom:28px;padding-left:24px\">\n<p class=\"has-text-align-center has-text-color has-background has-link-color wp-elements-981b6036995013ef998eb2184e3f4e8f\" style=\"border-radius:100px;color:#FF8A1F;background-color:#FFE1C5;padding-top:6px;padding-right:14px;padding-bottom:6px;padding-left:14px;font-size:13px;font-style:normal;font-weight:500\"><strong>Estudantes do Ensino Superior<\/strong><\/p>\n\n\n\n<h4 class=\"wp-block-heading has-text-align-center has-text-color\" style=\"color:#031d1b;font-size:28px;font-weight:600;line-height:1.25\">Universidade e faculdade rotas<\/h4>\n\n\n\n<p class=\"has-text-align-center has-text-color\" style=\"color:#8d8d8e\">Esta \u00e9 a rota da Irlanda para estudantes internacionais que viajam para a Irlanda para programas universit\u00e1rios, de faculdade ou de ensino superior.<\/p>\n\n\n\n<p class=\"has-text-align-center has-text-color\" style=\"color:#b0b0b1;font-size:14px;font-style:normal;font-weight:500\">Em breve<\/p>\n<\/div>\n<\/div>\n\n\n\n<div class=\"cozy-block-grid\">\n<div class=\"wp-block-group cozy-featured-content-box__container has-border-color has-background is-layout-constrained wp-container-core-group-is-layout-b000b24e wp-block-group-is-layout-constrained\" style=\"border-color:#e8eef5;border-width:1px;border-radius:24px;background-color:#ffffff;padding-top:28px;padding-right:24px;padding-bottom:28px;padding-left:24px\">\n<p class=\"has-text-align-center has-text-color has-background has-link-color wp-elements-069dda8c7f37b8a74a0b5410fc8a3170\" style=\"border-radius:100px;color:#FF8A1F;background-color:#FFE1C5;padding-top:6px;padding-right:14px;padding-bottom:6px;padding-left:14px;font-size:13px;font-style:normal;font-weight:500\"><strong>Estagi\u00e1rios<\/strong><\/p>\n\n\n\n<h4 class=\"wp-block-heading has-text-align-center has-text-color\" style=\"color:#031d1b;font-size:28px;font-weight:600;line-height:1.25\">Est\u00e1gio e programas de aprendiz<\/h4>\n\n\n\n<p class=\"has-text-align-center has-text-color\" style=\"color:#8d8d8e\">Esta \u00e9 a rota da Irlanda para viajantes educacionais que v\u00e3o para a Irlanda para uma experi\u00eancia de est\u00e1gio ou trainee ligada a uma jornada acad\u00eamica ou educacional.<\/p>\n\n\n\n<p class=\"has-text-align-center has-text-color\" style=\"color:#b0b0b1;font-size:14px;font-style:normal;font-weight:500\">Em breve<\/p>\n<\/div>\n<\/div>\n\n\n\n<div class=\"cozy-block-grid\">\n<div class=\"wp-block-group cozy-featured-content-box__container has-border-color has-background is-layout-constrained wp-container-core-group-is-layout-b000b24e wp-block-group-is-layout-constrained\" style=\"border-color:#e8eef5;border-width:1px;border-radius:24px;background-color:#ffffff;padding-top:28px;padding-right:24px;padding-bottom:28px;padding-left:24px\">\n<p class=\"has-text-align-center has-text-color has-background has-link-color wp-elements-f7e42e2641532cd64efebb3928dd5ce6\" style=\"border-radius:100px;color:#FF8A1F;background-color:#FFE1C5;padding-top:6px;padding-right:14px;padding-bottom:6px;padding-left:14px;font-size:13px;font-style:normal;font-weight:500\"><strong>L\u00edderes de Grupo<\/strong><\/p>\n\n\n\n<h4 class=\"wp-block-heading has-text-align-center has-text-color\" style=\"color:#031d1b;font-size:28px;font-weight:600;line-height:1.25\">Cobertura para l\u00edderes de grupo e acompanhantes<\/h4>\n\n\n\n<p class=\"has-text-align-center has-text-color\" style=\"color:#8d8d8e\">Esta \u00e9 a rota da Irlanda para l\u00edderes de grupo, acompanhantes ou respons\u00e1veis que viajam com estudantes internacionais como parte de uma viagem educacional organizada.<\/p>\n\n\n\n<p class=\"has-text-align-center has-text-color\" style=\"color:#b0b0b1;font-size:14px;font-style:normal;font-weight:500\">Em breve<\/p>\n<\/div>\n<\/div>\n\n\n\n<div class=\"cozy-block-grid\">\n<div class=\"wp-block-group cozy-featured-content-box__container has-border-color has-background is-layout-constrained wp-container-core-group-is-layout-b000b24e wp-block-group-is-layout-constrained\" style=\"border-color:#e8eef5;border-width:1px;border-radius:24px;background-color:#ffffff;padding-top:28px;padding-right:24px;padding-bottom:28px;padding-left:24px\">\n<p class=\"has-text-align-center has-text-color has-background has-link-color wp-elements-73d6f1e07a1d47ec2abbcdad3a839391\" style=\"border-radius:100px;color:#FF8A1F;background-color:#FFE1C5;padding-top:6px;padding-right:14px;padding-bottom:6px;padding-left:14px;font-size:13px;font-style:normal;font-weight:500\"><strong>Fam\u00edlia \/ Dependentes<\/strong><\/p>\n\n\n\n<h4 class=\"wp-block-heading has-text-align-center has-text-color\" style=\"color:#031d1b;font-size:28px;font-weight:600;line-height:1.25\">Rotas para acompanhamento de familiares e dependentes<\/h4>\n\n\n\n<p class=\"has-text-align-center has-text-color\" style=\"color:#8d8d8e\">Esta \u00e9 a rota da Irlanda para familiares imediatos ou dependentes que acompanham um estudante internacional viajando para a Irlanda sob uma jornada educacional v\u00e1lida.<\/p>\n\n\n\n<p class=\"has-text-align-center has-text-color\" style=\"color:#b0b0b1;font-size:14px;font-style:normal;font-weight:500\">Em breve<\/p>\n<\/div>\n<\/div>\n\n\n\n<div class=\"cozy-block-grid\">\n<div class=\"wp-block-group cozy-featured-content-box__container has-border-color has-background is-layout-constrained wp-container-core-group-is-layout-b000b24e wp-block-group-is-layout-constrained\" style=\"border-color:#e8eef5;border-width:1px;border-radius:24px;background-color:#ffffff;padding-top:28px;padding-right:24px;padding-bottom:28px;padding-left:24px\">\n<p class=\"has-text-align-center has-text-color has-background has-link-color wp-elements-c9c1d5b3c205c89468bd25b8c397f93a\" style=\"border-radius:100px;color:#FF8A1F;background-color:#FFE1C5;padding-top:6px;padding-right:14px;padding-bottom:6px;padding-left:14px;font-size:13px;font-style:normal;font-weight:500\"><strong>Precisa de ajuda para escolher?<\/strong><\/p>\n\n\n\n<h4 class=\"wp-block-heading has-text-align-center has-text-color\" style=\"color:#031d1b;font-size:28px;font-weight:600;line-height:1.25\">N\u00e3o tem certeza de qual rota se encaixa no seu caso?<\/h4>\n\n\n\n<p class=\"has-text-align-center has-text-color\" style=\"color:#8d8d8e\">Esta \u00e9 a rota de suporte da Irlanda para viajantes cujo caso n\u00e3o se enquadra claramente em um dos caminhos de produto acima, ou que precisam de orienta\u00e7\u00e3o antes de continuar.<\/p>\n\n\n\n<div class=\"wp-block-buttons is-content-justification-center is-layout-flex wp-container-core-buttons-is-layout-7c0654d5 wp-block-buttons-is-layout-flex\" style=\"margin-top:16px\">\n<div class=\"wp-block-button is-style-button-hover-white-bgcolor\"><a class=\"wp-block-button__link wp-element-button\" href=\"https:\/\/studysafe.travel\/pt\/contactar-suporte-citacoes\/\">Fale conosco<\/a><\/div>\n<\/div>\n<\/div>\n<\/div>\n<\/div><\/div>\n<\/div><\/div>\n\n\n\n<p><\/p>","protected":false},"excerpt":{"rendered":"<p>I&#8217;m Going to Ireland Insurance for International Students and Educational Travellers Going to Ireland Choose the option that best matches your case and continue to the most relevant Ireland route. SafeStudy Ireland now includes different product paths for different types of students and educational travellers. Each route has its own scope, eligibility, wording and next&#8230;<\/p>","protected":false},"author":1,"featured_media":0,"parent":0,"menu_order":0,"comment_status":"closed","ping_status":"closed","template":"","meta":{"footnotes":""},"class_list":["post-581","page","type-page","status-publish","hentry"],"_links":{"self":[{"href":"https:\/\/studysafe.travel\/pt\/wp-json\/wp\/v2\/pages\/581","targetHints":{"allow":["GET"]}}],"collection":[{"href":"https:\/\/studysafe.travel\/pt\/wp-json\/wp\/v2\/pages"}],"about":[{"href":"https:\/\/studysafe.travel\/pt\/wp-json\/wp\/v2\/types\/page"}],"author":[{"embeddable":true,"href":"https:\/\/studysafe.travel\/pt\/wp-json\/wp\/v2\/users\/1"}],"replies":[{"embeddable":true,"href":"https:\/\/studysafe.travel\/pt\/wp-json\/wp\/v2\/comments?post=581"}],"version-history":[{"count":72,"href":"https:\/\/studysafe.travel\/pt\/wp-json\/wp\/v2\/pages\/581\/revisions"}],"predecessor-version":[{"id":2024,"href":"https:\/\/studysafe.travel\/pt\/wp-json\/wp\/v2\/pages\/581\/revisions\/2024"}],"wp:attachment":[{"href":"https:\/\/studysafe.travel\/pt\/wp-json\/wp\/v2\/media?parent=581"}],"curies":[{"name":"wp","href":"https:\/\/api.w.org\/{rel}","templated":true}]}}